{"id":3423,"date":"2015-09-29T17:32:50","date_gmt":"2015-09-29T15:32:50","guid":{"rendered":"https:\/\/spielleute.de\/tablatures-de-nyckelharpa\/"},"modified":"2024-06-11T17:02:47","modified_gmt":"2024-06-11T15:02:47","slug":"tablatures-de-nyckelharpa","status":"publish","type":"product","link":"https:\/\/spielleute.de\/fr\/tablatures-de-nyckelharpa\/","title":{"rendered":"Tablatures de nyckelharpa"},"content":{"rendered":"<p>\u00ab\u00a0Nyckelharpa Tabulatures\u00a0\u00bb contient des tablatures, une forme de notation musicale qui indique les doigt\u00e9s sur l&rsquo;instrument au lieu de la hauteur des notes. Elles trouvent leurs racines d\u00e8s le 14e si\u00e8cle. Con\u00e7us \u00e0 l&rsquo;origine pour capturer la polyphonie dans la musique, ils ont \u00e9t\u00e9 particuli\u00e8rement utilis\u00e9s \u00e0 la Renaissance et \u00e0 l&rsquo;\u00e9poque baroque. Les tablatures ont constitu\u00e9 une base importante de la formation et de la pratique musicales, non seulement pour les instruments \u00e0 cordes tels que le luth et la guitare, mais aussi pour les instruments \u00e0 clavier et \u00e0 cordes. Aujourd&rsquo;hui, ils connaissent une renaissance dans des genres comme le rock, la pop et le folk, car ils simplifient consid\u00e9rablement l&rsquo;apprentissage des accords de base.<\/p>\n<h3>Le nyckelharpa et le baryton : une symbiose musicale<\/h3>\n<p>Le baryton, instrument \u00e0 cordes m\u00e9lodiques et r\u00e9sonantes, permet d&rsquo;accompagner les m\u00e9lodies avec des arp\u00e8ges et des accords, offrant ainsi un compl\u00e9ment parfait au nyckelharpa. La polyvalence de la nyckelharpa, des contrepoints \u00e0 l&rsquo;accompagnement m\u00e9lodique polyphonique, ouvre un large \u00e9ventail de possibilit\u00e9s d&rsquo;expression musicale.<\/p>\n<h3>La vision de Marco Suppo : la tradition rencontre l&rsquo;innovation<\/h3>\n<p>L&rsquo;initiative de Marco Suppo de cr\u00e9er une tablature sp\u00e9ciale pour la nyckelharpa combine de mani\u00e8re unique la pratique musicale traditionnelle avec des approches innovantes. Cette combinaison promet d&rsquo;ouvrir de nouvelles perspectives et techniques de jeu aux joueurs exp\u00e9riment\u00e9s comme aux novices.<\/p>\n<h3>Le pont vers la musique : le clavier de la nyckelharpa<\/h3>\n<p>Le clavier caract\u00e9ristique de la nyckelharpa vous permet de jouer des accords et de cr\u00e9er ainsi de la musique polyphonique &#8211; une capacit\u00e9 qui rend cet instrument si particulier. Les \u00ab\u00a0Nyckelharpa Tabulatures\u00a0\u00bb de Marco Suppo vous offrent un moyen direct d&rsquo;exploiter pleinement ce potentiel et de donner une nouvelle dimension \u00e0 votre jeu.<\/p>\n<h3>\u00c9largissez votre r\u00e9pertoire<\/h3>\n<p>Avec des tablatures pour les accords les plus courants &#8211; du majeur au mineur, en passant par les accords \u00e9tendus et diminu\u00e9s &#8211; le livre \u00ab\u00a0Nyckelharpa Tabulatures\u00a0\u00bb vous ouvre les portes de nouvelles formes d&rsquo;expression musicale. Que ce soit en solo ou en ensemble, ces doigt\u00e9s et exercices vous permettront d&rsquo;ajouter de nouvelles couleurs et ambiances \u00e0 n&rsquo;importe quel style de musique.<\/p>\n<h3>Un must-have pour tous les joueurs<\/h3>\n<p>Sur 200 pages en couleur, vous trouverez dans \u00ab\u00a0Nyckelharpa Tabulatures\u00a0\u00bb non seulement une collection compl\u00e8te de tablatures, mais aussi des exercices et des fingerings pour affiner votre technique et approfondir votre compr\u00e9hension de l&rsquo;instrument. Une introduction r\u00e9dig\u00e9e par Marco Ambrosini pose le cadre de cet ouvrage p\u00e9dagogique r\u00e9volutionnaire.<\/p>\n<h3>Votre chemin vers la ma\u00eetrise<\/h3>\n<p>Avec \u00ab\u00a0Nyckelharpa Tabulatures\u00a0\u00bb entre vos mains, vous avez une cl\u00e9 pour ma\u00eetriser les sons complexes de la nyckelharpa. Son orientation sp\u00e9cifique vers la nyckelharpa chromatique \u00e0 4 rangs avec accordage continental\/europ\u00e9en en fait un outil incomparable dans l&rsquo;\u00e9ducation musicale.<\/p>\n<p>Saisissez l&rsquo;occasion d&rsquo;ajouter non seulement de nouvelles techniques \u00e0 votre jeu, mais aussi d&rsquo;\u00e9largir votre imagination musicale. Chaque genre musical gagne en profondeur et en expressivit\u00e9 gr\u00e2ce aux comp\u00e9tences que vous allez d\u00e9velopper avec \u00ab\u00a0Nyckelharpa Tabulatures\u00a0\u00bb.<\/p>\n<h3>Un coup d&rsquo;\u0153il sur le contenu<\/h3>\n<ul>\n<li>Introduction : Pourquoi des tablatures ?<\/li>\n<li>R\u00e9trospective historique : L&rsquo;\u00e9volution de la vi\u00e8le \u00e0 coulisse<\/li>\n<li>Les tablatures : contexte historique<\/li>\n<li>Description du mat\u00e9riel : L\u00e9gende<\/li>\n<li>Fiches d&rsquo;exercices et de doigt\u00e9s : accords majeurs, mineurs, \u00e9tendus et diminu\u00e9s, ainsi que les accords de dominante et suspendus<\/li>\n<\/ul>\n<p>Avec \u00ab\u00a0Nyckelharpa Tabulatures\u00a0\u00bb de Marco Suppo, explorez les possibilit\u00e9s musicales qui sommeillent dans votre nyckelharpa et donnez \u00e0 votre musique des couleurs et des ambiances nouvelles et insoup\u00e7onn\u00e9es.<\/p>\n<h3>Accords sur la tablature<\/h3>\n<ul>\n<li>\u00ab\u00a0&#8230;une approche r\u00e9volutionnaire de notre instrument, un compendium indispensable pour tout joueur de nyckelharpe\u00a0\u00bb ! &#8211; Marco Ambrosini<\/li>\n<li>\u00ab\u00a0&#8230;analyse tr\u00e8s compl\u00e8te des accords sur la nyckelharpa ! Absolument int\u00e9ressant pour jouer en polyphonie !\u00a0\u00bb &#8211; Didider Fran\u00e7ois<\/li>\n<\/ul>\n","protected":false},"excerpt":{"rendered":"<p>Tablatures pour nyckelharpa chromatique \u00e0 4 rangs par Marco Suppo<\/p>\n","protected":false},"featured_media":4521,"comment_status":"closed","ping_status":"closed","template":"","meta":[],"product_brand":[],"product_cat":[461],"product_tag":[502,497,1059],"class_list":{"0":"post-3423","1":"product","2":"type-product","3":"status-publish","4":"has-post-thumbnail","6":"product_cat-notes-de-musique","7":"product_tag-apprendre-a-jouer-du-nyckelharpa","8":"product_tag-musique-baroque","9":"product_tag-musique-traditionnelle","11":"first","12":"outofstock","13":"taxable","14":"shipping-taxable","15":"purchasable","16":"product-type-simple"},"_links":{"self":[{"href":"https:\/\/spielleute.de\/fr\/wp-json\/wp\/v2\/product\/3423","targetHints":{"allow":["GET"]}}],"collection":[{"href":"https:\/\/spielleute.de\/fr\/wp-json\/wp\/v2\/product"}],"about":[{"href":"https:\/\/spielleute.de\/fr\/wp-json\/wp\/v2\/types\/product"}],"replies":[{"embeddable":true,"href":"https:\/\/spielleute.de\/fr\/wp-json\/wp\/v2\/comments?post=3423"}],"wp:featuredmedia":[{"embeddable":true,"href":"https:\/\/spielleute.de\/fr\/wp-json\/wp\/v2\/media\/4521"}],"wp:attachment":[{"href":"https:\/\/spielleute.de\/fr\/wp-json\/wp\/v2\/media?parent=3423"}],"wp:term":[{"taxonomy":"product_brand","embeddable":true,"href":"https:\/\/spielleute.de\/fr\/wp-json\/wp\/v2\/product_brand?post=3423"},{"taxonomy":"product_cat","embeddable":true,"href":"https:\/\/spielleute.de\/fr\/wp-json\/wp\/v2\/product_cat?post=3423"},{"taxonomy":"product_tag","embeddable":true,"href":"https:\/\/spielleute.de\/fr\/wp-json\/wp\/v2\/product_tag?post=3423"}],"curies":[{"name":"wp","href":"https:\/\/api.w.org\/{rel}","templated":true}]}}