{"id":3421,"date":"2014-11-01T17:31:12","date_gmt":"2014-11-01T16:31:12","guid":{"rendered":"https:\/\/spielleute.de\/les-quatre-saisons-lautunno-lautomne-tome-3\/"},"modified":"2025-04-30T16:25:22","modified_gmt":"2025-04-30T14:25:22","slug":"les-quatre-saisons-lautunno-lautomne-tome-3","status":"publish","type":"product","link":"https:\/\/spielleute.de\/fr\/les-quatre-saisons-lautunno-lautomne-tome-3\/","title":{"rendered":"Les quatre saisons &#8211; L&rsquo;Autunno \/ L&rsquo;Automne &#8211; Tome 3"},"content":{"rendered":"<p>L&rsquo;Autunno, l&rsquo;automne, est le troisi\u00e8me concerto du c\u00e9l\u00e8bre cycle d&rsquo;Antonio Vivaldi \u00ab\u00a0Les quatre saisons\u00a0\u00bb. Cette collection est consid\u00e9r\u00e9e comme l&rsquo;une des \u0153uvres les plus importantes de la musique baroque et n&rsquo;a rien perdu de sa fascination. Dans notre publication \u00ab\u00a0Die vier Jahreszeiten &#8211; L&rsquo;Autunno \/ Der Herbst &#8211; Band 3\u00a0\u00bb pour le cours de danse et d&rsquo;instrument de Brensbach 2014, nous vous pr\u00e9sentons une adaptation fra\u00eeche et vivante de ce chef-d&rsquo;\u0153uvre par Eva-Maria Rusche et Marco Ambrosini.  <\/p>\n<h3>Le lien avec la nature<\/h3>\n<p>D\u00e8s la composition du Concert de printemps, le premier des Quatre saisons, Vivaldi a int\u00e9gr\u00e9 le son des cornemuses dans sa musique. La repr\u00e9sentation de sc\u00e8nes rurales et d&rsquo;une nature intacte, qui jouait un r\u00f4le important \u00e0 l&rsquo;\u00e9poque du XVIIIe si\u00e8cle, alors que la civilisation se d\u00e9veloppait, se retrouve dans les quatre concerts. Ces \u0153uvres ne refl\u00e8tent pas seulement la beaut\u00e9 de la nature, mais aussi l&rsquo;\u00e2me humaine et ses multiples \u00e9tats. Vivaldi, qui fut un pr\u00e9curseur de la musique programmatique en Italie, utilisait la musique comme moyen de raconter des histoires et de transmettre des \u00e9motions.   <\/p>\n<h3>Une source d&rsquo;inspiration : Marco Ricci<\/h3>\n<p>L&rsquo;id\u00e9e des Saisons pourrait avoir \u00e9t\u00e9 inspir\u00e9e \u00e0 Vivaldi, entre autres, par sa rencontre avec le peintre v\u00e9nitien Marco Ricci, connu pour ses paysages et ses d\u00e9cors de th\u00e9\u00e2tre. Ce lien artistique entre la musique et la peinture montre \u00e0 quel point la nature et sa repr\u00e9sentation \u00e9taient profond\u00e9ment enracin\u00e9es dans la culture baroque. <\/p>\n<h3>Le d\u00e9fi de l&rsquo;\u00e9dition<\/h3>\n<p>L&rsquo;adaptation de \u00ab\u00a0Die vier Jahreszeiten &#8211; L&rsquo;Autunno \/ Der Herbst &#8211; Band 3\u00a0\u00bb pour cornemuses (H\u00fcmmelchen ou Dudey en do\/f), alto et basse continue a constitu\u00e9 un d\u00e9fi particulier. En raison de la tessiture limit\u00e9e des sacqueboutes, certains passages ont d\u00fb \u00eatre adapt\u00e9s ou supprim\u00e9s pour des raisons de technique de jeu et d&rsquo;harmonie. Malgr\u00e9 ces adaptations, les arrangeurs ont r\u00e9ussi \u00e0 conserver la structure caract\u00e9ristique et le contenu \u00e9motionnel de l&rsquo;\u0153uvre.  <\/p>\n<h3>Polyvalence de l&rsquo;instrumentation<\/h3>\n<p>La partie d&rsquo;alto peut \u00eatre compl\u00e9t\u00e9e de mani\u00e8re flexible par une viole de gambe, un alto ou une vi\u00e8le \u00e0 quatre rangs de cl\u00e9s (nyckelharpa). Pour la partie de continuo, l&rsquo;id\u00e9al est d&rsquo;utiliser un clavecin ou un autre instrument ad\u00e9quat, ce qui donne encore plus de profondeur sonore \u00e0 l&rsquo;ensemble. <\/p>\n<h3>Diversit\u00e9 du contenu et conseils pratiques<\/h3>\n<p>Outre une explication introductive, le livret contient tout ce dont vous avez besoin pour une ex\u00e9cution : la partition, les parties individuelles pour chaque instrument et de pr\u00e9cieuses informations sur les sacqueboutes utilis\u00e9es. Vous \u00eates ainsi parfaitement \u00e9quip\u00e9 pour donner vie \u00e0 cet arrangement unique de \u00ab\u00a0L&rsquo;Autunno\u00a0\u00bb. <\/p>\n<h3>\u00c0 propos de Dudey &amp; H\u00fcmmelchen<\/h3>\n<p>Cette publication offre non seulement une nouvelle interpr\u00e9tation musicale, mais aussi l&rsquo;occasion d&rsquo;en apprendre davantage sur le monde fascinant des cornemuses, en particulier le H\u00fcmmelchen et le Dudey. Ces instruments traditionnels apportent un charme particulier \u00e0 la musique et donnent \u00e0 l&rsquo;Automne de Vivaldi une touche tr\u00e8s sp\u00e9ciale.<\/p>\n<p>Avec cette \u00e9dition de \u00ab\u00a0Die vier Jahreszeiten &#8211; L&rsquo;Autunno \/ Der Herbst &#8211; Band 3\u00a0\u00bb, nous vous invitons \u00e0 d\u00e9couvrir le chef-d&rsquo;\u0153uvre de Vivaldi sous une nouvelle perspective. L&rsquo;adaptation cr\u00e9ative pour cornemuses et l&rsquo;ajout d&rsquo;une partie d&rsquo;alto et de basse continue ouvrent de nouvelles dimensions sonores et font de cet arrangement un must pour tout amateur de musique baroque et d&rsquo;instruments \u00e0 vent traditionnels.<\/p>\n","protected":false},"excerpt":{"rendered":"<p>Arrangement pour 4 dudey ou H\u00fcmmelchen, alto &amp; basse continue<\/p>\n","protected":false},"featured_media":4665,"comment_status":"closed","ping_status":"closed","template":"","meta":[],"product_brand":[],"product_cat":[461],"product_tag":[468,497,496],"class_list":{"0":"post-3421","1":"product","2":"type-product","3":"status-publish","4":"has-post-thumbnail","6":"product_cat-notes-de-musique","7":"product_tag-musique-ancienne","8":"product_tag-musique-baroque","9":"product_tag-partitions-pour-hummelchen-et-dudey","10":"pa_b035_a01_b037-eva-maria-rusche-fr","11":"pa_b035_a01_b037-marco-ambrosini-fr","13":"first","14":"instock","15":"taxable","16":"shipping-taxable","17":"purchasable","18":"product-type-simple"},"_links":{"self":[{"href":"https:\/\/spielleute.de\/fr\/wp-json\/wp\/v2\/product\/3421","targetHints":{"allow":["GET"]}}],"collection":[{"href":"https:\/\/spielleute.de\/fr\/wp-json\/wp\/v2\/product"}],"about":[{"href":"https:\/\/spielleute.de\/fr\/wp-json\/wp\/v2\/types\/product"}],"replies":[{"embeddable":true,"href":"https:\/\/spielleute.de\/fr\/wp-json\/wp\/v2\/comments?post=3421"}],"wp:featuredmedia":[{"embeddable":true,"href":"https:\/\/spielleute.de\/fr\/wp-json\/wp\/v2\/media\/4665"}],"wp:attachment":[{"href":"https:\/\/spielleute.de\/fr\/wp-json\/wp\/v2\/media?parent=3421"}],"wp:term":[{"taxonomy":"product_brand","embeddable":true,"href":"https:\/\/spielleute.de\/fr\/wp-json\/wp\/v2\/product_brand?post=3421"},{"taxonomy":"product_cat","embeddable":true,"href":"https:\/\/spielleute.de\/fr\/wp-json\/wp\/v2\/product_cat?post=3421"},{"taxonomy":"product_tag","embeddable":true,"href":"https:\/\/spielleute.de\/fr\/wp-json\/wp\/v2\/product_tag?post=3421"}],"curies":[{"name":"wp","href":"https:\/\/api.w.org\/{rel}","templated":true}]}}