{"id":3416,"date":"2021-07-05T17:31:12","date_gmt":"2021-07-05T15:31:12","guid":{"rendered":"https:\/\/spielleute.de\/moustaches-tome-3\/"},"modified":"2025-04-30T16:25:14","modified_gmt":"2025-04-30T14:25:14","slug":"moustaches-tome-3","status":"publish","type":"product","link":"https:\/\/spielleute.de\/fr\/moustaches-tome-3\/","title":{"rendered":"Moustaches &#8211; Tome 3"},"content":{"rendered":"<p>L&rsquo;histoire de la cr\u00e9ation des Schnurrpfeiffereyen a commenc\u00e9 \u00e0 Eveshausen, un petit village du Hunsr\u00fcck, o\u00f9 se r\u00e9unissaient au d\u00e9but des ann\u00e9es 80 principalement des joueurs de cornemuse et de vielle \u00e0 roue d&rsquo;Allemagne et des pays voisins. Ces r\u00e9unions r\u00e9guli\u00e8res ont permis d&rsquo;\u00e9changer des exp\u00e9riences sur la fabrication d&rsquo;instruments, d&rsquo;apprendre des chants et des danses les uns des autres et de jouer de la musique et de danser dans une ambiance conviviale. <\/p>\n<h3>Une bo\u00eete \u00e0 tr\u00e9sors musicale<\/h3>\n<p>Comme il n&rsquo;\u00e9tait pas facile \u00e0 l&rsquo;\u00e9poque pour les amateurs de musique populaire traditionnelle et de musique ancienne de se procurer des partitions, Martina Sirtl s&rsquo;est charg\u00e9e d&rsquo;enregistrer le r\u00e9pertoire international \u00e9cout\u00e9 et jou\u00e9 et a con\u00e7u ces recueils magnifiquement illustr\u00e9s sur le plan graphique et sans doute uniques sur le plan musical.<\/p>\n<h3>\u00ab\u00a0Moustaches &#8211; Tome 3 : Un nouveau jalon<\/h3>\n<p>Le volume 3 contient 56 m\u00e9lodies et 17 chansons : dans ce dernier volume de la collection, des chansons et des danses historiques et plus r\u00e9centes sont pr\u00e9sent\u00e9es avec la m\u00eame pr\u00e9sentation et le m\u00eame d\u00e9cor soign\u00e9s, ce qui \u00e9largit le r\u00e9pertoire.<\/p>\n<h3>Extrait du contenu<\/h3>\n<ul>\n<li>Chapitre 1 : 14 m\u00e9lodies tir\u00e9es de recueils de chansons n\u00e9erlandais du 16e si\u00e8cle, y compris des \u0153uvres de Clemens non papa, imprim\u00e9es par Tylman Susato.<\/li>\n<li>Chapitre 2 : 22 morceaux du harpiste irlandais Turlough O&rsquo;Carolan, avec un accent sur des m\u00e9lodies moins connues.<\/li>\n<li>Chapitre 3 : 20 danses de Morrist du centre de l&rsquo;Angleterre.<\/li>\n<li>Chapitre 4 : 11 chansons, certaines \u00e0 plusieurs voix, de compositeurs de chansons de la Renaissance.<\/li>\n<li>Chapitre 5 : Le \u00ab\u00a0Confect de la Table d&rsquo;Augsbourg\u00a0\u00bb avec 6 chansons du moine b\u00e9n\u00e9dictin Valentin Rathgeber.<\/li>\n<\/ul>\n<h3>Sifflets \u00e0 cordes pour instruments \u00e0 bourdon et au-del\u00e0<\/h3>\n<p>Les chansons et les danses, principalement \u00e9crites \u00e0 une voix et faciles \u00e0 jouer, conviennent particuli\u00e8rement aux instruments \u00e0 bourdon tels que la cornemuse et la vielle \u00e0 roue dans les tonalit\u00e9s principales &lsquo;C&rsquo;, &lsquo;G&rsquo; et &lsquo;F&rsquo;.<\/p>\n<h3>La signification de \u00ab\u00a0Schnurrpfeiffereyen &#8211; Volume 3<\/h3>\n<p>Cette collection, \u00e9dit\u00e9e par les musiciens d&rsquo;Eveshausen, offre un m\u00e9lange fascinant de compositions historiques et plus r\u00e9centes. Les morceaux soigneusement s\u00e9lectionn\u00e9s et les illustrations artistiques font de chaque volume une \u0153uvre d&rsquo;art unique et une contribution importante \u00e0 la pr\u00e9servation de la tradition musicale.<\/p>\n<p>\u00ab\u00a0Schnurrpfeiffereyen &#8211; Band 3\u00a0\u00bb n&rsquo;est pas seulement un livre de partitions, mais une invitation \u00e0 plonger dans le monde vari\u00e9 de la musique traditionnelle. Avec une riche s\u00e9lection de chants et de danses et un profond enracinement dans la communaut\u00e9 des musiciens, cette collection offre une exp\u00e9rience musicale incomparable. D\u00e9couvrez et vivez la tradition musicale qui a d\u00e9but\u00e9 \u00e0 Eveshausen et qui prend aujourd&rsquo;hui une nouvelle dimension dans ce troisi\u00e8me volume.<\/p>\n","protected":false},"excerpt":{"rendered":"<p>73 Chansons et danses du 16e au 20e si\u00e8cle<\/p>\n","protected":false},"featured_media":4340,"comment_status":"closed","ping_status":"closed","template":"","meta":[],"product_brand":[],"product_cat":[461],"product_tag":[468,467,469,495,496,494],"class_list":{"0":"post-3416","1":"product","2":"type-product","3":"status-publish","4":"has-post-thumbnail","6":"product_cat-notes-de-musique","7":"product_tag-musique-ancienne","8":"product_tag-musique-de-bord","9":"product_tag-partitions-pour-accordeon-diatonique","10":"product_tag-partitions-pour-cornemuse","11":"product_tag-partitions-pour-hummelchen-et-dudey","12":"product_tag-partitions-pour-vielle-a-roue","13":"pa_b035_a01_b037-martina-sirtl-fr","15":"first","16":"instock","17":"taxable","18":"shipping-taxable","19":"purchasable","20":"product-type-simple"},"_links":{"self":[{"href":"https:\/\/spielleute.de\/fr\/wp-json\/wp\/v2\/product\/3416","targetHints":{"allow":["GET"]}}],"collection":[{"href":"https:\/\/spielleute.de\/fr\/wp-json\/wp\/v2\/product"}],"about":[{"href":"https:\/\/spielleute.de\/fr\/wp-json\/wp\/v2\/types\/product"}],"replies":[{"embeddable":true,"href":"https:\/\/spielleute.de\/fr\/wp-json\/wp\/v2\/comments?post=3416"}],"wp:featuredmedia":[{"embeddable":true,"href":"https:\/\/spielleute.de\/fr\/wp-json\/wp\/v2\/media\/4340"}],"wp:attachment":[{"href":"https:\/\/spielleute.de\/fr\/wp-json\/wp\/v2\/media?parent=3416"}],"wp:term":[{"taxonomy":"product_brand","embeddable":true,"href":"https:\/\/spielleute.de\/fr\/wp-json\/wp\/v2\/product_brand?post=3416"},{"taxonomy":"product_cat","embeddable":true,"href":"https:\/\/spielleute.de\/fr\/wp-json\/wp\/v2\/product_cat?post=3416"},{"taxonomy":"product_tag","embeddable":true,"href":"https:\/\/spielleute.de\/fr\/wp-json\/wp\/v2\/product_tag?post=3416"}],"curies":[{"name":"wp","href":"https:\/\/api.w.org\/{rel}","templated":true}]}}