{"id":3412,"date":"2021-05-31T17:31:51","date_gmt":"2021-05-31T15:31:51","guid":{"rendered":"https:\/\/spielleute.de\/etudes-de-nyckelharpa\/"},"modified":"2025-04-30T16:24:17","modified_gmt":"2025-04-30T14:24:17","slug":"etudes-de-nyckelharpa","status":"publish","type":"product","link":"https:\/\/spielleute.de\/fr\/etudes-de-nyckelharpa\/","title":{"rendered":"\u00c9tudes de nyckelharpa"},"content":{"rendered":"<p>\u00ab\u00a0Nyckelharpa Et\u00fcden\u00a0\u00bb est une collection d&rsquo;exercices compil\u00e9s par le virtuose de renomm\u00e9e internationale Marco Ambrosini pour offrir aux joueurs de cet instrument unique un moyen d&rsquo;am\u00e9liorer leur technique de jeu. Ce livre est une contribution fondamentale au d\u00e9veloppement de la nyckelharpa, un instrument \u00e0 cordes dont la hauteur de son est modifi\u00e9e par un clavier et dont l&rsquo;existence est attest\u00e9e dans l&rsquo;histoire de la musique depuis environ 1350. <\/p>\n<h3>La vi\u00e8le \u00e0 clef<\/h3>\n<p>La nyckelharpa est un instrument \u00e0 cordes dont les cordes sont frott\u00e9es avec un archet. La hauteur du son est modifi\u00e9e \u00e0 l&rsquo;aide du clavier, les \u00ab\u00a0cl\u00e9s\u00a0\u00bb. Les cordes de r\u00e9sonance contribuent \u00e0 la sonorit\u00e9 particuli\u00e8re. Selon sa conception, l&rsquo;instrument peut avoir une ou plusieurs rang\u00e9es de touches.   <\/p>\n<h3>Un voyage \u00e0 travers l&rsquo;histoire<\/h3>\n<p>La nyckelharpa est attest\u00e9e depuis 1350 environ, et elle a \u00e9t\u00e9 utilis\u00e9e jusqu&rsquo;au 17\u00e8me si\u00e8cle. jou\u00e9 dans diff\u00e9rents pays europ\u00e9ens. Elle est \u00e9galement d\u00e9crite comme une vi\u00e8le \u00e0 clefs par Praetorius et Agricola. A partir du 17\u00e8me si\u00e8cle elle \u00e9tait exclusivement utilis\u00e9e dans le folklore su\u00e9dois.    <\/p>\n<h3>Les \u00ab\u00a0\u00e9tudes de nyckelharpa\u00a0\u00bb au c\u0153ur de l&rsquo;\u00e9ducation musicale<\/h3>\n<p>Pour ceux qui apprennent \u00e0 jouer d&rsquo;un instrument de musique classique, les \u00e9tudes sont un moyen appropri\u00e9 d&rsquo;am\u00e9liorer la technique, la fluidit\u00e9 et la vitesse de jeu. Pour ma\u00eetriser le potentiel musical de la nyckelharpa, les musiciens ont d\u00e9sormais \u00e0 leur disposition un recueil d&rsquo;exercices r\u00e9alis\u00e9s par le virtuose de renomm\u00e9e internationale Marco Ambrosini.<\/p>\n<p>Les \u00ab\u00a0Nyckelharpa Et\u00fcden\u00a0\u00bb sont not\u00e9es \u00e0 la fois pour les instruments \u00e0 3 et 4 rangs accord\u00e9s \u00ab\u00a0\u00e0 la su\u00e9doise\u00a0\u00bb (sixte quarte quinte) et pour les nyckelharpas accord\u00e9s \u00ab\u00a0\u00e0 la continentale\u00a0\u00bb (quinte quinte quinte), qui est surtout pr\u00e9f\u00e9r\u00e9e pour les instruments fabriqu\u00e9s en Europe centrale.<\/p>\n<h3>Exercices sur mesure pour la nyckelharpa<\/h3>\n<p>Avec le livre \u00ab\u00a0Nyckelharpa Et\u00fcden\u00a0\u00bb, l&rsquo;auteur a mis \u00e0 la disposition de la sc\u00e8ne croissante des joueurs de nyckelharpa un mat\u00e9riel de travail approfondi. Gr\u00e2ce \u00e0 son travail dans le cadre du projet CADENCE et \u00e0 cet ouvrage p\u00e9dagogique, il a contribu\u00e9 de mani\u00e8re fondamentale \u00e0 ce que la nyckelharpa re\u00e7oive l&rsquo;attention et la diffusion qu&rsquo;elle m\u00e9rite. Il n&rsquo;y aura probablement jamais de livre d&rsquo;\u00e9tudes comparable pour les autres instruments traditionnels.<\/p>\n<p>Tous les textes et explications de ce livre sont en italien, en allemand et en anglais !<\/p>\n","protected":false},"excerpt":{"rendered":"<p>Recueil d&rsquo;\u00e9tudes pour un usage quotidien par Marco Ambrosini<\/p>\n","protected":false},"featured_media":4358,"comment_status":"closed","ping_status":"closed","template":"","meta":[],"product_brand":[],"product_cat":[478],"product_tag":[502,497,1059],"class_list":{"0":"post-3412","1":"product","2":"type-product","3":"status-publish","4":"has-post-thumbnail","6":"product_cat-non-fiction","7":"product_tag-apprendre-a-jouer-du-nyckelharpa","8":"product_tag-musique-baroque","9":"product_tag-musique-traditionnelle","10":"pa_b035_a01_b037-marco-ambrosini-fr","12":"first","13":"instock","14":"taxable","15":"shipping-taxable","16":"purchasable","17":"product-type-simple"},"_links":{"self":[{"href":"https:\/\/spielleute.de\/fr\/wp-json\/wp\/v2\/product\/3412","targetHints":{"allow":["GET"]}}],"collection":[{"href":"https:\/\/spielleute.de\/fr\/wp-json\/wp\/v2\/product"}],"about":[{"href":"https:\/\/spielleute.de\/fr\/wp-json\/wp\/v2\/types\/product"}],"replies":[{"embeddable":true,"href":"https:\/\/spielleute.de\/fr\/wp-json\/wp\/v2\/comments?post=3412"}],"wp:featuredmedia":[{"embeddable":true,"href":"https:\/\/spielleute.de\/fr\/wp-json\/wp\/v2\/media\/4358"}],"wp:attachment":[{"href":"https:\/\/spielleute.de\/fr\/wp-json\/wp\/v2\/media?parent=3412"}],"wp:term":[{"taxonomy":"product_brand","embeddable":true,"href":"https:\/\/spielleute.de\/fr\/wp-json\/wp\/v2\/product_brand?post=3412"},{"taxonomy":"product_cat","embeddable":true,"href":"https:\/\/spielleute.de\/fr\/wp-json\/wp\/v2\/product_cat?post=3412"},{"taxonomy":"product_tag","embeddable":true,"href":"https:\/\/spielleute.de\/fr\/wp-json\/wp\/v2\/product_tag?post=3412"}],"curies":[{"name":"wp","href":"https:\/\/api.w.org\/{rel}","templated":true}]}}