{"id":3408,"date":"2020-09-16T17:31:12","date_gmt":"2020-09-16T15:31:12","guid":{"rendered":"https:\/\/spielleute.de\/chant-n-fife\/"},"modified":"2025-04-30T16:25:27","modified_gmt":"2025-04-30T14:25:27","slug":"chant-n-fife","status":"publish","type":"product","link":"https:\/\/spielleute.de\/fr\/chant-n-fife\/","title":{"rendered":"chant n fife"},"content":{"rendered":"<p>\u00ab\u00a0Chant n Fife\u00a0\u00bb propose un voyage musical unique vers les \u00eeles britanniques, concoct\u00e9 par Hermann Rieth. Cette \u0153uvre explore la riche tradition musicale de l&rsquo;archipel, arrang\u00e9e pour houppelande, dudey et de nombreux autres instruments. Il relie le pass\u00e9 au pr\u00e9sent et invite \u00e0 d\u00e9couvrir et \u00e0 r\u00e9interpr\u00e9ter la diversit\u00e9 et la beaut\u00e9 de la musique britannique.  <\/p>\n<h3>Le son de la cornemuse dans les \u00eeles britanniques<\/h3>\n<p>Voyager en Angleterre avec une cornemuse peut faire penser \u00e0 des hiboux port\u00e9s \u00e0 Ath\u00e8nes. Mais c&rsquo;est une entreprise joyeuse que d&rsquo;explorer la musique de l&rsquo;archipel. Dans la plus pure tradition des m\u00e9nestrels, les chansons sont accompagn\u00e9es de morceaux instrumentaux ou du chant. Lorsque cela est n\u00e9cessaire, une m\u00e9lodie est adapt\u00e9e (tessiture, chromatisme) ou transpos\u00e9e dans une tonalit\u00e9 qui permet de jouer avec le Dudey.   <\/p>\n<h3>Polyvalence des instruments<\/h3>\n<p>H\u00fcmmelchen et Dudey sont au centre de la collection \u00ab\u00a0chant n fife\u00a0\u00bb et prouvent leur polyvalence par des prestations en solo, en duo ou en ensemble avec des fl\u00fbtes, des violons, des harpes, des cornamus et des cors de gemme. Le son de ces petites sacqueboutes, port\u00e9 par des bourdons, enrichit le chant d&rsquo;un timbre et d&rsquo;une intensit\u00e9 uniques. <\/p>\n<h3>Pr\u00e9face : tradition et libert\u00e9<\/h3>\n<p>Dans la pr\u00e9face, Hermann Rieth souligne le plaisir et l&rsquo;entreprise d&rsquo;explorer et de jouer de la musique britannique. Il encourage \u00e0 travailler librement avec le mat\u00e9riel, \u00e0 inventer ses propres accompagnements et \u00e0 adapter ou transposer les m\u00e9lodies \u00e0 son go\u00fbt afin de les rendre jouables avec le Dudey. Le cahier \u00ab\u00a0chant n fife\u00a0\u00bb contient des originaux, mais aussi des adaptations. On se sent libre d&rsquo;utiliser le mat\u00e9riel propos\u00e9 comme on l&rsquo;entend : Inventer des voix d&rsquo;accompagnement, des pr\u00e9ludes, des interludes et des postludes, cr\u00e9er ses propres arrangements ou composer des sets avec d&rsquo;autres musiques.   <\/p>\n<h3>Morceaux choisis de la collection \u00ab\u00a0chant n fife<\/h3>\n<ul>\n<li>\u00ab\u00a0Sumer is icumen\u00a0\u00bb : la plus ancienne chanson profane des \u00eeles britanniques, adapt\u00e9e aux auditeurs modernes.<\/li>\n<li>\u00ab\u00a0NOBILIS HUMILIS\u00a0\u00bb (hymne de Magnus) : Un organum pr\u00e9coce qui souligne l&rsquo;importance de la tierce dans la musique britannique.<\/li>\n<li>Airs du \u00ab\u00a0Beggar&rsquo;s Opera\u00a0\u00bb : airs populaires de l&rsquo;\u00e9poque (1728). John Gay a r\u00e9dig\u00e9 les paroles et Christoph Pepusch a \u00e9crit une basse. <\/li>\n<li>\u00ab\u00a0Love, Love, Nothing But Love\u00a0\u00bb et \u00ab\u00a0Martin Said to His Man\u00a0\u00bb : exemples de la vaste musique accompagnant les drames de Shakespeare et d&rsquo;une amusante chanson \u00e0 boire et \u00e0 railler de la Renaissance.<\/li>\n<li>\u00ab\u00a0Country Life\u00a0\u00bb et \u00ab\u00a0John Ball\u00a0\u00bb : tir\u00e9s du riche fonds folk anglais et une chanson d\u00e9di\u00e9e au pr\u00eatre combatif John Ball.<\/li>\n<li>Chants de No\u00ebl \u00ab\u00a0Shepherds Arise\u00a0\u00bb et \u00ab\u00a0Diadem\u00a0\u00bb : chants de No\u00ebl anglais populaires qui figurent notamment au r\u00e9pertoire des Sheffield Carols. Les deux ont re\u00e7u des accompagnements qui peuvent \u00eatre jou\u00e9s avec un alto ou un soprano et un alto. <\/li>\n<li>\u00ab\u00a0My Love is Like a Red, Red Rose\u00a0\u00bb : une chanson bien connue de Robert Burns, jouable sans modification.<\/li>\n<\/ul>\n<p>Avec \u00ab\u00a0Chant n Fife\u00a0\u00bb, Hermann Rieth vous invite \u00e0 explorer la musique des \u00eeles britanniques et \u00e0 la garder vivante gr\u00e2ce \u00e0 ses propres interpr\u00e9tations et arrangements. Cette collection enrichit le r\u00e9pertoire des musiciens et des chanteurs et ouvre de nouvelles voies pour d\u00e9couvrir et appr\u00e9cier la musique traditionnelle des \u00eeles britanniques. <\/p>\n","protected":false},"excerpt":{"rendered":"<p>Chansons des \u00eeles britanniques &#8211; adapt\u00e9es pour H\u00fcmmelchen, Dudey et de nombreux autres instruments. Rassembl\u00e9 par Hermann Rieth <\/p>\n","protected":false},"featured_media":4683,"comment_status":"closed","ping_status":"closed","template":"","meta":[],"product_brand":[],"product_cat":[461],"product_tag":[495,496],"class_list":{"0":"post-3408","1":"product","2":"type-product","3":"status-publish","4":"has-post-thumbnail","6":"product_cat-notes-de-musique","7":"product_tag-partitions-pour-cornemuse","8":"product_tag-partitions-pour-hummelchen-et-dudey","9":"pa_b035_a01_b037-hermann-rieth-fr","11":"first","12":"instock","13":"taxable","14":"shipping-taxable","15":"purchasable","16":"product-type-simple"},"_links":{"self":[{"href":"https:\/\/spielleute.de\/fr\/wp-json\/wp\/v2\/product\/3408","targetHints":{"allow":["GET"]}}],"collection":[{"href":"https:\/\/spielleute.de\/fr\/wp-json\/wp\/v2\/product"}],"about":[{"href":"https:\/\/spielleute.de\/fr\/wp-json\/wp\/v2\/types\/product"}],"replies":[{"embeddable":true,"href":"https:\/\/spielleute.de\/fr\/wp-json\/wp\/v2\/comments?post=3408"}],"wp:featuredmedia":[{"embeddable":true,"href":"https:\/\/spielleute.de\/fr\/wp-json\/wp\/v2\/media\/4683"}],"wp:attachment":[{"href":"https:\/\/spielleute.de\/fr\/wp-json\/wp\/v2\/media?parent=3408"}],"wp:term":[{"taxonomy":"product_brand","embeddable":true,"href":"https:\/\/spielleute.de\/fr\/wp-json\/wp\/v2\/product_brand?post=3408"},{"taxonomy":"product_cat","embeddable":true,"href":"https:\/\/spielleute.de\/fr\/wp-json\/wp\/v2\/product_cat?post=3408"},{"taxonomy":"product_tag","embeddable":true,"href":"https:\/\/spielleute.de\/fr\/wp-json\/wp\/v2\/product_tag?post=3408"}],"curies":[{"name":"wp","href":"https:\/\/api.w.org\/{rel}","templated":true}]}}