{"id":3407,"date":"2021-05-02T17:32:50","date_gmt":"2021-05-02T15:32:50","guid":{"rendered":"https:\/\/spielleute.de\/livre-de-musique-de-spielmann-volume-1\/"},"modified":"2024-06-11T17:00:31","modified_gmt":"2024-06-11T15:00:31","slug":"livre-de-musique-de-spielmann-volume-1","status":"publish","type":"product","link":"https:\/\/spielleute.de\/fr\/livre-de-musique-de-spielmann-volume-1\/","title":{"rendered":"Livre de musique de Spielmann &#8211; Volume 1"},"content":{"rendered":"<p>\u00c0 l&rsquo;occasion du 30e anniversaire de cette collection de partitions, nous pr\u00e9sentons la nouvelle \u00e9dition \u00e9largie et r\u00e9vis\u00e9e de \u00ab\u00a0Spielmanns Notenbuch &#8211; Band 1\u00a0\u00bb. Publi\u00e9e \u00e0 l&rsquo;origine en 1991, cette collection populaire a \u00e9t\u00e9 remani\u00e9e et enrichie de quelques titres. Le nouveau format et la reliure pratique Wire-O rendent le livre encore plus convivial et permettent une meilleure manipulation sur le pupitre. Les auteurs ont r\u00e9vis\u00e9 la c\u00e9l\u00e8bre collection de partitions et l&rsquo;ont \u00e9galement enrichie de quelques titres.<\/p>\n<h3>La diversit\u00e9 des instruments historiques<\/h3>\n<p>La collection se caract\u00e9rise par des pi\u00e8ces sp\u00e9cialement adapt\u00e9es \u00e0 la tessiture d&rsquo;une neuvi\u00e8me, ce qui les rend id\u00e9ales pour des instruments tels que les H\u00fcmmelchen, Dudey, Gemshorns, Krummh\u00f6rn et Cornamusen. Les parties originales sont not\u00e9es s\u00e9par\u00e9ment dans \u00ab\u00a0Spielmanns Notenbuch &#8211; Band 1\u00a0\u00bb, et les auteurs donnent de pr\u00e9cieuses indications sur les tuyaux de jeu, les accords de bourdon et l&rsquo;histoire de la musique. Cette collection, soigneusement compos\u00e9e, est une v\u00e9ritable mine d&rsquo;or pour tous les fl\u00fbtistes et les amateurs de bourdons et d&rsquo;instruments \u00e0 vent historiques.<\/p>\n<h3>L&rsquo;expertise et la passion des auteurs<\/h3>\n<p>Forts d&rsquo;une longue exp\u00e9rience dans le domaine de la musique historique, les auteurs Kamini Barbara Govil-Willers et Friedhelm Capelle ont compos\u00e9 avec amour la collection \u00ab\u00a0Spielmanns Notenbuch &#8211; Band 1\u00a0\u00bb pour les musiciens de tous \u00e2ges. Leur expertise a fait de \u00ab\u00a0Spielmanns Notenbuch\u00a0\u00bb un outil indispensable dans les cercles de jeu, les \u00e9coles de musique et les orchestres scolaires.<\/p>\n<h3>Contenu : Un voyage \u00e0 travers l&rsquo;histoire de la musique<\/h3>\n<p>Des m\u00e9lodies m\u00e9di\u00e9vales aux suites baroques en passant par les danses de la Renaissance, ce livre de partitions vous invite \u00e0 un voyage fascinant \u00e0 travers l&rsquo;histoire de la musique. Il comprend des \u0153uvres de compositeurs connus et moins connus, arrang\u00e9es d&rsquo;une mani\u00e8re qui interpelle et inspire directement les musiciens modernes. Les tuyaux de jeu et les accords de bourdon \u00e0 utiliser sont indiqu\u00e9s dans \u00ab\u00a0Spielmanns Notenbuch &#8211; Band 1\u00a0\u00bb, ainsi que des transpositions alternatives et de br\u00e8ves explications sur l&rsquo;instrumentation des morceaux et l&rsquo;histoire de la musique de l&rsquo;\u00e9poque.<\/p>\n<h3>D\u00e9couvertes musicales<\/h3>\n<ul>\n<li>M\u00e9di\u00e9val : explorez la diversit\u00e9 de la musique m\u00e9di\u00e9vale avec des morceaux de \u00ab\u00a0Carmina Burana\u00a0\u00bb et des \u0153uvres de ma\u00eetres anonymes.<\/li>\n<li>Renaissance : Plongez dans le monde de la Renaissance avec les danses de Tielman Susato, Pierre Phal\u00e8se et Claude Gervaise.<\/li>\n<li>Baroque pr\u00e9coce : d\u00e9couvrez les mouvements de danse de Michael Praetorius, qui refl\u00e8tent la vivacit\u00e9 de l&rsquo;\u00e9poque baroque.<\/li>\n<li>Baroque : Laissez-vous transporter \u00e0 l&rsquo;\u00e9poque baroque par les suites de Joseph Bodin de Boismortier et l&rsquo;esprit de Philippe Ch\u00e9deville.<\/li>\n<li>Chants de No\u00ebl : vivez l&rsquo;ambiance festive avec une s\u00e9lection de chants de No\u00ebl traditionnels.<\/li>\n<\/ul>\n<p>\u00ab\u00a0Spielmanns Notenbuch &#8211; Band 1\u00a0\u00bb est plus qu&rsquo;un simple livre de partitions ; c&rsquo;est une fen\u00eatre sur le riche monde de la musique ancienne, ouverte aux musiciens et aux amateurs de bourdons et d&rsquo;instruments \u00e0 vent historiques. Avec cette collection en main, chaque note est une invitation \u00e0 la d\u00e9couverte, \u00e0 l&rsquo;apprentissage et \u00e0 la pratique musicale.<\/p>\n","protected":false},"excerpt":{"rendered":"<p>Musique ancienne en mouvements polyphoniques pour fl\u00fbtes, bourdons historiques et instruments \u00e0 vent<\/p>\n","protected":false},"featured_media":4259,"comment_status":"closed","ping_status":"closed","template":"","meta":[],"product_brand":[],"product_cat":[461],"product_tag":[470,468,497,467,469,495,496,596],"class_list":{"0":"post-3407","1":"product","2":"type-product","3":"status-publish","4":"has-post-thumbnail","6":"product_cat-notes-de-musique","7":"product_tag-bourree-fr","8":"product_tag-musique-ancienne","9":"product_tag-musique-baroque","10":"product_tag-musique-de-bord","11":"product_tag-partitions-pour-accordeon-diatonique","12":"product_tag-partitions-pour-cornemuse","13":"product_tag-partitions-pour-hummelchen-et-dudey","14":"product_tag-partitions-pour-musique-medievale","16":"first","17":"outofstock","18":"taxable","19":"shipping-taxable","20":"purchasable","21":"product-type-simple"},"_links":{"self":[{"href":"https:\/\/spielleute.de\/fr\/wp-json\/wp\/v2\/product\/3407","targetHints":{"allow":["GET"]}}],"collection":[{"href":"https:\/\/spielleute.de\/fr\/wp-json\/wp\/v2\/product"}],"about":[{"href":"https:\/\/spielleute.de\/fr\/wp-json\/wp\/v2\/types\/product"}],"replies":[{"embeddable":true,"href":"https:\/\/spielleute.de\/fr\/wp-json\/wp\/v2\/comments?post=3407"}],"wp:featuredmedia":[{"embeddable":true,"href":"https:\/\/spielleute.de\/fr\/wp-json\/wp\/v2\/media\/4259"}],"wp:attachment":[{"href":"https:\/\/spielleute.de\/fr\/wp-json\/wp\/v2\/media?parent=3407"}],"wp:term":[{"taxonomy":"product_brand","embeddable":true,"href":"https:\/\/spielleute.de\/fr\/wp-json\/wp\/v2\/product_brand?post=3407"},{"taxonomy":"product_cat","embeddable":true,"href":"https:\/\/spielleute.de\/fr\/wp-json\/wp\/v2\/product_cat?post=3407"},{"taxonomy":"product_tag","embeddable":true,"href":"https:\/\/spielleute.de\/fr\/wp-json\/wp\/v2\/product_tag?post=3407"}],"curies":[{"name":"wp","href":"https:\/\/api.w.org\/{rel}","templated":true}]}}