{"id":3404,"date":"2021-03-29T17:31:51","date_gmt":"2021-03-29T15:31:51","guid":{"rendered":"https:\/\/spielleute.de\/cantus-et-tibia-expanded\/"},"modified":"2024-06-11T17:00:29","modified_gmt":"2024-06-11T15:00:29","slug":"cantus-et-tibia-expanded","status":"publish","type":"product","link":"https:\/\/spielleute.de\/fr\/cantus-et-tibia-expanded\/","title":{"rendered":"Cantus et Tibia &#8211; expanded"},"content":{"rendered":"<p>Sous la devise \u00ab\u00a0CANTUS ET TIBIA\u00a0\u00bb, chant et jeu de fl\u00fbte, la collection cr\u00e9\u00e9e par Hermann Rieth s&rsquo;\u00e9tend sur trois volumes couvrant un large spectre musical. Il s&rsquo;\u00e9tend du haut Moyen \u00c2ge \u00e0 la Renaissance dans le premier volume, se poursuit jusqu&rsquo;\u00e0 notre \u00e9poque dans le deuxi\u00e8me et est compl\u00e9t\u00e9 par dix autres m\u00e9lodies arrang\u00e9es \u00e0 plusieurs voix dans le troisi\u00e8me volume.<\/p>\n<h3>La sp\u00e9cificit\u00e9 des instruments<\/h3>\n<p>H\u00fcmmelchen et Dudey, petites sacqueboutes caract\u00e9ris\u00e9es par leur sonorit\u00e9 douce port\u00e9e par le bourdon, sont au c\u0153ur de la collection \u00ab\u00a0Cantus et Tibia &#8211; Expanded\u00a0\u00bb. Comme d\u00e9crit par Michael Praetorius en 1619, ils offrent une exp\u00e9rience musicale particuli\u00e8re qui se pr\u00eate aussi bien \u00e0 des interpr\u00e9tations en solo qu&rsquo;\u00e0 un jeu d&rsquo;ensemble avec des fl\u00fbtes, des violons, des harpes, des cornemuses et des cors de gemme. Leur aptitude \u00e0 soutenir et \u00e0 accompagner le chant conf\u00e8re aux chansons un caract\u00e8re unique.<\/p>\n<h3>Pr\u00e9face et philosophie musicale<\/h3>\n<p>Dans sa pr\u00e9face, Hermann Rieth souligne la polyvalence de H\u00fcmmelchen et Dudey et leur capacit\u00e9 \u00e0 enrichir des morceaux de musique d&rsquo;\u00e9poques et de genres diff\u00e9rents. La collection \u00ab\u00a0Cantus et Tibia &#8211; Expanded\u00a0\u00bb est le r\u00e9sultat d&rsquo;exp\u00e9riences musicales communes et vise \u00e0 fournir aux musiciens un r\u00e9pertoire adapt\u00e9 aussi bien aux instruments historiques de la Renaissance et de l&rsquo;\u00e9poque baroque qu&rsquo;aux compositions contemporaines.<\/p>\n<h3>Collecte et personnalisation \u00e9tendues<\/h3>\n<p>Le troisi\u00e8me volume, \u00ab\u00a0Cantus et Tibia &#8211; Expanded\u00a0\u00bb, contient une s\u00e9lection \u00e9largie de chansons sp\u00e9cialement arrang\u00e9es pour l&rsquo;accordage de H\u00fcmmelchen et Dudey en do\/f. Il s&rsquo;agit de chansons qui ont \u00e9t\u00e9 \u00e9crites par des musiciens professionnels et des musiciens amateurs. Pour faciliter la pratique de la musique en groupe, les parties d&rsquo;accompagnement des six premiers titres ont \u00e9t\u00e9 imprim\u00e9es s\u00e9par\u00e9ment. Trois morceaux bonus enrichissent encore la collection et offrent de nouvelles d\u00e9couvertes musicales.<\/p>\n<h3>Invitation \u00e0 la musique cr\u00e9ative<\/h3>\n<p>\u00ab\u00a0Cantus et Tibia &#8211; Expanded\u00a0\u00bb est une invitation \u00e0 tous les m\u00e9lomanes \u00e0 explorer les multiples univers sonores de la musique historique et moderne. Gr\u00e2ce aux notations et aux arrangements d\u00e9taill\u00e9s de Hermann Rieth, faire de la musique ensemble devient une exp\u00e9rience enrichissante et inspirante.<\/p>\n","protected":false},"excerpt":{"rendered":"<p>Chansons avec accompagnement<\/p>\n","protected":false},"featured_media":4352,"comment_status":"closed","ping_status":"closed","template":"","meta":[],"product_brand":[],"product_cat":[461],"product_tag":[468,497,467,496],"class_list":{"0":"post-3404","1":"product","2":"type-product","3":"status-publish","4":"has-post-thumbnail","6":"product_cat-notes-de-musique","7":"product_tag-musique-ancienne","8":"product_tag-musique-baroque","9":"product_tag-musique-de-bord","10":"product_tag-partitions-pour-hummelchen-et-dudey","11":"pa_b035_a01_b037-hermann-rieth-fr","13":"first","14":"instock","15":"taxable","16":"shipping-taxable","17":"purchasable","18":"product-type-simple"},"_links":{"self":[{"href":"https:\/\/spielleute.de\/fr\/wp-json\/wp\/v2\/product\/3404","targetHints":{"allow":["GET"]}}],"collection":[{"href":"https:\/\/spielleute.de\/fr\/wp-json\/wp\/v2\/product"}],"about":[{"href":"https:\/\/spielleute.de\/fr\/wp-json\/wp\/v2\/types\/product"}],"replies":[{"embeddable":true,"href":"https:\/\/spielleute.de\/fr\/wp-json\/wp\/v2\/comments?post=3404"}],"wp:featuredmedia":[{"embeddable":true,"href":"https:\/\/spielleute.de\/fr\/wp-json\/wp\/v2\/media\/4352"}],"wp:attachment":[{"href":"https:\/\/spielleute.de\/fr\/wp-json\/wp\/v2\/media?parent=3404"}],"wp:term":[{"taxonomy":"product_brand","embeddable":true,"href":"https:\/\/spielleute.de\/fr\/wp-json\/wp\/v2\/product_brand?post=3404"},{"taxonomy":"product_cat","embeddable":true,"href":"https:\/\/spielleute.de\/fr\/wp-json\/wp\/v2\/product_cat?post=3404"},{"taxonomy":"product_tag","embeddable":true,"href":"https:\/\/spielleute.de\/fr\/wp-json\/wp\/v2\/product_tag?post=3404"}],"curies":[{"name":"wp","href":"https:\/\/api.w.org\/{rel}","templated":true}]}}