{"id":3403,"date":"2020-02-10T17:32:50","date_gmt":"2020-02-10T16:32:50","guid":{"rendered":"https:\/\/spielleute.de\/pelgen-tunes-vol-3\/"},"modified":"2025-04-22T16:07:22","modified_gmt":"2025-04-22T14:07:22","slug":"pelgen-tunes-vol-3","status":"publish","type":"product","link":"https:\/\/spielleute.de\/fr\/pelgen-tunes-vol-3\/","title":{"rendered":"Pelgen Tunes &#8211; Vol. 3"},"content":{"rendered":"<p>D\u00e9couvrez l&rsquo;univers de \u00ab\u00a0Pelgen Tunes &#8211; Vol. 3\u00a0\u00bb, une collection qui prouve une fois de plus comment Christoph Pelgen enrichit la sc\u00e8ne musicale du bourdon avec sa cr\u00e9ativit\u00e9 incomparable. Avec 80 nouvelles m\u00e9lodies, cr\u00e9\u00e9es entre octobre 2016 et septembre 2019, ce volume ouvre une fen\u00eatre sur le voyage musical de Pelgen, plein de rencontres, d&rsquo;exp\u00e9riences et de jalons personnels.  <\/p>\n<h3>Des paysages musicaux vari\u00e9s<\/h3>\n<p>Pelgen, connu pour sa polyvalence et son engagement sur la sc\u00e8ne musicale, apporte une multitude de compositions qui t\u00e9moignent de son impressionnante diversit\u00e9 musicale. Ces derni\u00e8res ann\u00e9es, Christoph Pelgen a pos\u00e9 des jalons musicaux sur la sc\u00e8ne du bourdon comme aucun autre musicien. En tant que musicien virtuose, instructeur d\u00e9vou\u00e9 et compositeur extr\u00eamement assidu, il a incroyablement contribu\u00e9 \u00e0 l&rsquo;\u00e9volution de la sc\u00e8ne. Nombre de ses compositions sont devenues des \u00e9l\u00e9ments fixes du r\u00e9pertoire de session et sont appr\u00e9ci\u00e9es dans toute l&rsquo;Europe. La collection \u00ab\u00a0Pelgen Tunes &#8211; Vol. 3\u00a0\u00bb, souvent inspir\u00e9 et d\u00e9velopp\u00e9 en pr\u00e9paration de ses ateliers, refl\u00e8te la diversit\u00e9 et la vivacit\u00e9 de la sc\u00e8ne musicale europ\u00e9enne du bourdon.     <\/p>\n<h3>Un plaisir pour chaque instrument<\/h3>\n<p>Que ce soit \u00e0 la cornemuse, \u00e0 la vielle \u00e0 roue, au violon, \u00e0 la fl\u00fbte ou m\u00eame \u00e0 l&rsquo;accord\u00e9on et \u00e0 la contrebasse, les \u00ab\u00a0Pelgen Tunes &#8211; Vol. 3\u00a0\u00bb offrent \u00e0 tout musicien et \u00e0 tout instrument la possibilit\u00e9 de faire partie de ce monde musical fascinant. Les morceaux sont d\u00e9lib\u00e9r\u00e9ment con\u00e7us de mani\u00e8re ouverte afin d&rsquo;encourager et d&rsquo;inspirer vos propres interpr\u00e9tations et arrangements.  <\/p>\n<h3>Connu de Sessions<\/h3>\n<p>La diversit\u00e9 musicale de ses compositions est impressionnante, beaucoup d&rsquo;entre elles faisant d\u00e9sormais partie du r\u00e9pertoire permanent de la session et certaines \u00e9tant m\u00eame devenues des tubes. Dans toute l&rsquo;Europe, ses airs sont jou\u00e9s avec enthousiasme dans de nombreuses formations. Ils ne conviennent pas seulement aux instruments de musique \u00e0 bourdon typiques que sont la cornemuse et la vielle \u00e0 roue, mais peuvent \u00eatre jou\u00e9s sur tous les instruments imaginables, de l&rsquo;accord\u00e9on \u00e0 la contrebasse.  <\/p>\n<h3>Un appel \u00e0 la cr\u00e9ativit\u00e9<\/h3>\n<p>Christoph Pelgen encourage tous les musiciens \u00e0 ne pas seulement jouer ses compositions, mais aussi \u00e0 faire preuve de cr\u00e9ativit\u00e9. La collection \u00ab\u00a0Pelgen Tunes &#8211; Vol. 3\u00a0\u00bb sert de base \u00e0 d&rsquo;innombrables aventures musicales, que ce soit lors de bal folks, de concerts ou simplement entre amis. Ceux qui jouent ses morceaux sont appel\u00e9s \u00e0 trouver leurs propres interpr\u00e9tations et arrangements. Rien n&rsquo;est grav\u00e9 dans la pierre. Les notes sont des instantan\u00e9s et les deuxi\u00e8mes et troisi\u00e8mes voix not\u00e9es dans le livre sont souvent adapt\u00e9es \u00e0 la gamme limit\u00e9e des cornemuses.     <\/p>\n<h3>Un ouvrage indispensable pour le bal folk<\/h3>\n<p>Que vous soyez un musicien exp\u00e9riment\u00e9 ou que vous preniez simplement plaisir \u00e0 d\u00e9couvrir de nouvelles m\u00e9lodies, \u00ab\u00a0Pelgen Tunes &#8211; Vol. 3\u00a0\u00bb est un atout pour toute collection de musique. Plongez dans l&rsquo;univers de Christoph Pelgen et laissez-vous envo\u00fbter par la diversit\u00e9 et la beaut\u00e9 de ses compositions. Une nouvelle collection de partitions pour tous ceux qui aiment la bonne musique de bourdon et l&rsquo;\u00e9volution de la musique traditionnelle !   <\/p>\n","protected":false},"excerpt":{"rendered":"<p>80 nouvelles m\u00e9lodies pour cornemuse, vielle \u00e0 roue, violon, fl\u00fbte, etc. &#8211; avec accords<\/p>\n","protected":false},"featured_media":4298,"comment_status":"closed","ping_status":"closed","template":"","meta":[],"product_brand":[],"product_cat":[461],"product_tag":[467,469,463,495,494],"class_list":{"0":"post-3403","1":"product","2":"type-product","3":"status-publish","4":"has-post-thumbnail","6":"product_cat-notes-de-musique","7":"product_tag-musique-de-bord","8":"product_tag-partitions-pour-accordeon-diatonique","9":"product_tag-partitions-pour-bal-folk","10":"product_tag-partitions-pour-cornemuse","11":"product_tag-partitions-pour-vielle-a-roue","12":"pa_b035_a01_b037-christoph-pelgen-fr","14":"first","15":"outofstock","16":"taxable","17":"shipping-taxable","18":"purchasable","19":"product-type-simple"},"_links":{"self":[{"href":"https:\/\/spielleute.de\/fr\/wp-json\/wp\/v2\/product\/3403","targetHints":{"allow":["GET"]}}],"collection":[{"href":"https:\/\/spielleute.de\/fr\/wp-json\/wp\/v2\/product"}],"about":[{"href":"https:\/\/spielleute.de\/fr\/wp-json\/wp\/v2\/types\/product"}],"replies":[{"embeddable":true,"href":"https:\/\/spielleute.de\/fr\/wp-json\/wp\/v2\/comments?post=3403"}],"wp:featuredmedia":[{"embeddable":true,"href":"https:\/\/spielleute.de\/fr\/wp-json\/wp\/v2\/media\/4298"}],"wp:attachment":[{"href":"https:\/\/spielleute.de\/fr\/wp-json\/wp\/v2\/media?parent=3403"}],"wp:term":[{"taxonomy":"product_brand","embeddable":true,"href":"https:\/\/spielleute.de\/fr\/wp-json\/wp\/v2\/product_brand?post=3403"},{"taxonomy":"product_cat","embeddable":true,"href":"https:\/\/spielleute.de\/fr\/wp-json\/wp\/v2\/product_cat?post=3403"},{"taxonomy":"product_tag","embeddable":true,"href":"https:\/\/spielleute.de\/fr\/wp-json\/wp\/v2\/product_tag?post=3403"}],"curies":[{"name":"wp","href":"https:\/\/api.w.org\/{rel}","templated":true}]}}