{"id":3400,"date":"2024-04-18T11:46:58","date_gmt":"2024-04-18T09:46:58","guid":{"rendered":"https:\/\/spielleute.de\/nous-les-ferons-danser-danses-bretonnes\/"},"modified":"2025-04-17T10:55:53","modified_gmt":"2025-04-17T08:55:53","slug":"nous-les-ferons-danser-danses-bretonnes","status":"publish","type":"product","link":"https:\/\/spielleute.de\/fr\/nous-les-ferons-danser-danses-bretonnes\/","title":{"rendered":"Nous les ferons danser : Danses bretonnes"},"content":{"rendered":"<p>L&rsquo;achat de cet article num\u00e9rique donne droit \u00e0 l&rsquo;\u00e9coute de l&rsquo;<a href=\"https:\/\/spielleute.de\/fr\/mediatheque\/nous-les-ferons-danser-danses-bretonnes\/\">album musical \u00ab\u00a0Nous les ferons danser : danses bretonnes\u00a0\u00bb<\/a> de La Marmotte via la m\u00e9diath\u00e8que des Editions du Jeu.<\/p>\n<h3>Code de coupon<\/h3>\n<p>Avec le code promotionnel du <a href=\"https:\/\/spielleute.de\/40-bretonische-taenze\/\">livre 40 danses bretonnes et leur contexte culturel<\/a>, vous recevrez cet article <strong>gratuitement<\/strong>!<\/p>\n","protected":false},"excerpt":{"rendered":"<p>Bonus du <a href=\"https:\/\/spielleute.de\/40-bretonische-taenze\/\">livre \u00ab\u00a040 danses bretonnes et leur contexte culturel\u00a0\u00bb<\/a>.<\/p>\n","protected":false},"featured_media":2175,"comment_status":"open","ping_status":"closed","template":"","meta":[],"product_brand":[],"product_cat":[486],"product_tag":[],"class_list":{"0":"post-3400","1":"product","2":"type-product","3":"status-publish","4":"has-post-thumbnail","6":"product_cat-bonus","8":"first","9":"instock","10":"virtual","11":"sold-individually","12":"taxable","13":"purchasable","14":"product-type-simple"},"_links":{"self":[{"href":"https:\/\/spielleute.de\/fr\/wp-json\/wp\/v2\/product\/3400","targetHints":{"allow":["GET"]}}],"collection":[{"href":"https:\/\/spielleute.de\/fr\/wp-json\/wp\/v2\/product"}],"about":[{"href":"https:\/\/spielleute.de\/fr\/wp-json\/wp\/v2\/types\/product"}],"replies":[{"embeddable":true,"href":"https:\/\/spielleute.de\/fr\/wp-json\/wp\/v2\/comments?post=3400"}],"wp:featuredmedia":[{"embeddable":true,"href":"https:\/\/spielleute.de\/fr\/wp-json\/wp\/v2\/media\/2175"}],"wp:attachment":[{"href":"https:\/\/spielleute.de\/fr\/wp-json\/wp\/v2\/media?parent=3400"}],"wp:term":[{"taxonomy":"product_brand","embeddable":true,"href":"https:\/\/spielleute.de\/fr\/wp-json\/wp\/v2\/product_brand?post=3400"},{"taxonomy":"product_cat","embeddable":true,"href":"https:\/\/spielleute.de\/fr\/wp-json\/wp\/v2\/product_cat?post=3400"},{"taxonomy":"product_tag","embeddable":true,"href":"https:\/\/spielleute.de\/fr\/wp-json\/wp\/v2\/product_tag?post=3400"}],"curies":[{"name":"wp","href":"https:\/\/api.w.org\/{rel}","templated":true}]}}