{"id":3397,"date":"2023-04-14T17:33:26","date_gmt":"2023-04-14T15:33:26","guid":{"rendered":"https:\/\/spielleute.de\/palm-bay-frost\/"},"modified":"2025-04-17T10:56:09","modified_gmt":"2025-04-17T08:56:09","slug":"palm-bay-frost","status":"publish","type":"product","link":"https:\/\/spielleute.de\/fr\/palm-bay-frost\/","title":{"rendered":"PALM BAY FROST"},"content":{"rendered":"<p>Nous aimerions vous pr\u00e9senter le tunebook \u00ab\u00a0PALM BAY FROST\u00a0\u00bb du trio Palm Bay Frost de Cologne-Bonn. Dans ce Tunebook, vous trouverez tous les morceaux du premier album r\u00e9unis dans une partition. Le livre contient en tout 15 airs et 3 chansons dans le style de la musique folk traditionnelle irlandaise\/\u00e9cossaise que vous pouvez jouer et accompagner au violon, \u00e0 l&rsquo;accord\u00e9on, \u00e0 la guitare, au tin whistle ou avec d&rsquo;autres instruments.  <\/p>\n<h3>Tunebook PALM BAY FROST<\/h3>\n<p>Si vous \u00eates \u00e0 la recherche de nouveaux morceaux \u00e0 jouer et \u00e0 accompagner sur votre instrument, le Tunebook \u00ab\u00a0PALM BAY FROST\u00a0\u00bb de Palm Bay Frost est fait pour vous ! Il vous offre un large choix de compositions originales rafra\u00eechissantes dans le style folk irlandais\/\u00e9cossais. Avec le Tunebook, vous avez rassembl\u00e9 tous les morceaux du premier album dans une partition pratique.  <\/p>\n<ul>\n<li><strong>15 airs et 3 chansons<\/strong>: parfaits pour les instruments folk comme le violon, l&rsquo;accord\u00e9on ou la tin whistle.<\/li>\n<li><strong>Conseils et arri\u00e8re-plans<\/strong>: Techniques de jeu et infos sur chaque morceau incluses.<\/li>\n<li><strong>Top des musiciens invit\u00e9s<\/strong>: avec Michael McGoldrick et Eamon Murray sur le premier album.<\/li>\n<\/ul>\n<h3>15 airs et 3 chansons<\/h3>\n<p>Le Tunebook contient au total 15 airs (instrumentaux) et 3 chansons (chant\u00e9es) que vous pouvez jouer et accompagner sur diff\u00e9rents instruments. Si vous aimez jouer des m\u00e9lodies, vous pouvez jouer les morceaux en tant que voix principale. Pour l&rsquo;accompagnement, vous trouverez tous les symboles d&rsquo;accords not\u00e9s. Les chanteurs trouveront des paroles et des m\u00e9lodies de chant not\u00e9es pour pouvoir chanter avec les chansons. Vous trouverez \u00e9galement des conseils sur les techniques de jeu, les ornements et les motifs d&rsquo;accompagnement, ainsi que des informations g\u00e9n\u00e9rales sur tous les morceaux.    <\/p>\n<h3>Conseils sur les techniques de jeu, les ornements et les motifs d&rsquo;accompagnement<\/h3>\n<p>Vous avez la possibilit\u00e9 de jouer et d&rsquo;accompagner les morceaux de Palm Bay Frost. Le Tunebook vous offre tout ce dont vous avez besoin : des partitions aux informations de fond. Non seulement vous prendrez plaisir \u00e0 jouer les morceaux, mais vous apprendrez \u00e9galement beaucoup de nouvelles choses sur les techniques de jeu, les ornements et les motifs d&rsquo;accompagnement.  <\/p>\n<h3>Dans le style de la musique folk traditionnelle irlandaise\/scottish<\/h3>\n<p>Commandez d\u00e8s maintenant le tunebook \u00ab\u00a0PALM BAY FROST\u00a0\u00bb et laissez-vous s\u00e9duire par ses propres compositions rafra\u00eechissantes dans le style folk irlandais\/scottish ! Ce livre est le compl\u00e9ment parfait pour tous ceux qui aiment jouer de la musique faite \u00e0 la main et qui sont \u00e0 la recherche de nouveaux morceaux. Avec les partitions, les textes et les indications sur les techniques de jeu, les ornements et les motifs d&rsquo;accompagnement, vous avez tout ce qu&rsquo;il vous faut pour jouer et accompagner. Qu&rsquo;attendez-vous ? Commande d\u00e8s maintenant le tunebook \u00ab\u00a0PALM BAY FROST\u00a0\u00bb et d\u00e9couvre le m\u00e9lange unique de choses dansables, r\u00e9fl\u00e9chies et \u00e9mouvantes !<\/p>\n","protected":false},"excerpt":{"rendered":"<p>15 airs &amp; 3 chansons pour violon, accord\u00e9on, guitare, tin whistle etc. et voix<\/p>\n","protected":false},"featured_media":4247,"comment_status":"closed","ping_status":"closed","template":"","meta":[],"product_brand":[],"product_cat":[461],"product_tag":[1059,487],"class_list":{"0":"post-3397","1":"product","2":"type-product","3":"status-publish","4":"has-post-thumbnail","6":"product_cat-notes-de-musique","7":"product_tag-musique-traditionnelle","8":"product_tag-partitions-pour-irish-folk","9":"pa_b035_a01_b037-hartmut-frost-fr","10":"pa_b035_a01_b037-sabrina-palm-fr","11":"pa_b035_a01_b037-simon-bay-fr","13":"first","14":"instock","15":"taxable","16":"shipping-taxable","17":"purchasable","18":"product-type-simple"},"_links":{"self":[{"href":"https:\/\/spielleute.de\/fr\/wp-json\/wp\/v2\/product\/3397","targetHints":{"allow":["GET"]}}],"collection":[{"href":"https:\/\/spielleute.de\/fr\/wp-json\/wp\/v2\/product"}],"about":[{"href":"https:\/\/spielleute.de\/fr\/wp-json\/wp\/v2\/types\/product"}],"replies":[{"embeddable":true,"href":"https:\/\/spielleute.de\/fr\/wp-json\/wp\/v2\/comments?post=3397"}],"wp:featuredmedia":[{"embeddable":true,"href":"https:\/\/spielleute.de\/fr\/wp-json\/wp\/v2\/media\/4247"}],"wp:attachment":[{"href":"https:\/\/spielleute.de\/fr\/wp-json\/wp\/v2\/media?parent=3397"}],"wp:term":[{"taxonomy":"product_brand","embeddable":true,"href":"https:\/\/spielleute.de\/fr\/wp-json\/wp\/v2\/product_brand?post=3397"},{"taxonomy":"product_cat","embeddable":true,"href":"https:\/\/spielleute.de\/fr\/wp-json\/wp\/v2\/product_cat?post=3397"},{"taxonomy":"product_tag","embeddable":true,"href":"https:\/\/spielleute.de\/fr\/wp-json\/wp\/v2\/product_tag?post=3397"}],"curies":[{"name":"wp","href":"https:\/\/api.w.org\/{rel}","templated":true}]}}