{"id":3395,"date":"2024-06-11T15:47:02","date_gmt":"2024-06-11T13:47:02","guid":{"rendered":"https:\/\/spielleute.de\/exemples-dexercices-pour-accordeon-diatonique-volume-1\/"},"modified":"2025-04-17T10:55:52","modified_gmt":"2025-04-17T08:55:52","slug":"exemples-dexercices-pour-accordeon-diatonique-volume-1","status":"publish","type":"product","link":"https:\/\/spielleute.de\/fr\/exemples-dexercices-pour-accordeon-diatonique-volume-1\/","title":{"rendered":"Exemples d&rsquo;exercices pour \u00ab\u00a0Accord\u00e9on diatonique &#8211; Volume 1"},"content":{"rendered":"<p>L&rsquo;achat de cet article num\u00e9rique donne droit \u00e0 l&rsquo;\u00e9coute des <a href=\"https:\/\/spielleute.de\/mediathek\/uebungsbeispiele-fuer-diatonisches-akkordeon-band-1\/\">exemples d&rsquo;exercices de \u00ab\u00a0Accord\u00e9on diatonique &#8211; Tome 1\u00a0\u00bb<\/a> de Yann Dour via la m\u00e9diath\u00e8que des Editions des Musiciens.<\/p>\n<h3>Code de coupon<\/h3>\n<p>Avec le code promotionnel du <a href=\"https:\/\/spielleute.de\/diatonisches-akkordeon-band-1\/\">livre \u00ab\u00a0Diatonisches Akkordeon &#8211; Band 1\u00a0\u00bb<\/a>, vous recevrez cet article <strong>gratuitement<\/strong>!<\/p>\n","protected":false},"excerpt":{"rendered":"<p>Bonus du <a href=\"https:\/\/spielleute.de\/diatonisches-akkordeon-band-1\/\">livre Accord\u00e9on diatonique &#8211; Volume 1<\/a><\/p>\n","protected":false},"featured_media":5327,"comment_status":"open","ping_status":"closed","template":"","meta":[],"product_brand":[],"product_cat":[486],"product_tag":[],"class_list":{"0":"post-3395","1":"product","2":"type-product","3":"status-publish","4":"has-post-thumbnail","6":"product_cat-bonus","8":"first","9":"instock","10":"virtual","11":"sold-individually","12":"taxable","13":"purchasable","14":"product-type-simple"},"_links":{"self":[{"href":"https:\/\/spielleute.de\/fr\/wp-json\/wp\/v2\/product\/3395","targetHints":{"allow":["GET"]}}],"collection":[{"href":"https:\/\/spielleute.de\/fr\/wp-json\/wp\/v2\/product"}],"about":[{"href":"https:\/\/spielleute.de\/fr\/wp-json\/wp\/v2\/types\/product"}],"replies":[{"embeddable":true,"href":"https:\/\/spielleute.de\/fr\/wp-json\/wp\/v2\/comments?post=3395"}],"wp:featuredmedia":[{"embeddable":true,"href":"https:\/\/spielleute.de\/fr\/wp-json\/wp\/v2\/media\/5327"}],"wp:attachment":[{"href":"https:\/\/spielleute.de\/fr\/wp-json\/wp\/v2\/media?parent=3395"}],"wp:term":[{"taxonomy":"product_brand","embeddable":true,"href":"https:\/\/spielleute.de\/fr\/wp-json\/wp\/v2\/product_brand?post=3395"},{"taxonomy":"product_cat","embeddable":true,"href":"https:\/\/spielleute.de\/fr\/wp-json\/wp\/v2\/product_cat?post=3395"},{"taxonomy":"product_tag","embeddable":true,"href":"https:\/\/spielleute.de\/fr\/wp-json\/wp\/v2\/product_tag?post=3395"}],"curies":[{"name":"wp","href":"https:\/\/api.w.org\/{rel}","templated":true}]}}