{"id":3394,"date":"2022-01-02T17:31:12","date_gmt":"2022-01-02T16:31:12","guid":{"rendered":"https:\/\/spielleute.de\/jouer-de-la-vielle-a-roue\/"},"modified":"2025-04-30T16:25:20","modified_gmt":"2025-04-30T14:25:20","slug":"jouer-de-la-vielle-a-roue","status":"publish","type":"product","link":"https:\/\/spielleute.de\/fr\/jouer-de-la-vielle-a-roue\/","title":{"rendered":"Jouer de la vielle \u00e0 roue"},"content":{"rendered":"<p>La vielle \u00e0 roue, un instrument dont l&rsquo;histoire remonte \u00e0 plusieurs si\u00e8cles, conna\u00eet une renaissance sur la sc\u00e8ne musicale moderne. Pour r\u00e9pondre \u00e0 cette \u00e9volution, Jouer de la vielle \u00e0 roue est un manuel d&rsquo;apprentissage qui examine de mani\u00e8re exhaustive les bases et le contexte de la musique pour vielle \u00e0 roue. Cet ouvrage s&rsquo;adresse aux musiciens de tous niveaux et offre un aper\u00e7u approfondi des nombreuses possibilit\u00e9s d&rsquo;expression musicale et de jeu de cet instrument fascinant.  <\/p>\n<h3>Un pont entre tradition et modernit\u00e9<\/h3>\n<p>Avec \u00ab\u00a0Jouer de la vielle \u00e0 roue\u00a0\u00bb, Riccardo Delfino et Matthias Loibner pr\u00e9sentent un manuel d&rsquo;apprentissage qui est le premier du genre \u00e0 jeter un pont entre la musique traditionnelle et les exigences des musiciens modernes. Il ouvre la possibilit\u00e9 d&rsquo;explorer le spectre musical de la vielle \u00e0 roue dans toutes ses variantes et d&rsquo;approfondir la relation du musicien avec son instrument.<\/p>\n<h3>Exercices complets et exemples musicaux<\/h3>\n<p>Le point fort de ce livre richement illustr\u00e9 \u00ab\u00a0Jouer de la vielle \u00e0 roue\u00a0\u00bb est la compilation d&rsquo;exercices complets qui permettent d&rsquo;aborder des styles musicaux et des techniques tr\u00e8s vari\u00e9s. Des exemples musicaux de diff\u00e9rentes \u00e9poques permettent d&rsquo;\u00e9largir le champ stylistique de la vielle \u00e0 roue et de transf\u00e9rer les connaissances acquises dans la pratique musicale. <\/p>\n<h3>De l&rsquo;histoire \u00e0 la pratique<\/h3>\n<p>Marianne Br\u00f6cker, le lecteur est plong\u00e9 dans l&rsquo;histoire fascinante de la vielle \u00e0 roue et de la musique de bourdon. L&rsquo;auteur met en lumi\u00e8re l&rsquo;attrait persistant de cette forme musicale et explique comment la r\u00e9sonance constante des notes de bourdon exerce une fascination toute particuli\u00e8re. Cette r\u00e9trospective historique offre un contexte pr\u00e9cieux pour l&rsquo;\u00e9tude de l&rsquo;instrument et de sa musique.  <\/p>\n<h3>La vielle \u00e0 roue &#8211; un instrument \u00ab\u00a0corporel<\/h3>\n<p>\u00ab\u00a0Jouer de la vielle \u00e0 roue\u00a0\u00bb va au-del\u00e0 de la simple transmission de la technique et met l&rsquo;accent sur le lien physique entre le musicien et l&rsquo;instrument. Les auteurs soulignent l&rsquo;importance d&rsquo;aborder l&rsquo;instrument non seulement par le biais de l&rsquo;entretien et de la technique de jeu, mais aussi \u00e0 un niveau plus personnel. Cet aspect fait de ce manuel un compagnon indispensable pour tous ceux qui ne veulent pas seulement jouer de la vielle \u00e0 roue, mais aussi communiquer avec elle.  <\/p>\n<h3>Utilisation cr\u00e9ative de la vielle \u00e0 roue<\/h3>\n<p>Le manuel encourage une utilisation imaginative et cr\u00e9ative de la vielle \u00e0 roue. L&rsquo;objectif est que les \u00e9l\u00e8ves apprennent d\u00e8s le d\u00e9but \u00e0 jouer non seulement de leur instrument, mais aussi avec lui. Cette approche doit permettre au musicien et \u00e0 l&rsquo;instrument de fusionner en une seule unit\u00e9 musicale, cr\u00e9ant ainsi la base d&rsquo;une cr\u00e9ation musicale individuelle et artistiquement satisfaisante.<\/p>\n<p>\u00ab\u00a0Jouer de la vielle \u00e0 roue\u00a0\u00bb est donc bien plus qu&rsquo;un manuel d&rsquo;apprentissage ; c&rsquo;est une invitation \u00e0 red\u00e9couvrir le monde de la vielle \u00e0 roue et \u00e0 trouver son propre langage musical. Plongez dans le monde complexe de la vielle \u00e0 roue et d\u00e9couvrez comment cet instrument extraordinaire peut enrichir votre voyage musical.<\/p>\n","protected":false},"excerpt":{"rendered":"<p>Bases et contexte. Manuel d&rsquo;enseignement <\/p>\n","protected":false},"featured_media":4442,"comment_status":"closed","ping_status":"closed","template":"","meta":[],"product_brand":[],"product_cat":[484],"product_tag":[485,467,1059],"class_list":{"0":"post-3394","1":"product","2":"type-product","3":"status-publish","4":"has-post-thumbnail","6":"product_cat-manuel-denseignement","7":"product_tag-apprendre-a-jouer-de-la-vielle-a-roue","8":"product_tag-musique-de-bord","9":"product_tag-musique-traditionnelle","10":"pa_b035_a01_b037-matthias-loibner-fr","11":"pa_b035_a01_b037-riccardo-delfino-fr","13":"first","14":"outofstock","15":"taxable","16":"shipping-taxable","17":"purchasable","18":"product-type-simple"},"_links":{"self":[{"href":"https:\/\/spielleute.de\/fr\/wp-json\/wp\/v2\/product\/3394","targetHints":{"allow":["GET"]}}],"collection":[{"href":"https:\/\/spielleute.de\/fr\/wp-json\/wp\/v2\/product"}],"about":[{"href":"https:\/\/spielleute.de\/fr\/wp-json\/wp\/v2\/types\/product"}],"replies":[{"embeddable":true,"href":"https:\/\/spielleute.de\/fr\/wp-json\/wp\/v2\/comments?post=3394"}],"wp:featuredmedia":[{"embeddable":true,"href":"https:\/\/spielleute.de\/fr\/wp-json\/wp\/v2\/media\/4442"}],"wp:attachment":[{"href":"https:\/\/spielleute.de\/fr\/wp-json\/wp\/v2\/media?parent=3394"}],"wp:term":[{"taxonomy":"product_brand","embeddable":true,"href":"https:\/\/spielleute.de\/fr\/wp-json\/wp\/v2\/product_brand?post=3394"},{"taxonomy":"product_cat","embeddable":true,"href":"https:\/\/spielleute.de\/fr\/wp-json\/wp\/v2\/product_cat?post=3394"},{"taxonomy":"product_tag","embeddable":true,"href":"https:\/\/spielleute.de\/fr\/wp-json\/wp\/v2\/product_tag?post=3394"}],"curies":[{"name":"wp","href":"https:\/\/api.w.org\/{rel}","templated":true}]}}