{"id":3390,"date":"2021-10-01T17:33:26","date_gmt":"2021-10-01T15:33:26","guid":{"rendered":"https:\/\/spielleute.de\/lours-dansant-tome-3\/"},"modified":"2026-01-03T01:24:02","modified_gmt":"2026-01-03T00:24:02","slug":"lours-dansant-tome-3","status":"publish","type":"product","link":"https:\/\/spielleute.de\/fr\/lours-dansant-tome-3\/","title":{"rendered":"L&rsquo;Ours dansant &#8211; Tome 3"},"content":{"rendered":"<p>La s\u00e9lection du troisi\u00e8me volume \u00ab\u00a0L&rsquo;ours dansant &#8211; Volume 3\u00a0\u00bb vous invite \u00e0 d\u00e9couvrir toutes les couleurs de la danse : la pulsation et le rythme, tourner, cr\u00e9er ensemble, appr\u00e9cier la musique, \u00eatre pr\u00e9sent avec tous ses sens. Il propose des s\u00e9quences de pas et des encha\u00eenements, parle du caract\u00e8re des danses et veut sugg\u00e9rer o\u00f9 l&rsquo;on peut aller au-del\u00e0.<\/p>\n<h3>Apprendre plus que des pas<\/h3>\n<p>Les bases des danses sont enseign\u00e9es sous une forme claire, visuelle et didactique moderne. Partout o\u00f9 cela est possible, des graphiques sont utilis\u00e9s pour d\u00e9crire les dimensions spatiales des danses de mani\u00e8re clairement compr\u00e9hensible. Il est question du style et du caract\u00e8re des mouvements. Et tr\u00e8s important : la musique est incluse comme un \u00e9l\u00e9ment essentiel \u00e0 la compr\u00e9hension des danses.<\/p>\n<h3>Une collection vari\u00e9e de danses<\/h3>\n<p>L&rsquo;Ours dansant &#8211; Volume 3 rassemble des danses de France, d&rsquo;Allemagne, d&rsquo;Angleterre et de Su\u00e8de, entre autres. L&rsquo;accent est mis sur les branles (danses en cha\u00eene). Mais il y a tout aussi bien des mixers simples, des danses de couple d&rsquo;Europe centrale et quelques sp\u00e9cialit\u00e9s pour les plus exp\u00e9riment\u00e9s.<\/p>\n<h3>Accompagn\u00e9 d&rsquo;un CD unique<\/h3>\n<p>Le CD d&rsquo;accompagnement qui accompagne le livre est une production commune des groupes Hay-Non, Die Hayner, Wechselbalg et Au Gre des Vents. Les m\u00e9lodies utilis\u00e9es sont traditionnelles ou compos\u00e9es pour les danses concern\u00e9es.<\/p>\n<h3>Une s\u00e9lection de danses dans \u00ab\u00a0L&rsquo;Ours dansant &#8211; Volume 3<\/h3>\n<ul>\n<li>Mixeur : Valse coup\u00e9e, Mara\u00eechine, Polka des allumettes<\/li>\n<li>Danses de couple : Baillez-Li, Dans Mol\u00e8ne, Polka italienne, Valse mexicaine, Les Quatre Pas de Luxey, Rondeau des Petites Landes, Patineur, Bachm\u00fchlerl et Der rote Kragen (Zwiefache), Variation \u00e9cossaise su\u00e9doise, Stigvals<\/li>\n<li>Danses en cercle et en cha\u00eene : Veila Rosa Bliamala, Bransle au gr\u00e9 des Musiciens, Branle d&rsquo;Ecosse, L&rsquo;homme qui marche, Gavotte, Sellingers Round<\/li>\n<li>Pour plusieurs danseurs : Courante de Lomagne, Bourr\u00e9e de La Ch\u00e2tre<\/li>\n<\/ul>\n<h3>Un manuel qui invite \u00e0 la danse<\/h3>\n<p>Entrez dans la danse ! La s\u00e9lection de cette collection est une invitation \u00e0 toutes les couleurs que la danse apporte : pulsation et rythme, tourner, cr\u00e9er ensemble, profiter de la musique, \u00eatre pr\u00e9sent avec tous ses sens.<\/p>\n<p>\u00ab\u00a0Der Tanzb\u00e4r &#8211; Band 3\u00a0\u00bb offre une introduction fascinante au monde des danses folkloriques, enrichie d&rsquo;instructions pratiques, d&rsquo;un aper\u00e7u approfondi de la culture de la danse et d&rsquo;un CD qui donne vie aux m\u00e9lodies. Ce livre est un must pour toute personne souhaitant d\u00e9couvrir le monde de la danse, que ce soit \u00e0 la maison ou sur la piste de danse.<\/p>\n","protected":false},"excerpt":{"rendered":"<p>21 danses folkloriques \u00e0 suivre &#8211; manuel de danse avec CD d&rsquo;accompagnement<\/p>\n","protected":false},"featured_media":4370,"comment_status":"closed","ping_status":"closed","template":"","meta":[],"product_brand":[],"product_cat":[478],"product_tag":[480,470,479,1059],"class_list":{"0":"post-3390","1":"product","2":"type-product","3":"status-publish","4":"has-post-thumbnail","6":"product_cat-non-fiction","7":"product_tag-apprendre-les-danses-bretonnes","8":"product_tag-bourree-fr","9":"product_tag-danses-traditionnelles","10":"product_tag-musique-traditionnelle","12":"first","13":"instock","14":"taxable","15":"shipping-taxable","16":"purchasable","17":"product-type-simple"},"_links":{"self":[{"href":"https:\/\/spielleute.de\/fr\/wp-json\/wp\/v2\/product\/3390","targetHints":{"allow":["GET"]}}],"collection":[{"href":"https:\/\/spielleute.de\/fr\/wp-json\/wp\/v2\/product"}],"about":[{"href":"https:\/\/spielleute.de\/fr\/wp-json\/wp\/v2\/types\/product"}],"replies":[{"embeddable":true,"href":"https:\/\/spielleute.de\/fr\/wp-json\/wp\/v2\/comments?post=3390"}],"wp:featuredmedia":[{"embeddable":true,"href":"https:\/\/spielleute.de\/fr\/wp-json\/wp\/v2\/media\/4370"}],"wp:attachment":[{"href":"https:\/\/spielleute.de\/fr\/wp-json\/wp\/v2\/media?parent=3390"}],"wp:term":[{"taxonomy":"product_brand","embeddable":true,"href":"https:\/\/spielleute.de\/fr\/wp-json\/wp\/v2\/product_brand?post=3390"},{"taxonomy":"product_cat","embeddable":true,"href":"https:\/\/spielleute.de\/fr\/wp-json\/wp\/v2\/product_cat?post=3390"},{"taxonomy":"product_tag","embeddable":true,"href":"https:\/\/spielleute.de\/fr\/wp-json\/wp\/v2\/product_tag?post=3390"}],"curies":[{"name":"wp","href":"https:\/\/api.w.org\/{rel}","templated":true}]}}