{"id":3387,"date":"2022-01-02T17:33:26","date_gmt":"2022-01-02T16:33:26","guid":{"rendered":"https:\/\/spielleute.de\/livre-de-notes-de-spielmann-volume-2\/"},"modified":"2025-01-19T23:08:26","modified_gmt":"2025-01-19T22:08:26","slug":"livre-de-notes-de-spielmann-volume-2","status":"publish","type":"product","link":"https:\/\/spielleute.de\/fr\/livre-de-notes-de-spielmann-volume-2\/","title":{"rendered":"Livre de notes de Spielmann &#8211; Volume 2"},"content":{"rendered":"<p>Pour r\u00e9pondre \u00e0 la demande de nombreux musiciens, nous \u00e9largissons le voyage musical avec \u00ab\u00a0Spielmanns Notenbuch &#8211; Band 2\u00a0\u00bb, la suite de la collection de partitions tr\u00e8s appr\u00e9ci\u00e9e du volume 1. Kamini Barbara Govil-Willers et Friedhelm Capelle ont \u00e0 nouveau rassembl\u00e9 un grand nombre de m\u00e9lodies de diff\u00e9rentes \u00e9poques musicales, sp\u00e9cialement adapt\u00e9es \u00e0 la tessiture d&rsquo;instruments historiques tels que les cors \u00e0 bouquin, les cornets \u00e0 bouquin et les dudeys.<\/p>\n<h3>Une fen\u00eatre sur le pass\u00e9 musical<\/h3>\n<p>Ce volume ouvre une fen\u00eatre sur le pass\u00e9 musical et conduit les musiciens ainsi que les amateurs de musique ancienne directement dans le monde des mouvements polyphoniques pour fl\u00fbtes, bourdons historiques et instruments \u00e0 vent. Avec 92 autres pi\u00e8ces issues de diff\u00e9rentes \u00e9poques musicales, cette \u0153uvre \u00e9largit le r\u00e9pertoire avec des compositions qui se pr\u00eatent parfaitement \u00e0 l&rsquo;ex\u00e9cution sur des instruments \u00e0 bourdon et \u00e0 vent historiques et modernes.<\/p>\n<h3>Un voyage \u00e0 travers les \u00e9poques<\/h3>\n<p>Le livre de partitions est divis\u00e9 en cinq chapitres qui offrent un aper\u00e7u complet de la diversit\u00e9 musicale des si\u00e8cles pass\u00e9s. Des chansons et m\u00e9lodies m\u00e9di\u00e9vales \u00e0 la musique baroque fran\u00e7aise, chaque chapitre commence par une introduction \u00e0 l&rsquo;histoire de la musique et aux pratiques d&rsquo;ex\u00e9cution, ainsi que par des suggestions d&rsquo;instrumentation qui permettent aux musiciens de comprendre en profondeur les morceaux.<\/p>\n<h3>Conception pratique et conviviale<\/h3>\n<p>Dans cette nouvelle \u00e9dition, \u00ab\u00a0Spielmanns Notenbuch &#8211; Band 2\u00a0\u00bb est dot\u00e9 d&rsquo;une reliure Wire-O qui permet une manipulation plus facile, par exemple sur le pupitre. Cette conception pratique permet aux musiciens de se concentrer pleinement sur l&rsquo;ex\u00e9cution.<\/p>\n<h3>Une invitation \u00e0 faire de la musique<\/h3>\n<p>Dans leur pr\u00e9face, Kamini Barbara Govil-Willers et Friedhelm Capelle soulignent le souhait de nombreux musiciens de voir la collection se poursuivre et invitent chacun \u00e0 partager le plaisir de faire de la musique. \u00ab\u00a0Spielmanns Notenbuch &#8211; Band 2\u00a0\u00bb est un hommage \u00e0 la musique ancienne et une invitation au voyage \u00e0 travers les paysages musicaux d&rsquo;autrefois.<\/p>\n<h3>Une exp\u00e9rience visuelle et musicale<\/h3>\n<p>Avec les illustrations pleines d&rsquo;amour et d&rsquo;humour de Hans Georg Lenzen, ce livre de partitions est une exp\u00e9rience visuelle et musicale qui r\u00e9jouit aussi bien les yeux que les oreilles. Ces illustrations font de ce livre une v\u00e9ritable \u0153uvre d&rsquo;art et enrichissent l&rsquo;exp\u00e9rience musicale.<\/p>\n<p>\u00ab\u00a0Spielmann&rsquo;s Notenbuch &#8211; Band 2\u00a0\u00bb est donc plus qu&rsquo;un simple recueil de partitions ; c&rsquo;est un compendium complet de la musique ancienne qui rend accessible la beaut\u00e9 et la profondeur de l&rsquo;histoire de la musique. D\u00e9couvrez et vivez le monde fascinant de la musique ancienne avec ce livre de partitions unique.<\/p>\n","protected":false},"excerpt":{"rendered":"<p>Musique ancienne en mouvements polyphoniques pour fl\u00fbtes, bourdons historiques et instruments \u00e0 vent<\/p>\n","protected":false},"featured_media":4253,"comment_status":"closed","ping_status":"closed","template":"","meta":[],"product_brand":[],"product_cat":[461],"product_tag":[470,468,467,469,496,596],"class_list":{"0":"post-3387","1":"product","2":"type-product","3":"status-publish","4":"has-post-thumbnail","6":"product_cat-notes-de-musique","7":"product_tag-bourree-fr","8":"product_tag-musique-ancienne","9":"product_tag-musique-de-bord","10":"product_tag-partitions-pour-accordeon-diatonique","11":"product_tag-partitions-pour-hummelchen-et-dudey","12":"product_tag-partitions-pour-musique-medievale","14":"first","15":"outofstock","16":"taxable","17":"shipping-taxable","18":"purchasable","19":"product-type-simple"},"_links":{"self":[{"href":"https:\/\/spielleute.de\/fr\/wp-json\/wp\/v2\/product\/3387","targetHints":{"allow":["GET"]}}],"collection":[{"href":"https:\/\/spielleute.de\/fr\/wp-json\/wp\/v2\/product"}],"about":[{"href":"https:\/\/spielleute.de\/fr\/wp-json\/wp\/v2\/types\/product"}],"replies":[{"embeddable":true,"href":"https:\/\/spielleute.de\/fr\/wp-json\/wp\/v2\/comments?post=3387"}],"wp:featuredmedia":[{"embeddable":true,"href":"https:\/\/spielleute.de\/fr\/wp-json\/wp\/v2\/media\/4253"}],"wp:attachment":[{"href":"https:\/\/spielleute.de\/fr\/wp-json\/wp\/v2\/media?parent=3387"}],"wp:term":[{"taxonomy":"product_brand","embeddable":true,"href":"https:\/\/spielleute.de\/fr\/wp-json\/wp\/v2\/product_brand?post=3387"},{"taxonomy":"product_cat","embeddable":true,"href":"https:\/\/spielleute.de\/fr\/wp-json\/wp\/v2\/product_cat?post=3387"},{"taxonomy":"product_tag","embeddable":true,"href":"https:\/\/spielleute.de\/fr\/wp-json\/wp\/v2\/product_tag?post=3387"}],"curies":[{"name":"wp","href":"https:\/\/api.w.org\/{rel}","templated":true}]}}