{"id":3385,"date":"2021-10-01T17:33:26","date_gmt":"2021-10-01T15:33:26","guid":{"rendered":"https:\/\/spielleute.de\/ouvrez-moi\/"},"modified":"2024-06-11T17:00:06","modified_gmt":"2024-06-11T15:00:06","slug":"ouvrez-moi","status":"publish","type":"product","link":"https:\/\/spielleute.de\/fr\/ouvrez-moi\/","title":{"rendered":"Ouvrez-moi"},"content":{"rendered":"<p>Dans cette collection de partitions r\u00e9cemment publi\u00e9e, Ange Hauck a enfin \u00e9crit ses propres compositions et ses morceaux pr\u00e9f\u00e9r\u00e9s pour harpe et autres instruments. Comme elle joue g\u00e9n\u00e9ralement par c\u0153ur, ses morceaux, dont certains sont tr\u00e8s populaires, sont enfin disponibles sous forme de partition.<\/p>\n<h3>Une rencontre qui est devenue une source d&rsquo;inspiration<\/h3>\n<p>Au fil des ans, elle n&rsquo;a pas seulement arrang\u00e9 pour la harpe des m\u00e9lodies qu&rsquo;elle a rencontr\u00e9es ici et l\u00e0. Comme dans une casserole dans laquelle on verse trop de liquide, il y a toujours eu des \u00ab\u00a0d\u00e9bordements\u00a0\u00bb, et c&rsquo;est ainsi que les id\u00e9es musicales ont donn\u00e9 naissance \u00e0 de nouveaux morceaux.<\/p>\n<p>L&rsquo;impulsion la plus forte lui a \u00e9t\u00e9 donn\u00e9e par sa rencontre avec le joueur de triple harpe gallois Robin Huw Bowen et sa musique. Elle \u00e9tait comme \u00ab\u00a0\u00e9lectris\u00e9e\u00a0\u00bb et savait qu&rsquo;elle ne pourrait plus jamais se passer de cette musique dans sa vie. Robin est devenu un professeur et un ami cher. Son influence sur Anges Music peut \u00eatre identifi\u00e9e \u00e0 plusieurs \u00e9gards, mais sa musique et son style ont \u00e9t\u00e9 tr\u00e8s marquants.<\/p>\n<h3>Une collection vari\u00e9e<\/h3>\n<p>Dans ce livre, vous trouverez, outre les c\u00e9l\u00e8bres compositions originales d&rsquo;Ange, de nombreux morceaux traditionnels du Pays de Galles, magnifiquement arrang\u00e9s par ses soins. Toutes les m\u00e9lodies ont \u00e9t\u00e9 not\u00e9es avec des indications d&rsquo;accords et des notes.<\/p>\n<h3>Du traditionnel au moderne<\/h3>\n<p>Ouvre Moi\u00a0\u00bb d&rsquo;Ange Hauck est une invitation \u00e0 explorer le monde de la musique pour harpe, des m\u00e9lodies galloises traditionnelles aux compositions originales modernes. Ce livre offre un large \u00e9ventail de styles et de techniques musicales qui inspireront et d\u00e9fieront les joueurs.<\/p>\n<h3>Une \u0153uvre d&rsquo;amiti\u00e9 musicale<\/h3>\n<p>Ce livre est \u00e9galement un t\u00e9moignage d&rsquo;amiti\u00e9 et de collaboration musicales, marqu\u00e9 par la rencontre avec Robin Huw Bowen et le soutien de coll\u00e8gues musiciens et d&rsquo;amis. \u00ab\u00a0Ouvre Moi\u00a0\u00bb est un d\u00e9clencheur de conversation entre tous ceux qui veulent vivre ou faire vivre la fascination de la harpe.<\/p>\n<h3>Un manuel pratique et inspirant<\/h3>\n<p>Avec des indications d&rsquo;accords et des notes pour chaque morceau, Ange Hauck vous invite \u00e0 interpr\u00e9ter les m\u00e9lodies selon vos go\u00fbts et vos capacit\u00e9s. La collection ne sert pas seulement de manuel d&rsquo;apprentissage, mais aussi de source d&rsquo;inspiration pour les musiciens qui souhaitent d\u00e9couvrir la diversit\u00e9 de la musique pour harpe.<\/p>\n<p>\u00ab\u00a0Ouvre Moi\u00a0\u00bb est un voyage musical qui ouvre la porte \u00e0 des mondes nouveaux et anciens de la musique de harpe. Plongez dans l&rsquo;univers musical d&rsquo;Ouvre Moi et laissez-vous inspirer par la diversit\u00e9 et la beaut\u00e9 des m\u00e9lodies pour harpe et autres instruments.<\/p>\n","protected":false},"excerpt":{"rendered":"<p>M\u00e9lodies pour harpe et autres instruments &#8211; compos\u00e9es, collect\u00e9es et arrang\u00e9es par Ange Hauck<\/p>\n","protected":false},"featured_media":4454,"comment_status":"closed","ping_status":"closed","template":"","meta":[],"product_brand":[],"product_cat":[461],"product_tag":[466,463,464],"class_list":{"0":"post-3385","1":"product","2":"type-product","3":"status-publish","4":"has-post-thumbnail","6":"product_cat-notes-de-musique","7":"product_tag-a-dro","8":"product_tag-partitions-pour-bal-folk","9":"product_tag-partitions-pour-harpe","11":"first","12":"instock","13":"taxable","14":"shipping-taxable","15":"purchasable","16":"product-type-simple"},"_links":{"self":[{"href":"https:\/\/spielleute.de\/fr\/wp-json\/wp\/v2\/product\/3385","targetHints":{"allow":["GET"]}}],"collection":[{"href":"https:\/\/spielleute.de\/fr\/wp-json\/wp\/v2\/product"}],"about":[{"href":"https:\/\/spielleute.de\/fr\/wp-json\/wp\/v2\/types\/product"}],"replies":[{"embeddable":true,"href":"https:\/\/spielleute.de\/fr\/wp-json\/wp\/v2\/comments?post=3385"}],"wp:featuredmedia":[{"embeddable":true,"href":"https:\/\/spielleute.de\/fr\/wp-json\/wp\/v2\/media\/4454"}],"wp:attachment":[{"href":"https:\/\/spielleute.de\/fr\/wp-json\/wp\/v2\/media?parent=3385"}],"wp:term":[{"taxonomy":"product_brand","embeddable":true,"href":"https:\/\/spielleute.de\/fr\/wp-json\/wp\/v2\/product_brand?post=3385"},{"taxonomy":"product_cat","embeddable":true,"href":"https:\/\/spielleute.de\/fr\/wp-json\/wp\/v2\/product_cat?post=3385"},{"taxonomy":"product_tag","embeddable":true,"href":"https:\/\/spielleute.de\/fr\/wp-json\/wp\/v2\/product_tag?post=3385"}],"curies":[{"name":"wp","href":"https:\/\/api.w.org\/{rel}","templated":true}]}}