{"id":11329,"date":"2025-11-12T14:06:16","date_gmt":"2025-11-12T13:06:16","guid":{"rendered":"https:\/\/spielleute.de\/chansons-du-roitelet\/"},"modified":"2025-11-12T14:06:16","modified_gmt":"2025-11-12T13:06:16","slug":"chansons-du-roitelet","status":"publish","type":"product","link":"https:\/\/spielleute.de\/fr\/chansons-du-roitelet\/","title":{"rendered":"Chansons du roitelet"},"content":{"rendered":"<p><strong>\u00ab\u00a0Les chansons de la reine des neiges\u00a0\u00bb<\/strong> est un livre pour tous ceux qui ont envie de vibes m\u00e9di\u00e9vales, de vraies m\u00e9lodies et d&rsquo;histoires fortes. La joueuse Alheit vit dans le ch\u00e2teau du chevalier Georg et montre \u00e0 Matthias, Thea et W\u00f6lfchen combien de musique se cache dans leurs contes. Chaque histoire se termine par une chanson que tu peux imm\u00e9diatement chanter ou jouer avec ton instrument. \u2728<\/p>\n<p>Dans le livre, tu trouveras <strong>13 chansons de contes de f\u00e9es<\/strong> sur <strong>des m\u00e9lodies transmises depuis le Moyen-\u00c2ge<\/strong>. Il s&rsquo;agit notamment d&rsquo;Undine, des sept nains, de Till Eulenspiegel, des musiciens de Br\u00eame, de Madame Holle, de R\u00fcbezahl et de nombreux autres personnages que tu connais probablement d\u00e9j\u00e0 &#8211; mais ici sous une forme qui semble bien plus r\u00e9elle.<br \/>\nTu peux lire les courtes histoires directement \u00e0 voix haute, et les chansons sont plac\u00e9es de mani\u00e8re \u00e0 ce que m\u00eame en tant que jeune:r musicien:ne, tu puisses t&rsquo;en sortir facilement. \ud83c\udfb6 <\/p>\n<p>En plus, les illustrations de Janca Hinrichs apportent vraiment quelque chose : elles ouvrent de petits mondes visuels dans lesquels tu trouves toujours de nouveaux d\u00e9tails. Ce sont justement ces images qui donnent un caract\u00e8re particulier aux histoires et qui approfondissent le sentiment m\u00e9di\u00e9val d&rsquo;une mani\u00e8re qui est agr\u00e9ablement calme et qui reste imm\u00e9diatement en m\u00e9moire. <\/p>\n<p>Parfait pour toi si tu<\/p>\n<ul>\n<li>tu joues du luth, de la fl\u00fbte, de la cornemuse, de la vielle \u00e0 roue, de l&rsquo;accord\u00e9on ou tu chantes tout simplement<\/li>\n<li>tu veux faire d\u00e9couvrir la musique aux enfants et aux jeunes<\/li>\n<li>tu cherches un livre qui te pla\u00eet tout de suite &#8211; sans longues explications<\/li>\n<\/ul>\n<p>Gr\u00e2ce au code QR dans le livre, tu auras acc\u00e8s \u00e0 une m\u00e9diath\u00e8que bien remplie :<\/p>\n<ul>\n<li>Exemples audio de toutes les chansons<\/li>\n<li>Id\u00e9es de danse et de jeux<\/li>\n<li><strong>Accompagnements Orff<\/strong><\/li>\n<li>Impulsions sur sc\u00e8ne<\/li>\n<li>Versions \u00e0 lire de quelques contes<\/li>\n<li>Phrases pour la musique \u00e9l\u00e9mentaire<\/li>\n<\/ul>\n<p><strong>\u00ab\u00a0Les chansons de la reine des neiges\u00a0\u00bb<\/strong> convient aux familles, aux \u00e9coles, aux groupes de jeunes et \u00e0 tous ceux qui veulent garder la musique traditionnelle vivante &#8211; avec des histoires qui prennent imm\u00e9diatement et des m\u00e9lodies qui restent dans la t\u00eate.<\/p>\n","protected":false},"excerpt":{"rendered":"<p>La musique f\u00e9erique du Moyen-\u00c2ge<\/p>\n","protected":false},"featured_media":10918,"comment_status":"open","ping_status":"closed","template":"","meta":[],"product_brand":[],"product_cat":[534],"product_tag":[1761,1753,1754,1757,1765,1760,1764,1769,1758,1763,1755,1756,1767,1768,1293,467,1770,1766,1059,1762,1771,1759],"class_list":{"0":"post-11329","1":"product","2":"type-product","3":"status-publish","4":"has-post-thumbnail","6":"product_cat-romans","7":"product_tag-bruyant","8":"product_tag-chansons-de-contes-de-fees","9":"product_tag-chansons-pour-enfants","10":"product_tag-chanter-et-jouer","11":"product_tag-contes-de-fees","12":"product_tag-cornemuse","13":"product_tag-ecole-primaire","14":"product_tag-faire-de-la-musique-avec-les-enfants","15":"product_tag-folk","16":"product_tag-kita","17":"product_tag-la-vie-de-chateau","18":"product_tag-lire-a-haute-voix","19":"product_tag-livre-dhistoires","20":"product_tag-livre-de-notes","21":"product_tag-moyen-age","22":"product_tag-musique-de-bord","23":"product_tag-musique-familiale","24":"product_tag-musique-medievale","25":"product_tag-musique-traditionnelle","26":"product_tag-pedagogie-de-la-musique","27":"product_tag-theatre","28":"product_tag-vielle-a-roue","29":"pa_b035_a01_b037-christine-hinrichs","30":"pa_b035_a01_b037-janca-hinrichs","32":"first","33":"instock","34":"taxable","35":"shipping-taxable","36":"purchasable","37":"product-type-simple"},"_links":{"self":[{"href":"https:\/\/spielleute.de\/fr\/wp-json\/wp\/v2\/product\/11329","targetHints":{"allow":["GET"]}}],"collection":[{"href":"https:\/\/spielleute.de\/fr\/wp-json\/wp\/v2\/product"}],"about":[{"href":"https:\/\/spielleute.de\/fr\/wp-json\/wp\/v2\/types\/product"}],"replies":[{"embeddable":true,"href":"https:\/\/spielleute.de\/fr\/wp-json\/wp\/v2\/comments?post=11329"}],"wp:featuredmedia":[{"embeddable":true,"href":"https:\/\/spielleute.de\/fr\/wp-json\/wp\/v2\/media\/10918"}],"wp:attachment":[{"href":"https:\/\/spielleute.de\/fr\/wp-json\/wp\/v2\/media?parent=11329"}],"wp:term":[{"taxonomy":"product_brand","embeddable":true,"href":"https:\/\/spielleute.de\/fr\/wp-json\/wp\/v2\/product_brand?post=11329"},{"taxonomy":"product_cat","embeddable":true,"href":"https:\/\/spielleute.de\/fr\/wp-json\/wp\/v2\/product_cat?post=11329"},{"taxonomy":"product_tag","embeddable":true,"href":"https:\/\/spielleute.de\/fr\/wp-json\/wp\/v2\/product_tag?post=11329"}],"curies":[{"name":"wp","href":"https:\/\/api.w.org\/{rel}","templated":true}]}}