{"id":62,"date":"2022-09-13T13:14:17","date_gmt":"2022-09-13T11:14:17","guid":{"rendered":"https:\/\/folkworld.apps-1and1.net\/revocation\/"},"modified":"2025-04-17T10:45:32","modified_gmt":"2025-04-17T08:45:32","slug":"revocation","status":"publish","type":"page","link":"https:\/\/spielleute.de\/fr\/revocation\/","title":{"rendered":"R\u00e9vocation"},"content":{"rendered":"<div>\n<h2>A. Informations sur le droit de r\u00e9tractation<\/h2>\n<h3>Introduction<\/h3>\n<p>Les consommateurs disposent d&rsquo;un droit de r\u00e9tractation conform\u00e9ment aux dispositions suivantes, le consommateur \u00e9tant toute personne physique qui conclut un acte juridique \u00e0 des fins qui, pour l&rsquo;essentiel, ne peuvent \u00eatre attribu\u00e9es ni \u00e0 son activit\u00e9 commerciale ni \u00e0 son activit\u00e9 professionnelle ind\u00e9pendante :<\/p>\n<h3>Droit de r\u00e9tractation<\/h3>\n<p>Tu as le droit de te r\u00e9tracter de ce contrat dans un d\u00e9lai de quatorze jours sans donner de raisons.<\/p>\n<p>Le d\u00e9lai de r\u00e9tractation est de quatorze jours \u00e0 compter du jour o\u00f9 vous, ou un tiers autre que le transporteur et d\u00e9sign\u00e9 par vous, prenez ou avez pris possession du dernier produit.<\/p>\n<p>Pour exercer ton droit de r\u00e9tractation, tu dois nous informer (Jonas B\u00f6ttcher, Verlag der Spielleute &amp; tradmusica, M\u00fchlenheuweg 32, 41749 Viersen, Allemagne, t\u00e9l. : 076211617738, e-mail : mail@folk.world) de ta d\u00e9cision de te r\u00e9tracter du pr\u00e9sent contrat au moyen d&rsquo;une d\u00e9claration claire (par exemple, une lettre envoy\u00e9e par la poste ou un e-mail). Pour ce faire, tu peux utiliser le mod\u00e8le de formulaire de r\u00e9tractation ci-joint, qui n&rsquo;est toutefois pas obligatoire.<\/p>\n<p>Pour que le d\u00e9lai de r\u00e9tractation soit respect\u00e9, il suffit que tu envoies la communication relative \u00e0 l&rsquo;exercice du droit de r\u00e9tractation avant l&rsquo;expiration du d\u00e9lai de r\u00e9tractation.<\/p>\n<h3>Cons\u00e9quences de la r\u00e9tractation<\/h3>\n<p>Si tu r\u00e9voques ce contrat, nous te rembourserons tous les paiements que nous avons re\u00e7us de toi, y compris les frais de livraison (\u00e0 l&rsquo;exception des frais suppl\u00e9mentaires d\u00e9coulant du fait que tu as choisi un mode de livraison autre que le mode de livraison standard le moins cher que nous proposons), sans d\u00e9lai et au plus tard dans les quatorze jours \u00e0 compter de la date \u00e0 laquelle nous avons re\u00e7u la communication de ta r\u00e9vocation de ce contrat. Pour ce remboursement, nous utilisons le m\u00eame moyen de paiement que celui que tu as utilis\u00e9 lors de la transaction initiale, sauf accord contraire explicite avec toi ; en aucun cas, tu n&rsquo;auras \u00e0 payer de frais pour ce remboursement. Nous pouvons refuser de te rembourser jusqu&rsquo;\u00e0 ce que nous ayons r\u00e9cup\u00e9r\u00e9 les marchandises ou jusqu&rsquo;\u00e0 ce que tu aies fourni la preuve que tu as renvoy\u00e9 les marchandises, la date retenue \u00e9tant la plus proche.<\/p>\n<p>Vous devrez renvoyer ou rendre le bien, sans retard excessif et, en tout \u00e9tat de cause, au plus tard quatorze jours \u00e0 compter du jour o\u00f9 vous nous aurez communiqu\u00e9 votre d\u00e9cision de r\u00e9tractation du pr\u00e9sent contrat.<\/p>\n<p>Les retours\/renvois peuvent \u00eatre adress\u00e9s exclusivement \u00e0 l&rsquo;adresse suivante :<br \/>Folk.World, c\/o 32878 Geiger, Marie-Curie-Str. 5, 79539 L\u00f6rrach, Allemagne.<\/p>\n<p>Le d\u00e9lai est respect\u00e9 si tu envoies les marchandises avant l&rsquo;expiration du d\u00e9lai de quatorze jours.<\/p>\n<p>Les frais directs de renvoi des marchandises sont \u00e0 ta charge.<\/p>\n<p>Vous ne devez payer pour une \u00e9ventuelle perte de valeur des marchandises que si cette perte de valeur est due \u00e0 une manipulation non n\u00e9cessaire pour v\u00e9rifier la nature, les caract\u00e9ristiques et le fonctionnement des marchandises.<\/p>\n<h3>Exclusion ou extinction pr\u00e9matur\u00e9e du droit de r\u00e9tractation<\/h3>\n<p>Le droit de r\u00e9tractation expire pr\u00e9matur\u00e9ment pour les contrats de fourniture d&rsquo;enregistrements audio ou vid\u00e9o ou de logiciels informatiques dans un emballage scell\u00e9, si le sceau a \u00e9t\u00e9 retir\u00e9 apr\u00e8s la livraison.<\/p>\n<h3>Op\u00e9rations li\u00e9es\/financ\u00e9es<\/h3>\n<p>Si vous financez ce contrat par un pr\u00eat et que vous le r\u00e9voquez ult\u00e9rieurement, vous n&rsquo;\u00eates plus li\u00e9 non plus par le contrat de pr\u00eat, \u00e0 condition que les deux contrats forment une unit\u00e9 \u00e9conomique. Cela est particuli\u00e8rement vrai si nous sommes \u00e9galement votre pr\u00eateur ou si votre pr\u00eateur fait appel \u00e0 nous pour le financement. Si le pr\u00eat nous est d\u00e9j\u00e0 parvenu au moment o\u00f9 la r\u00e9tractation ou la restitution des biens prend effet, votre pr\u00eateur est subrog\u00e9 dans nos droits et obligations d\u00e9coulant du contrat financ\u00e9 par rapport \u00e0 vous en ce qui concerne les cons\u00e9quences juridiques de la r\u00e9tractation ou de la restitution. Cette derni\u00e8re disposition ne s&rsquo;applique pas si le pr\u00e9sent contrat a pour objet l&rsquo;acquisition d&rsquo;instruments financiers (par exemple, des valeurs mobili\u00e8res, des devises ou des produits d\u00e9riv\u00e9s). Si vous souhaitez \u00e9viter autant que possible d&rsquo;\u00eatre li\u00e9 par un contrat, faites usage de votre droit de r\u00e9tractation et annulez \u00e9galement le contrat de pr\u00eat si vous disposez \u00e9galement d&rsquo;un droit de r\u00e9tractation pour ce dernier.<\/p>\n<h3>Remarques g\u00e9n\u00e9rales<\/h3>\n<p>1) Veuillez \u00e9viter d&rsquo;endommager ou de salir les marchandises. Veuillez nous renvoyer le produit dans son emballage d&rsquo;origine, avec tous ses accessoires et tous les \u00e9l\u00e9ments de l&#8217;emballage. Utilisez un suremballage de protection si n\u00e9cessaire. Si tu ne poss\u00e8des plus l&#8217;emballage d&rsquo;origine, veille \u00e0 ce qu&rsquo;il soit suffisamment prot\u00e9g\u00e9 contre les dommages dus au transport en utilisant un emballage appropri\u00e9.<br \/>2) Ne nous renvoie pas la marchandise en port d\u00fb.<br \/>3) Veuillez noter que les points 1-2 ci-dessus ne sont pas une condition pr\u00e9alable \u00e0 l&rsquo;exercice effectif du droit de r\u00e9tractation.<\/p>\n<h2>B. Formulaire de r\u00e9tractation<\/h2>\n<p>Si vous souhaitez annuler le contrat, veuillez remplir et renvoyer ce formulaire.<\/p>\n<p>\u00c0 l&rsquo;adresse<\/p>\n<p>Jonas B\u00f6ttcher<br \/>Verlag der Spielleute &amp; tradmusica<br \/>M\u00fchlenheuweg 32<br \/>41749 Viersen<br \/>Allemagne<\/p>\n<p>E-mail : mail@folk.world<\/p>\n<p>Par la pr\u00e9sente, je\/nous (*) r\u00e9voque(ons) le contrat que j&rsquo;ai\/nous avons (*) conclu pour l&rsquo;achat des marchandises suivantes (*)\/la fourniture du service suivant (*)<\/p>\n<p>_______________________________________________________<\/p>\n<p>_______________________________________________________<\/p>\n<p>Command\u00e9 le (*) ____________ \/ re\u00e7u le (*) __________________<\/p>\n<p>________________________________________________________<br \/>Nom du\/des consommateur(s)<\/p>\n<p>________________________________________________________<br \/>Adresse du\/des consommateur(s)<\/p>\n<p>________________________________________________________<br \/>Signature du\/des consommateur(s) (uniquement en cas de communication sur papier)<\/p>\n<p>_________________________<br \/>Date<\/p>\n<p>(*) Biffer la mention inutile<\/p>\n<\/div>\n<div id=\"itkanzlei_txt_copyright\" style=\"font-size: 12px; margin-top: 8em;\">\n<div style=\"display: inline-block; vertical-align: top; margin-left: 5px; float: right; white-space: nowrap;\">Date : 12\/04\/2025, 21:07:29<\/div>\n<div style=\"clear: right;\"><\/div>\n<\/div>\n","protected":false},"excerpt":{"rendered":"<p>A. Informations sur le droit de r\u00e9tractation Introduction Les consommateurs disposent d&rsquo;un droit de r\u00e9tractation conform\u00e9ment aux dispositions suivantes, le consommateur \u00e9tant toute personne physique qui conclut un acte juridique [&hellip;]<\/p>\n","protected":false},"author":1,"featured_media":0,"parent":0,"menu_order":0,"comment_status":"closed","ping_status":"closed","template":"","meta":{"footnotes":""},"class_list":["post-62","page","type-page","status-publish","hentry"],"_links":{"self":[{"href":"https:\/\/spielleute.de\/fr\/wp-json\/wp\/v2\/pages\/62","targetHints":{"allow":["GET"]}}],"collection":[{"href":"https:\/\/spielleute.de\/fr\/wp-json\/wp\/v2\/pages"}],"about":[{"href":"https:\/\/spielleute.de\/fr\/wp-json\/wp\/v2\/types\/page"}],"author":[{"embeddable":true,"href":"https:\/\/spielleute.de\/fr\/wp-json\/wp\/v2\/users\/1"}],"replies":[{"embeddable":true,"href":"https:\/\/spielleute.de\/fr\/wp-json\/wp\/v2\/comments?post=62"}],"version-history":[{"count":4,"href":"https:\/\/spielleute.de\/fr\/wp-json\/wp\/v2\/pages\/62\/revisions"}],"predecessor-version":[{"id":5918,"href":"https:\/\/spielleute.de\/fr\/wp-json\/wp\/v2\/pages\/62\/revisions\/5918"}],"wp:attachment":[{"href":"https:\/\/spielleute.de\/fr\/wp-json\/wp\/v2\/media?parent=62"}],"curies":[{"name":"wp","href":"https:\/\/api.w.org\/{rel}","templated":true}]}}