{"id":40,"date":"2022-09-13T13:14:16","date_gmt":"2022-09-13T11:14:16","guid":{"rendered":"https:\/\/folkworld.apps-1and1.net\/mentions-legales\/"},"modified":"2025-04-17T10:45:32","modified_gmt":"2025-04-17T08:45:32","slug":"mentions-legales","status":"publish","type":"page","link":"https:\/\/spielleute.de\/fr\/mentions-legales\/","title":{"rendered":"Mentions l\u00e9gales"},"content":{"rendered":"<div>Jonas B\u00f6ttcher<br \/>Verlag der Spielleute &amp; tradmusica<br \/>M\u00fchlenheuweg 32<br \/>41749 Viersen<br \/>Allemagne<\/p>\n<p>T\u00e9l. : 076211617738<br \/>E-mail : mail@folk.world<\/p>\n<p>Num\u00e9ro de TVA intracommunautaire : DE350619914<\/p>\n<p>Plate-forme de la Commission europ\u00e9enne pour le r\u00e8glement en ligne des litiges <a target=\"_blank\" href=\"https:\/\/ec.europa.eu\/consumers\/odr\" rel=\"noopener\">:<\/a> https:\/\/ec.europa.eu\/consumers\/odr<\/p>\n<p>Nous ne sommes ni oblig\u00e9s ni pr\u00eats \u00e0 participer \u00e0 une proc\u00e9dure de r\u00e8glement des litiges devant un organisme de conciliation des consommateurs.<\/p><\/div>\n<div id=\"itkanzlei_txt_copyright\" style=\"font-size: 12px; margin-top: 8em;\">\n<div style=\"display: inline-block; vertical-align: top; margin-left: 5px; float: right; white-space: nowrap;\">Mise \u00e0 jour : 12\/04\/2025, 19:25:05<\/div>\n<div style=\"clear: right;\"><\/div>\n<\/div>\n","protected":false},"excerpt":{"rendered":"<p>Jonas B\u00f6ttcherVerlag der Spielleute &amp; tradmusicaM\u00fchlenheuweg 3241749 ViersenAllemagne T\u00e9l. : 076211617738E-mail : mail@folk.world Num\u00e9ro de TVA intracommunautaire : DE350619914 Plate-forme de la Commission europ\u00e9enne pour le r\u00e8glement en ligne des [&hellip;]<\/p>\n","protected":false},"author":1,"featured_media":0,"parent":0,"menu_order":0,"comment_status":"closed","ping_status":"closed","template":"","meta":{"footnotes":""},"class_list":["post-40","page","type-page","status-publish","hentry"],"_links":{"self":[{"href":"https:\/\/spielleute.de\/fr\/wp-json\/wp\/v2\/pages\/40","targetHints":{"allow":["GET"]}}],"collection":[{"href":"https:\/\/spielleute.de\/fr\/wp-json\/wp\/v2\/pages"}],"about":[{"href":"https:\/\/spielleute.de\/fr\/wp-json\/wp\/v2\/types\/page"}],"author":[{"embeddable":true,"href":"https:\/\/spielleute.de\/fr\/wp-json\/wp\/v2\/users\/1"}],"replies":[{"embeddable":true,"href":"https:\/\/spielleute.de\/fr\/wp-json\/wp\/v2\/comments?post=40"}],"version-history":[{"count":4,"href":"https:\/\/spielleute.de\/fr\/wp-json\/wp\/v2\/pages\/40\/revisions"}],"predecessor-version":[{"id":5916,"href":"https:\/\/spielleute.de\/fr\/wp-json\/wp\/v2\/pages\/40\/revisions\/5916"}],"wp:attachment":[{"href":"https:\/\/spielleute.de\/fr\/wp-json\/wp\/v2\/media?parent=40"}],"curies":[{"name":"wp","href":"https:\/\/api.w.org\/{rel}","templated":true}]}}