{"id":39,"date":"2022-09-13T13:14:16","date_gmt":"2022-09-13T11:14:16","guid":{"rendered":"https:\/\/folkworld.apps-1and1.net\/expedition-livraison\/"},"modified":"2025-04-17T10:45:36","modified_gmt":"2025-04-17T08:45:36","slug":"expedition-livraison","status":"publish","type":"page","link":"https:\/\/spielleute.de\/fr\/expedition-livraison\/","title":{"rendered":"Frais d&rsquo;exp\u00e9dition et de livraison"},"content":{"rendered":"\n<p class=\"has-text-align-center\">Fais confiance \u00e0 la maison d&rsquo;\u00e9dition des m\u00e9nestrels pour un processus d&rsquo;envoi efficace. Nous utilisons DHL pour exp\u00e9dier rapidement et de mani\u00e8re rentable les commandes de musique et de litt\u00e9rature dans le monde entier. Les frais d&rsquo;envoi sont \u00e9chelonn\u00e9s de mani\u00e8re transparente en fonction du poids, ce qui te permet de toujours trouver l&rsquo;option qui te convient. Que ce soit en Allemagne ou \u00e0 l&rsquo;international, nous garantissons une r\u00e9ception s\u00fbre et rapide de tes articles.<\/p>\n\n<h2 class=\"wp-block-heading\">Livraison en Allemagne<\/h2>\n\n<p>Nos frais d&rsquo;exp\u00e9dition d\u00e9pendent du poids, tu peux voir le poids d&rsquo;exp\u00e9dition de chaque article sur la page de d\u00e9tail :<\/p>\n\n<figure class=\"wp-block-table\"><table><thead><tr><th>Produit<\/th><th>Prix (net)<\/th><\/tr><\/thead><tbody><tr><td>DHL PAKET jusqu&rsquo;\u00e0 1 kg<\/td><td>5,05 \u20ac<\/td><\/tr><tr><td>DHL PAKET jusqu&rsquo;\u00e0 3 kg<\/td><td>5,55 \u20ac<\/td><\/tr><tr><td>DHL PAKET jusqu&rsquo;\u00e0 5 kg<\/td><td>6,60 \u20ac<\/td><\/tr><tr><td>DHL PAKET jusqu&rsquo;\u00e0 10 kg<\/td><td>8,70 \u20ac<\/td><\/tr><tr><td>DHL PAKET jusqu&rsquo;\u00e0 20 kg<\/td><td>13,60 \u20ac<\/td><\/tr><tr><td>DHL PAKET jusqu&rsquo;\u00e0 31,5 kg<\/td><td>16,20 \u20ac<\/td><\/tr><tr><td>DHL PAKET de plus de 31,5 kg<\/td><td>37,20 \u20ac<\/td><\/tr><\/tbody><\/table><\/figure>\n\n<p>Tous les prix s&rsquo;entendent hors taxes. TVA<\/p>\n\n<h2 class=\"wp-block-heading\">Envoi en dehors de l&rsquo;Allemagne<\/h2>\n\n<p>Nos frais d&rsquo;exp\u00e9dition d\u00e9pendent du poids, tu peux voir le poids d&rsquo;exp\u00e9dition de chaque article sur la page de d\u00e9tail. Nous exp\u00e9dions avec DHL PAKET INTERNATIONAL :<\/p>\n\n<figure class=\"wp-block-table\"><table><thead><tr><th>ZONE TARIFAIRE<br\/>AVEC PAYS<\/th><th>Prix unitaire (net)<\/th><th>Prix par kg (net)<\/th><\/tr><\/thead><tbody><tr><td><strong>Zone 1 &#8211; UE<br\/><\/strong>Belgique, Danemark, France, Luxembourg, Monaco, Pays-Bas, Autriche, Pologne, R\u00e9publique tch\u00e8que<\/td><td>13,50 \u20ac<\/td><td>1,00 \u20ac<\/td><\/tr><tr><td><strong>Zone 1 &#8211; non UE<br\/><\/strong>Liechtenstein, Suisse<\/td><td>22,00 \u20ac<\/td><td>1,00 \u20ac<\/td><\/tr><tr><td><strong>Zone 2 &#8211; UE\/non UE<br\/><\/strong>Andorre, Italie, Saint-Marin, Su\u00e8de, Slovaquie, Slov\u00e9nie, Espagne, Hongrie, Vatican, Royaume-Uni<\/td><td>13,60 \u20ac<\/td><td>1,00 \u20ac<\/td><\/tr><tr><td><strong>Zone 3 &#8211; UE<br\/><\/strong>Bulgarie, Chypre, Estonie, Finlande, Gr\u00e8ce, Irlande, Croatie, Lettonie, Lituanie, Malte, Portugal, Roumanie<\/td><td>13,60 \u20ac<\/td><td>1,10 \u20ac<\/td><\/tr><tr><td><strong>Zone 3 &#8211; non UE<br\/><\/strong>Albanie, Bosnie-Herz\u00e9govine, \u00celes F\u00e9ro\u00e9, Groenland, Islande, Mac\u00e9doine du Nord, Mont\u00e9n\u00e9gro, Norv\u00e8ge, R\u00e9publique de Moldavie, Serbie, Ukraine, Bi\u00e9lorussie<\/td><td>20,90 \u20ac<\/td><td>1,90 \u20ac<\/td><\/tr><tr><td><strong>Zone 4 &#8211; non UE<br\/><\/strong>Egypte, Alg\u00e9rie, G\u00e9orgie, Isra\u00ebl, Liban, Libye, Maroc, F\u00e9d\u00e9ration de Russie, Syrie, Tunisie, Turquie<\/td><td>24,65 \u20ac<\/td><td>2,80 \u20ac<\/td><\/tr><tr><td><strong>Zone 5 &#8211; non UE<br\/><\/strong>Afghanistan, Arm\u00e9nie, Azerba\u00efdjan, Bahre\u00efn, Bangladesh, Bhoutan, Brunei Darussalam, Chine (R\u00e9publique populaire), Inde, Indon\u00e9sie, Irak, Iran, Japon, Y\u00e9men, Jordanie, Cambodge, Canada, Kazakhstan, Qatar, Kirghizistan, Kowe\u00eft, Laos, Malaisie, Maldives, Mexique, Mongolie, Myanmar, N\u00e9pal, Cor\u00e9e du Nord, Oman, Timor oriental, Pakistan, Papouasie-Nouvelle-Guin\u00e9e, Philippines, Arabie saoudite, Singapour, Sri Lanka, Cor\u00e9e du Sud, Tadjikistan, Taiwan, Tha\u00eflande, Turkm\u00e9nistan, USA, Ouzb\u00e9kistan, Ver. \u00c9mirats arabes, Vi\u00eat Nam<\/td><td>28,50 \u20ac<\/td><td>6,00 \u20ac<\/td><\/tr><tr><td><strong>Zone 6 &#8211; non UE<br\/><\/strong>Reste du monde<\/td><td>36,50 \u20ac<\/td><td>8,00 \u20ac<\/td><\/tr><\/tbody><\/table><\/figure>\n\n<p>Tous les prix s&rsquo;entendent hors taxes. TVA<\/p>\n\n<p>Pour les livraisons en dehors de l&rsquo;Union europ\u00e9enne, des frais suppl\u00e9mentaires peuvent \u00eatre occasionn\u00e9s dans certains cas, dont nous ne sommes pas responsables et qui sont \u00e0 ta charge. Il s&rsquo;agit par exemple des frais de transfert de fonds par les \u00e9tablissements de cr\u00e9dit (par exemple, frais de virement, frais de change) ou des droits ou taxes li\u00e9s \u00e0 l&rsquo;importation (par exemple, droits de douane). Tu trouveras de plus amples informations par exemple sur https:\/\/ec.europa.eu\/taxation_customs\/home_de et sur la TVA \u00e0 l&rsquo;importation sur http:\/\/auskunft.ezt-online.de\/ezto\/Welcome.do ainsi que, pour la Suisse en particulier, sur http:\/\/xtares.admin.ch\/tares\/login\/loginFormFiller.do.<\/p>\n\n<h2 class=\"wp-block-heading\">Assurance transport<\/h2>\n\n<p>\u00ab\u00a0DHL PAKET National\u00a0\u00bb et \u00ab\u00a0DHL PAKET International\u00a0\u00bb sont assur\u00e9s jusqu&rsquo;\u00e0 un montant de 500,- \u20ac. Pour une valeur de marchandise jusqu&rsquo;\u00e0 2.500,- \u20ac, nous r\u00e9servons pour toi gratuitement l&rsquo;assurance transport suppl\u00e9mentaire A. Pour une valeur de marchandise jusqu&rsquo;\u00e0 25.000,- \u20ac, nous r\u00e9servons pour toi gratuitement l&rsquo;assurance transport suppl\u00e9mentaire B.<\/p>\n\n<h2 class=\"wp-block-heading\">D\u00e9lai de livraison<\/h2>\n\n<p>Nous exp\u00e9dions tous les jours ouvrables. Nous envoyons imm\u00e9diatement la marchandise qui est directement en stock. Nous te communiquons les d\u00e9lais de livraison pour les articles fabriqu\u00e9s pour toi dans notre confirmation de commande.<\/p>\n\n<h2 class=\"wp-block-heading\">Taxe sur la valeur ajout\u00e9e (TVA)<\/h2>\n\n<ul class=\"wp-block-list\">\n<li><strong>Livraisons en Allemagne<\/strong>: nos prix incluent la TVA l\u00e9gale de 19%.<\/li>\n\n\n\n<li><strong>Livraisons dans les pays de l&rsquo;UE<\/strong>:\n<ul class=\"wp-block-list\">\n<li><strong>Pour les clients priv\u00e9s (B2C)<\/strong>: Comme nous renon\u00e7ons \u00e0 la proc\u00e9dure OSS, la TVA allemande de 19% s&rsquo;applique conform\u00e9ment au \u00a7 3c alin\u00e9a 4 de la loi sur la TVA, sans imposition dans le pays de destination. <\/li>\n\n\n\n<li><strong>Pour les clients professionnels (B2B) avec un num\u00e9ro de TVA valide.<\/strong>: Si le num\u00e9ro de TVA est indiqu\u00e9 et valid\u00e9 avec succ\u00e8s, la TVA ne s&rsquo;applique pas (livraison intracommunautaire exon\u00e9r\u00e9e).<\/li>\n<\/ul>\n<\/li>\n\n\n\n<li><strong>Livraisons dans les pays non membres de l&rsquo;UE<\/strong>: nos prix s&rsquo;entendent nets, la TVA allemande n&rsquo;est pas factur\u00e9e. Note que l&rsquo;importation dans ton pays peut \u00eatre soumise \u00e0 des droits de douane ou des taxes suppl\u00e9mentaires, qui seront \u00e0 ta charge. <\/li>\n<\/ul>\n","protected":false},"excerpt":{"rendered":"<p>Fais confiance \u00e0 la maison d&rsquo;\u00e9dition des m\u00e9nestrels pour un processus d&rsquo;envoi efficace. Nous utilisons DHL pour exp\u00e9dier rapidement et de mani\u00e8re rentable les commandes de musique et de litt\u00e9rature [&hellip;]<\/p>\n","protected":false},"author":1,"featured_media":1647,"parent":0,"menu_order":0,"comment_status":"closed","ping_status":"closed","template":"","meta":{"footnotes":""},"class_list":["post-39","page","type-page","status-publish","has-post-thumbnail","hentry"],"_links":{"self":[{"href":"https:\/\/spielleute.de\/fr\/wp-json\/wp\/v2\/pages\/39","targetHints":{"allow":["GET"]}}],"collection":[{"href":"https:\/\/spielleute.de\/fr\/wp-json\/wp\/v2\/pages"}],"about":[{"href":"https:\/\/spielleute.de\/fr\/wp-json\/wp\/v2\/types\/page"}],"author":[{"embeddable":true,"href":"https:\/\/spielleute.de\/fr\/wp-json\/wp\/v2\/users\/1"}],"replies":[{"embeddable":true,"href":"https:\/\/spielleute.de\/fr\/wp-json\/wp\/v2\/comments?post=39"}],"version-history":[{"count":11,"href":"https:\/\/spielleute.de\/fr\/wp-json\/wp\/v2\/pages\/39\/revisions"}],"predecessor-version":[{"id":5924,"href":"https:\/\/spielleute.de\/fr\/wp-json\/wp\/v2\/pages\/39\/revisions\/5924"}],"wp:featuredmedia":[{"embeddable":true,"href":"https:\/\/spielleute.de\/fr\/wp-json\/wp\/v2\/media\/1647"}],"wp:attachment":[{"href":"https:\/\/spielleute.de\/fr\/wp-json\/wp\/v2\/media?parent=39"}],"curies":[{"name":"wp","href":"https:\/\/api.w.org\/{rel}","templated":true}]}}