{"id":382,"date":"2023-09-27T15:50:41","date_gmt":"2023-09-27T13:50:41","guid":{"rendered":"https:\/\/stage.spielleute.de\/contacter-la-maison-dedition\/"},"modified":"2024-03-30T19:22:41","modified_gmt":"2024-03-30T18:22:41","slug":"contacter-la-maison-dedition","status":"publish","type":"page","link":"https:\/\/spielleute.de\/fr\/contacter-la-maison-dedition\/","title":{"rendered":"Contacter la maison d&rsquo;\u00e9dition"},"content":{"rendered":"\n<p class=\"has-text-align-center\">Bienvenue aux \u00c9ditions des m\u00e9nestrels ! Ton int\u00e9r\u00eat pour notre musique et notre litt\u00e9rature traditionnelles est important pour nous. Utilise notre formulaire de contact pour toute demande, feedback ou information sur notre offre vari\u00e9e. Nous sommes impatients de recevoir ton message et te garantissons une r\u00e9ponse rapide afin de r\u00e9pondre au mieux \u00e0 tes besoins. Ton avis et tes pr\u00e9occupations sont entre de bonnes mains chez nous, et nous nous r\u00e9jouissons d&rsquo;\u00e9changer avec toi !<\/p>\n\n<h2 class=\"wp-block-heading\">Ton message pour nous<\/h2>\n\n<p>Tu peux aussi nous appeler ou nous envoyer un e-mail. Les informations correspondantes sont indiqu\u00e9es dans <a href=\"https:\/\/stage.spielleute.de\/impressum\/\" data-type=\"page\" data-id=\"12\">les mentions l\u00e9gales<\/a> de notre site web.<\/p>\n\n<div class=\"wp-block-contact-form-7-contact-form-selector\">\n<div class=\"wpcf7 no-js\" id=\"wpcf7-f1713-o1\" lang=\"fr-FR\" dir=\"ltr\" data-wpcf7-id=\"1713\">\n<div class=\"screen-reader-response\"><p role=\"status\" aria-live=\"polite\" aria-atomic=\"true\"><\/p> <ul><\/ul><\/div>\n<form action=\"\/fr\/wp-json\/wp\/v2\/pages\/382#wpcf7-f1713-o1\" method=\"post\" class=\"wpcf7-form init\" aria-label=\"Formulaire de contact\" novalidate=\"novalidate\" data-status=\"init\">\n<fieldset class=\"hidden-fields-container\"><input type=\"hidden\" name=\"_wpcf7\" value=\"1713\" \/><input type=\"hidden\" name=\"_wpcf7_version\" value=\"6.1.5\" \/><input type=\"hidden\" name=\"_wpcf7_locale\" value=\"fr_FR\" \/><input type=\"hidden\" name=\"_wpcf7_unit_tag\" value=\"wpcf7-f1713-o1\" \/><input type=\"hidden\" name=\"_wpcf7_container_post\" value=\"0\" \/><input type=\"hidden\" name=\"_wpcf7_posted_data_hash\" value=\"\" \/><input type=\"hidden\" name=\"_wpcf7_recaptcha_response\" value=\"\" \/>\n<\/fieldset>\n<p><label> Ton nom <span class=\"wpcf7-form-control-wrap\" data-name=\"your-name\"><input size=\"40\" maxlength=\"400\" class=\"wpcf7-form-control wpcf7-text wpcf7-validates-as-required\" autocomplete=\"name\" aria-required=\"true\" aria-invalid=\"false\" value=\"\" type=\"text\" name=\"your-name\" \/><\/span> <\/label>\n<\/p>\n<p><label> Ton adresse e-mail <span class=\"wpcf7-form-control-wrap\" data-name=\"your-email\"><input size=\"40\" maxlength=\"400\" class=\"wpcf7-form-control wpcf7-email wpcf7-validates-as-required wpcf7-text wpcf7-validates-as-email\" autocomplete=\"email\" aria-required=\"true\" aria-invalid=\"false\" value=\"\" type=\"email\" name=\"your-email\" \/><\/span> <\/label>\n<\/p>\n<p><label> Sujet <span class=\"wpcf7-form-control-wrap\" data-name=\"your-subject\"><input size=\"40\" maxlength=\"400\" class=\"wpcf7-form-control wpcf7-text wpcf7-validates-as-required\" aria-required=\"true\" aria-invalid=\"false\" value=\"\" type=\"text\" name=\"your-subject\" \/><\/span> <\/label>\n<\/p>\n<p><label> Ton message <span class=\"wpcf7-form-control-wrap\" data-name=\"your-message\"><textarea cols=\"40\" rows=\"10\" maxlength=\"4000\" class=\"wpcf7-form-control wpcf7-textarea wpcf7-validates-as-required\" aria-required=\"true\" aria-invalid=\"false\" name=\"your-message\"><\/textarea><\/span> <\/label>\n<\/p>\n<p><input class=\"wpcf7-form-control wpcf7-submit has-spinner\" type=\"submit\" value=\"Envoyer\" \/>\n<\/p><div class=\"wpcf7-response-output\" aria-hidden=\"true\"><\/div>\n<\/form>\n<\/div>\n<\/div>\n","protected":false},"excerpt":{"rendered":"<p>Bienvenue aux \u00c9ditions des m\u00e9nestrels ! Ton int\u00e9r\u00eat pour notre musique et notre litt\u00e9rature traditionnelles est important pour nous. Utilise notre formulaire de contact pour toute demande, feedback ou information [&hellip;]<\/p>\n","protected":false},"author":1,"featured_media":1679,"parent":0,"menu_order":0,"comment_status":"closed","ping_status":"closed","template":"","meta":{"footnotes":""},"class_list":["post-382","page","type-page","status-publish","has-post-thumbnail","hentry"],"_links":{"self":[{"href":"https:\/\/spielleute.de\/fr\/wp-json\/wp\/v2\/pages\/382","targetHints":{"allow":["GET"]}}],"collection":[{"href":"https:\/\/spielleute.de\/fr\/wp-json\/wp\/v2\/pages"}],"about":[{"href":"https:\/\/spielleute.de\/fr\/wp-json\/wp\/v2\/types\/page"}],"author":[{"embeddable":true,"href":"https:\/\/spielleute.de\/fr\/wp-json\/wp\/v2\/users\/1"}],"replies":[{"embeddable":true,"href":"https:\/\/spielleute.de\/fr\/wp-json\/wp\/v2\/comments?post=382"}],"version-history":[{"count":12,"href":"https:\/\/spielleute.de\/fr\/wp-json\/wp\/v2\/pages\/382\/revisions"}],"predecessor-version":[{"id":2038,"href":"https:\/\/spielleute.de\/fr\/wp-json\/wp\/v2\/pages\/382\/revisions\/2038"}],"wp:featuredmedia":[{"embeddable":true,"href":"https:\/\/spielleute.de\/fr\/wp-json\/wp\/v2\/media\/1679"}],"wp:attachment":[{"href":"https:\/\/spielleute.de\/fr\/wp-json\/wp\/v2\/media?parent=382"}],"curies":[{"name":"wp","href":"https:\/\/api.w.org\/{rel}","templated":true}]}}