{"id":33,"date":"2022-09-13T13:14:18","date_gmt":"2022-09-13T11:14:18","guid":{"rendered":"https:\/\/folkworld.apps-1and1.net\/modes-de-paiement\/"},"modified":"2024-04-10T11:34:53","modified_gmt":"2024-04-10T09:34:53","slug":"modes-de-paiement","status":"publish","type":"page","link":"https:\/\/spielleute.de\/fr\/modes-de-paiement\/","title":{"rendered":"Modes de paiement &#8211; Choisir le mode de paiement"},"content":{"rendered":"\n<p class=\"has-text-align-center\">D\u00e9couvre la vaste gamme d&rsquo;options de paiement que nous proposons et s\u00e9lectionne soigneusement le mode de paiement qui te convient le mieux. Les prix clairement pr\u00e9sent\u00e9s sont des prix globaux, qui comprennent int\u00e9gralement tous les \u00e9l\u00e9ments n\u00e9cessaires ainsi que les taxes \u00e9ventuellement applicables, y compris la TVA.<\/p>\n\n<h2 class=\"wp-block-heading\">Conditions de livraison internationales : Taxes et frais<\/h2>\n\n<p>Sache que les livraisons transfrontali\u00e8res peuvent \u00eatre soumises \u00e0 des taxes suppl\u00e9mentaires (par exemple, dans le cas d&rsquo;une acquisition intracommunautaire) ou \u00e0 des frais (par exemple, des droits de douane), qui doivent \u00eatre pay\u00e9s directement aux autorit\u00e9s douani\u00e8res ou fiscales concern\u00e9es, et non pas \u00e0 nous. Les frais de livraison et d&rsquo;exp\u00e9dition ne sont pas inclus dans le prix d&rsquo;achat ; ils sont indiqu\u00e9s s\u00e9par\u00e9ment lors du processus de commande et doivent \u00eatre pris en charge par toi.<\/p>\n\n<h2 class=\"wp-block-heading\">Apple Pay<\/h2>\n\n<p>Effectue des paiements en toute s\u00e9curit\u00e9 et confortablement avec ton appareil mobile en d\u00e9posant tes cartes dans l&rsquo;application Wallet. Utilise la technologie de communication near-field pour des transactions rapides.<\/p>\n\n<h2 class=\"wp-block-heading\">Google Pay<\/h2>\n\n<p>Un portefeuille num\u00e9rique qui te permet de payer facilement en ligne ou dans les magasins en d\u00e9posant tes cartes dans l&rsquo;application.<\/p>\n\n<h2 class=\"wp-block-heading\">Carte de cr\u00e9dit<\/h2>\n\n<p>Le paiement par VISA ou Maestro sans compte PayPal est disponible. Saisis les informations relatives \u00e0 ta carte de cr\u00e9dit et le paiement sera imm\u00e9diat.<\/p>\n\n<h2 class=\"wp-block-heading\">PayPal<\/h2>\n\n<p>Choisis PayPal pour un processus de paiement en ligne simple et s\u00e9curis\u00e9. Enregistre un compte lors de ton premier achat et profite de la Protection acheteurs. PayPal est l&rsquo;une de nos nombreuses m\u00e9thodes de paiement disponibles. PayPal propose \u00e9galement le pr\u00e9l\u00e8vement automatique sans compte PayPal.<\/p>\n\n<h2 class=\"wp-block-heading\">Payer sur facture<\/h2>\n\n<p>Une fois que tu as pass\u00e9 une commande, tu paies dans les 30 jours. Notre partenaire de paiement Ratepay t&rsquo;enverra les instructions de paiement.<\/p>\n\n<h2 class=\"wp-block-heading\">Pr\u00e9l\u00e8vement SEPA<\/h2>\n\n<p>Le pr\u00e9l\u00e8vement SEPA te permet de payer directement \u00e0 partir de ton compte bancaire de mani\u00e8re pratique et s\u00fbre. Il te suffit d&rsquo;indiquer les d\u00e9tails de ton compte et d&rsquo;autoriser le paiement. Tes donn\u00e9es sont prot\u00e9g\u00e9es et les paiements sont efficaces et fiables.<\/p>\n\n<h2 class=\"wp-block-heading\">Alipay<\/h2>\n\n<p>Utilise Alipay, l&rsquo;une des principales plates-formes de paiement, pour effectuer tes achats en toute confiance. Alipay t&rsquo;offre un moyen s\u00fbr et simple de payer en ligne et de g\u00e9rer efficacement tes transactions.<\/p>\n\n<h2 class=\"wp-block-heading\">giropay<\/h2>\n\n<p>Avec giropay, tu peux effectuer tes achats en ligne de mani\u00e8re simple, rapide et s\u00fbre via tes services bancaires en ligne habituels avec PIN et TAN. giropay te connecte directement \u00e0 ta banque ou \u00e0 ta caisse d&rsquo;\u00e9pargne, ce qui te permet d&rsquo;\u00eatre s\u00fbr que ton paiement sera effectu\u00e9 de mani\u00e8re fiable.<\/p>\n\n<h2 class=\"wp-block-heading\">iDEAL<\/h2>\n\n<p>Choisis iDEAL pour des paiements en ligne rapides et s\u00e9curis\u00e9s. iDEAL est tr\u00e8s r\u00e9pandu aux Pays-Bas et te permet de payer directement via ton compte bancaire. Il est facile \u00e0 utiliser et il te suffit d&rsquo;avoir acc\u00e8s aux services bancaires en ligne de ta banque.<\/p>\n\n<h2 class=\"wp-block-heading\">Autres modes de paiement<\/h2>\n\n<p>N&rsquo;h\u00e9site pas \u00e0 nous contacter s&rsquo;il te manque une option de paiement.<\/p>\n","protected":false},"excerpt":{"rendered":"<p>D\u00e9couvre la vaste gamme d&rsquo;options de paiement que nous proposons et s\u00e9lectionne soigneusement le mode de paiement qui te convient le mieux. Les prix clairement pr\u00e9sent\u00e9s sont des prix globaux, [&hellip;]<\/p>\n","protected":false},"author":1,"featured_media":1815,"parent":0,"menu_order":0,"comment_status":"closed","ping_status":"closed","template":"","meta":{"footnotes":""},"class_list":["post-33","page","type-page","status-publish","has-post-thumbnail","hentry"],"_links":{"self":[{"href":"https:\/\/spielleute.de\/fr\/wp-json\/wp\/v2\/pages\/33","targetHints":{"allow":["GET"]}}],"collection":[{"href":"https:\/\/spielleute.de\/fr\/wp-json\/wp\/v2\/pages"}],"about":[{"href":"https:\/\/spielleute.de\/fr\/wp-json\/wp\/v2\/types\/page"}],"author":[{"embeddable":true,"href":"https:\/\/spielleute.de\/fr\/wp-json\/wp\/v2\/users\/1"}],"replies":[{"embeddable":true,"href":"https:\/\/spielleute.de\/fr\/wp-json\/wp\/v2\/comments?post=33"}],"version-history":[{"count":17,"href":"https:\/\/spielleute.de\/fr\/wp-json\/wp\/v2\/pages\/33\/revisions"}],"predecessor-version":[{"id":2117,"href":"https:\/\/spielleute.de\/fr\/wp-json\/wp\/v2\/pages\/33\/revisions\/2117"}],"wp:featuredmedia":[{"embeddable":true,"href":"https:\/\/spielleute.de\/fr\/wp-json\/wp\/v2\/media\/1815"}],"wp:attachment":[{"href":"https:\/\/spielleute.de\/fr\/wp-json\/wp\/v2\/media?parent=33"}],"curies":[{"name":"wp","href":"https:\/\/api.w.org\/{rel}","templated":true}]}}