{"id":231,"date":"2023-06-08T14:24:18","date_gmt":"2023-06-08T12:24:18","guid":{"rendered":"https:\/\/stage.spielleute.de\/bulletin-dinformation\/"},"modified":"2025-04-17T10:46:26","modified_gmt":"2025-04-17T08:46:26","slug":"bulletin-dinformation","status":"publish","type":"page","link":"https:\/\/spielleute.de\/fr\/bulletin-dinformation\/","title":{"rendered":"Bulletin d&rsquo;information"},"content":{"rendered":"\n<p class=\"has-text-align-center\">Plonge dans le monde captivant de la maison d&rsquo;\u00e9dition des m\u00e9nestrels gr\u00e2ce \u00e0 notre newsletter ! En t&rsquo;inscrivant, tu feras partie d&rsquo;une communaut\u00e9 qui sera la premi\u00e8re \u00e0 d\u00e9couvrir nos derni\u00e8res publications, des mises \u00e0 jour exclusives et des aper\u00e7us fascinants sur le monde de la musique traditionnelle et de la litt\u00e9rature de bord. Re\u00e7ois r\u00e9guli\u00e8rement des contenus soigneusement \u00e9labor\u00e9s qui te plongent directement dans la riche tradition et la diversit\u00e9 culturelle de notre programme d&rsquo;\u00e9dition.<\/p>\n\n<h2 class=\"wp-block-heading\">Tes avantages<\/h2>\n\n<p>En t&rsquo;inscrivant, tu obtiens<\/p>\n\n<ul class=\"wp-block-list\">\n<li>Annonces de nouveaux livres et collections qui pr\u00e9servent l&rsquo;h\u00e9ritage des sons traditionnels.<\/li>\n\n\n\n<li>Offres exclusives et informations en avant-premi\u00e8re disponibles uniquement pour nos abonn\u00e9s.<\/li>\n\n\n\n<li>Des invitations \u00e0 des \u00e9v\u00e9nements, des lectures et des ateliers qui te permettront de t&rsquo;immerger plus profond\u00e9ment dans la sc\u00e8ne musicale traditionnelle.<\/li>\n\n\n\n<li>Des histoires et des articles inspirants qui c\u00e9l\u00e8brent l&rsquo;amour de la musique et de la litt\u00e9rature historiques.<\/li>\n<\/ul>\n\n<h2 class=\"wp-block-heading\">S&rsquo;inscrire maintenant<\/h2>\n\n<p>Il te suffit de t&rsquo;inscrire en saisissant ton adresse e-mail ci-dessous et en cliquant sur le bouton \u00ab\u00a0S&rsquo;abonner\u00a0\u00bb. Tu rejoindras le cercle de ceux qui partagent notre passion pour la musique traditionnelle et tu recevras r\u00e9guli\u00e8rement des mises \u00e0 jour sp\u00e9cialement con\u00e7ues pour les amis des \u00c9ditions des Joueurs.<\/p>\n<div class=\"tnp tnp-subscription \">\n<form method=\"post\" action=\"https:\/\/spielleute.de\/wp-admin\/admin-ajax.php?action=tnp&amp;na=s\">\n<input type=\"hidden\" name=\"nlang\" value=\"fr\">\n<div class=\"tnp-field tnp-field-firstname\"><label for=\"tnp-1\">Vorname oder ganzer Name<\/label>\n<input class=\"tnp-name\" type=\"text\" name=\"nn\" id=\"tnp-1\" value=\"\" placeholder=\"\"><\/div>\n<div class=\"tnp-field tnp-field-surname\"><label for=\"tnp-2\">Nachname<\/label>\n<input class=\"tnp-surname\" type=\"text\" name=\"ns\" id=\"tnp-2\" value=\"\" placeholder=\"\"><\/div><div class=\"tnp-field tnp-field-email\"><label for=\"tnp-3\">Email<\/label>\n<input class=\"tnp-email\" type=\"email\" name=\"ne\" id=\"tnp-3\" value=\"\" placeholder=\"\" required><\/div>\n<div class=\"tnp-field tnp-field-gender\"><label for=\"tnp-4\">Ich bin<\/label>\n<select name=\"nx\" class=\"tnp-gender\" id=\"tnp-gender\"><option value=\"n\">Not specified<\/option><option value=\"f\">Woman<\/option><option value=\"m\">Man<\/option><\/select><\/div>\n<div class=\"tnp-field tnp-privacy-field\"><label><input type=\"checkbox\" name=\"ny\" required class=\"tnp-privacy\"> <a target=\"_blank\" href=\"https:\/\/spielleute.de\/datenschutz\/\">Indem Du fortf\u00e4hrst, akzeptierst Du unsere Datenschutzerkl\u00e4rung.<\/a><\/label><\/div><div class=\"tnp-field tnp-field-button\" style=\"text-align: left\"><input class=\"tnp-submit\" type=\"submit\" value=\"Abonnieren\" style=\"\">\n<\/div>\n<\/form>\n<\/div>\n\n\n<p>Ta vie priv\u00e9e est importante pour nous, c&rsquo;est pourquoi nous utilisons tes donn\u00e9es uniquement pour t&rsquo;envoyer notre newsletter. Bien entendu, tu peux annuler ton abonnement \u00e0 tout moment si tu ne souhaites plus recevoir de messages de notre part.<\/p>\n\n<p>Nous sommes impatients de te souhaiter la bienvenue dans notre newsletter et de te tenir au courant de tout ce qui se passe aux \u00c9ditions des M\u00e9nestrels !<\/p>\n\n<h2 class=\"wp-block-heading\">Archives<\/h2>\n\n<p>Regarde nos newsletters pr\u00e9c\u00e9dentes.<\/p>\n<div class=\"tnp-archive\"><ul><li> <span class=\"tnp-archive-date\">25 octobre 2024<\/span>  <span class=\"tnp-archive-separator\">-<\/span> <a href=\"https:\/\/spielleute.de\/fr\/?na=view&id=2\" target=\"_blank\">Willkommen zur\u00fcck \u2013 Der Verlag der Spielleute erstrahlt in neuem Glanz!<\/a><\/li><\/ul><\/div>\n","protected":false},"excerpt":{"rendered":"<p>Plonge dans le monde captivant de la maison d&rsquo;\u00e9dition des m\u00e9nestrels gr\u00e2ce \u00e0 notre newsletter ! En t&rsquo;inscrivant, tu feras partie d&rsquo;une communaut\u00e9 qui sera la premi\u00e8re \u00e0 d\u00e9couvrir nos [&hellip;]<\/p>\n","protected":false},"author":1,"featured_media":1745,"parent":0,"menu_order":0,"comment_status":"closed","ping_status":"closed","template":"","meta":{"footnotes":""},"class_list":["post-231","page","type-page","status-publish","has-post-thumbnail","hentry"],"_links":{"self":[{"href":"https:\/\/spielleute.de\/fr\/wp-json\/wp\/v2\/pages\/231","targetHints":{"allow":["GET"]}}],"collection":[{"href":"https:\/\/spielleute.de\/fr\/wp-json\/wp\/v2\/pages"}],"about":[{"href":"https:\/\/spielleute.de\/fr\/wp-json\/wp\/v2\/types\/page"}],"author":[{"embeddable":true,"href":"https:\/\/spielleute.de\/fr\/wp-json\/wp\/v2\/users\/1"}],"replies":[{"embeddable":true,"href":"https:\/\/spielleute.de\/fr\/wp-json\/wp\/v2\/comments?post=231"}],"version-history":[{"count":9,"href":"https:\/\/spielleute.de\/fr\/wp-json\/wp\/v2\/pages\/231\/revisions"}],"predecessor-version":[{"id":5936,"href":"https:\/\/spielleute.de\/fr\/wp-json\/wp\/v2\/pages\/231\/revisions\/5936"}],"wp:featuredmedia":[{"embeddable":true,"href":"https:\/\/spielleute.de\/fr\/wp-json\/wp\/v2\/media\/1745"}],"wp:attachment":[{"href":"https:\/\/spielleute.de\/fr\/wp-json\/wp\/v2\/media?parent=231"}],"curies":[{"name":"wp","href":"https:\/\/api.w.org\/{rel}","templated":true}]}}