{"id":2226,"date":"2024-04-17T16:51:34","date_gmt":"2024-04-17T14:51:34","guid":{"rendered":"https:\/\/spielleute.de\/mediatheque\/"},"modified":"2024-06-11T18:56:01","modified_gmt":"2024-06-11T16:56:01","slug":"mediatheque","status":"publish","type":"page","link":"https:\/\/spielleute.de\/fr\/mediatheque\/","title":{"rendered":"M\u00e9diath\u00e8que"},"content":{"rendered":"\n<p>Bienvenue dans la m\u00e9diath\u00e8que des \u00c9ditions des m\u00e9nestrels. Acc\u00e9dez aux bonus de nos livres.<\/p>\n\n\n<ul class=\"wp-block-page-list\"><li class=\"wp-block-pages-list__item\"><a class=\"wp-block-pages-list__item__link\" href=\"https:\/\/spielleute.de\/fr\/mediatheque\/exemples-dexercices-pour-accordeon-diatonique-volume-1\/\">Exemples d&rsquo;exercices pour \u00ab\u00a0Accord\u00e9on diatonique &#8211; Volume 1<\/a><\/li><li class=\"wp-block-pages-list__item\"><a class=\"wp-block-pages-list__item__link\" href=\"https:\/\/spielleute.de\/fr\/mediatheque\/nous-les-ferons-danser-danses-bretonnes\/\">Nous les ferons danser : Danses bretonnes<\/a><\/li><\/ul>","protected":false},"excerpt":{"rendered":"<p>Bienvenue dans la m\u00e9diath\u00e8que des \u00c9ditions des m\u00e9nestrels. Acc\u00e9dez aux bonus de nos livres.<\/p>\n","protected":false},"author":1,"featured_media":0,"parent":0,"menu_order":0,"comment_status":"closed","ping_status":"closed","template":"","meta":{"footnotes":""},"class_list":["post-2226","page","type-page","status-publish","hentry"],"_links":{"self":[{"href":"https:\/\/spielleute.de\/fr\/wp-json\/wp\/v2\/pages\/2226","targetHints":{"allow":["GET"]}}],"collection":[{"href":"https:\/\/spielleute.de\/fr\/wp-json\/wp\/v2\/pages"}],"about":[{"href":"https:\/\/spielleute.de\/fr\/wp-json\/wp\/v2\/types\/page"}],"author":[{"embeddable":true,"href":"https:\/\/spielleute.de\/fr\/wp-json\/wp\/v2\/users\/1"}],"replies":[{"embeddable":true,"href":"https:\/\/spielleute.de\/fr\/wp-json\/wp\/v2\/comments?post=2226"}],"version-history":[{"count":3,"href":"https:\/\/spielleute.de\/fr\/wp-json\/wp\/v2\/pages\/2226\/revisions"}],"predecessor-version":[{"id":3455,"href":"https:\/\/spielleute.de\/fr\/wp-json\/wp\/v2\/pages\/2226\/revisions\/3455"}],"wp:attachment":[{"href":"https:\/\/spielleute.de\/fr\/wp-json\/wp\/v2\/media?parent=2226"}],"curies":[{"name":"wp","href":"https:\/\/api.w.org\/{rel}","templated":true}]}}