{"id":221,"date":"2023-06-08T14:13:10","date_gmt":"2023-06-08T12:13:10","guid":{"rendered":"https:\/\/stage.spielleute.de\/librairie\/"},"modified":"2025-04-17T10:46:26","modified_gmt":"2025-04-17T08:46:26","slug":"librairie","status":"publish","type":"page","link":"https:\/\/spielleute.de\/fr\/librairie\/","title":{"rendered":"Pour les libraires"},"content":{"rendered":"\n<p class=\"has-text-align-center\">Bienvenue aux Editions des Jongleurs, votre sp\u00e9cialiste de la musique traditionnelle et votre partenaire en librairie. Depuis 1988, nous nous engageons dans l&rsquo;entretien et la diffusion du bourdon et de la musique traditionnelle, en proposant des offres allant des livres d&rsquo;apprentissage aux collections de partitions. En tant que client professionnel, vous b\u00e9n\u00e9ficiez de conditions commerciales sp\u00e9ciales dans notre boutique en ligne, y compris des r\u00e9ductions et des informations sur les stocks qui rendent vos achats plus efficaces.<\/p>\n\n<h2 class=\"wp-block-heading\">Commandes dans la boutique en ligne<\/h2>\n\n<p>Commandez via l&rsquo;acc\u00e8s revendeur et profitez de remises automatiques et d&rsquo;informations sur les stocks en temps r\u00e9el. Veuillez envoyer votre candidature par e-mail \u00e0 <a href=\"mailto:verlag@spielleute.de\">verlag@spielleute.de.<\/a> Comme preuve, veuillez nous envoyer votre licence commerciale ou un extrait du registre du commerce.<\/p>\n\n<p>Vos avantages en commandant dans la boutique en ligne :<\/p>\n\n<ul class=\"wp-block-list\">\n<li>Pas de temps d&rsquo;attente d\u00fb au traitement manuel<\/li>\n\n\n\n<li>Rabais suppl\u00e9mentaire en comparaison Commande par t\u00e9l.\/e-mail\/autre<\/li>\n\n\n\n<li>Renseignements sur la disponibilit\u00e9 des titres en temps r\u00e9el<\/li>\n\n\n\n<li>Remise automatique en fonction de la quantit\u00e9 command\u00e9e<\/li>\n\n\n\n<li>G\u00e9n\u00e9ralement moins cher que l&rsquo;assortiment du bar<\/li>\n<\/ul>\n\n<h2 class=\"wp-block-heading\">Conditions pour les libraires<\/h2>\n\n<p>En tant que libraire, ce tableau vous indique les diff\u00e9rentes conditions de la remise que vous pouvez obtenir lors de l&rsquo;achat de livres. La r\u00e9duction est exprim\u00e9e en pourcentage et varie en fonction du nombre d&rsquo;exemplaires que vous achetez.<\/p>\n\n<figure class=\"wp-block-table is-style-stripes\"><table><thead><tr><th><strong>Nombre d&rsquo;exemplaires (mixtes)<\/strong><\/th><th>R\u00e9duction dans la boutique en ligne (%)<\/th><th><strong>Remise via t\u00e9l.\/e-mail\/etc. (%)<\/strong><\/th><\/tr><\/thead><tbody><tr><td>1 &#8211; 4<\/td><td>30 %<\/td><td>25 %<\/td><\/tr><tr><td>\u00e0 partir de 5<\/td><td>35 %<\/td><td>30 %<\/td><\/tr><tr><td>\u00e0 partir de 10<\/td><td>40 %<\/td><td>35 %<\/td><\/tr><tr><td>\u00e0 partir de 20<\/td><td>45 %<\/td><td>40 %<\/td><\/tr><tr><td>\u00e0 partir de 30<\/td><td>50 %<\/td><td>45 %<\/td><\/tr><tr><td>\u00e0 partir de 50<\/td><td>55 %<\/td><td>50 %<\/td><\/tr><tr><td>\u00e0 partir de 100<\/td><td>60 %<\/td><td>55 %<\/td><\/tr><\/tbody><\/table><\/figure>\n\n<p>Ces conditions s&rsquo;appliquent sp\u00e9cifiquement aux libraires comme vous et ont \u00e9t\u00e9 fix\u00e9es par la maison d&rsquo;\u00e9dition des M\u00e9nestrels. La remise vous permet d&rsquo;acheter des livres \u00e0 un prix inf\u00e9rieur, ce qui peut vous aider \u00e0 am\u00e9liorer vos marges ou \u00e0 proposer des offres plus attrayantes \u00e0 vos clients.<\/p>\n\n<p><strong>Conditions de paiement :<\/strong> Payable \u00e0 la r\u00e9ception de la facture, net<\/p>\n\n<h2 class=\"wp-block-heading\">Frais d&rsquo;exp\u00e9dition<\/h2>\n\n<p>Pour les frais d&rsquo;exp\u00e9dition, veuillez consulter la rubrique <a href=\"https:\/\/spielleute.de\/fr\/expedition-livraison\/\">Exp\u00e9dition et livraison<\/a>.<\/p>\n\n<h2 class=\"wp-block-heading\">Association des bourses<\/h2>\n\n<p>Vous pouvez consulter toutes les informations sur nos titres dans votre syst\u00e8me via le <a href=\"https:\/\/vlb.de\/\" target=\"_blank\" rel=\"noopener\">VLB (Verzeichnis Lieferbarer B\u00fccher)<\/a>.<\/p>\n\n<h2 class=\"wp-block-heading\">Bulletin d&rsquo;information<\/h2>\n\n<p>Les nouvelles publications et les r\u00e9impressions sont communiqu\u00e9es dans la newsletter, \u00e0 laquelle vous pouvez <a href=\"https:\/\/spielleute.de\/fr\/bulletin-dinformation\/\">vous abonner ici<\/a>.<\/p>\n","protected":false},"excerpt":{"rendered":"<p>Bienvenue aux Editions des Jongleurs, votre sp\u00e9cialiste de la musique traditionnelle et votre partenaire en librairie. Depuis 1988, nous nous engageons dans l&rsquo;entretien et la diffusion du bourdon et de [&hellip;]<\/p>\n","protected":false},"author":1,"featured_media":1751,"parent":0,"menu_order":0,"comment_status":"closed","ping_status":"closed","template":"","meta":{"footnotes":""},"class_list":["post-221","page","type-page","status-publish","has-post-thumbnail","hentry"],"_links":{"self":[{"href":"https:\/\/spielleute.de\/fr\/wp-json\/wp\/v2\/pages\/221","targetHints":{"allow":["GET"]}}],"collection":[{"href":"https:\/\/spielleute.de\/fr\/wp-json\/wp\/v2\/pages"}],"about":[{"href":"https:\/\/spielleute.de\/fr\/wp-json\/wp\/v2\/types\/page"}],"author":[{"embeddable":true,"href":"https:\/\/spielleute.de\/fr\/wp-json\/wp\/v2\/users\/1"}],"replies":[{"embeddable":true,"href":"https:\/\/spielleute.de\/fr\/wp-json\/wp\/v2\/comments?post=221"}],"version-history":[{"count":17,"href":"https:\/\/spielleute.de\/fr\/wp-json\/wp\/v2\/pages\/221\/revisions"}],"predecessor-version":[{"id":5940,"href":"https:\/\/spielleute.de\/fr\/wp-json\/wp\/v2\/pages\/221\/revisions\/5940"}],"wp:featuredmedia":[{"embeddable":true,"href":"https:\/\/spielleute.de\/fr\/wp-json\/wp\/v2\/media\/1751"}],"wp:attachment":[{"href":"https:\/\/spielleute.de\/fr\/wp-json\/wp\/v2\/media?parent=221"}],"curies":[{"name":"wp","href":"https:\/\/api.w.org\/{rel}","templated":true}]}}