{"id":6940,"date":"2000-10-02T17:31:12","date_gmt":"2000-10-02T15:31:12","guid":{"rendered":"https:\/\/spielleute.de\/bourree-bourree-bourree\/"},"modified":"2000-10-02T17:31:12","modified_gmt":"2000-10-02T15:31:12","slug":"bourree-bourree-bourree","status":"publish","type":"product","link":"https:\/\/spielleute.de\/es\/bourree-bourree-bourree\/","title":{"rendered":"Bourr\u00e9e Bourr\u00e9e Bourr\u00e9e"},"content":{"rendered":"<p>\u00abBourr\u00e9e Bourr\u00e9e Bourr\u00e9e\u00bb te introduce en el variado mundo de la danza folcl\u00f3rica francesa bourr\u00e9e. El autor de nuestro popular libro de danzas bretonas presenta los fundamentos y las particularidades de 30 danzas bourr\u00e9e francesas diferentes. <\/p>\n<h3>Desarrollo hist\u00f3rico e importancia musical<\/h3>\n<p>Descubre el desarrollo hist\u00f3rico de esta danza tradicional desde el siglo XVI hasta nuestros d\u00edas. Comprende las controversias en torno al origen del nombre y aprende m\u00e1s sobre la bourr\u00e9e como forma musical. <\/p>\n<h3>Estilos de danza de diferentes regiones<\/h3>\n<p>La bourr\u00e9e, en sus muy diversas formas, es desde hace muchos a\u00f1os una de las danzas m\u00e1s populares del bal folk alem\u00e1n. La bourr\u00e9e francesa tiene su origen en las tradiciones folcl\u00f3ricas de Auvernia, Berry, Lemos\u00edn, Bourbonnais y Morvan. <\/p>\n<h3>Interpretaciones modernas de coreograf\u00edas tradicionales<\/h3>\n<p>Sin embargo, las formas de danza que pueden observarse hoy en estas regiones y la manera en que se bailan ya no tienen mucho que ver con las tradiciones originales. La pr\u00e1ctica actual de la danza es un renacimiento de la bourr\u00e9e con cambios que se caracterizan por la ense\u00f1anza de diversos l\u00edderes de la danza. <\/p>\n<h3>Pasos de baile y coreograf\u00edas<\/h3>\n<p>Las descripciones de las danzas est\u00e1n orientadas a la pr\u00e1ctica contempor\u00e1nea y son m\u00e1s una interpretaci\u00f3n del repertorio tradicional que una documentaci\u00f3n estricta de los estilos de bourr\u00e9e de siglos pasados. Perm\u00edtete aprender los pasos y figuras como Bourr\u00e9e droite, Avant-deux y muchos m\u00e1s. <\/p>\n<h3>Tus instrucciones de baile en forma de libro y CD<\/h3>\n<p>Para bailar las coreograf\u00edas de bourr\u00e9e presentadas en el libro, se incluye con el libro el CD de nuestra nueva serie de repertorios de danza \u00abBourr\u00e9e Bourr\u00e9e Bourr\u00e9e\u00bb con grabaciones de las danzas en una forma f\u00e1cilmente bailable.<\/p>\n<h3>Dale vida a la bourr\u00e9e<\/h3>\n<p>Gracias al amplio contenido de este libro, que incluye un mapa detallado de las regiones y un extenso glosario, estar\u00e1s bien equipado para comprender y bailar la bourr\u00e9e en toda su diversidad. Desde una introducci\u00f3n general a formas b\u00e1sicas especiales, pasando por coreograf\u00edas espec\u00edficas de distintas regiones francesas, este libro lo abarca todo. <\/p>\n<h3>\u00a1Baila con nosotros!<\/h3>\n<p>Si est\u00e1s preparado para profundizar en el fascinante mundo del bourr\u00e9e, \u00abBourr\u00e9e Bourr\u00e9e Bourr\u00e9e\u00bb te ofrece la oportunidad perfecta. Con un conocimiento profundo, descripciones detalladas y el CD que lo acompa\u00f1a, podr\u00e1s empezar a experimentar inmediatamente las animadas melod\u00edas y r\u00edtmicas danzas por ti mismo. Explora la profundidad cultural y el significado hist\u00f3rico mientras te sumerges paso a paso en el mundo de la bourr\u00e9e. Consigue tu ejemplar ahora y comienza tu aventura de baile con \u00abBourr\u00e9e Bourr\u00e9e Bourr\u00e9e\u00bb.   <\/p>\n","protected":false},"excerpt":{"rendered":"<p>Libro de instrucciones de baile &#8211; pasos b\u00e1sicos y 33 descripciones de bailes, libro de instrucciones para el baile folcl\u00f3rico franc\u00e9s Bourr\u00e9e de Corina Oosterveen (Libro y CD)<\/p>\n","protected":false},"featured_media":6941,"comment_status":"closed","ping_status":"closed","template":"","meta":[],"product_brand":[],"product_cat":[1106],"product_tag":[1094,1038,1098],"class_list":{"0":"post-6940","1":"product","2":"type-product","3":"status-publish","4":"has-post-thumbnail","6":"product_cat-no-ficcion","7":"product_tag-bourree-es","8":"product_tag-musica-tradicional","9":"product_tag-partituras-para-bal-folk","10":"pa_b035_a01_b037-corina-oosterveen-es","12":"first","13":"instock","14":"taxable","15":"shipping-taxable","16":"purchasable","17":"product-type-simple"},"_links":{"self":[{"href":"https:\/\/spielleute.de\/es\/wp-json\/wp\/v2\/product\/6940","targetHints":{"allow":["GET"]}}],"collection":[{"href":"https:\/\/spielleute.de\/es\/wp-json\/wp\/v2\/product"}],"about":[{"href":"https:\/\/spielleute.de\/es\/wp-json\/wp\/v2\/types\/product"}],"replies":[{"embeddable":true,"href":"https:\/\/spielleute.de\/es\/wp-json\/wp\/v2\/comments?post=6940"}],"wp:featuredmedia":[{"embeddable":true,"href":"https:\/\/spielleute.de\/es\/wp-json\/wp\/v2\/media\/6941"}],"wp:attachment":[{"href":"https:\/\/spielleute.de\/es\/wp-json\/wp\/v2\/media?parent=6940"}],"wp:term":[{"taxonomy":"product_brand","embeddable":true,"href":"https:\/\/spielleute.de\/es\/wp-json\/wp\/v2\/product_brand?post=6940"},{"taxonomy":"product_cat","embeddable":true,"href":"https:\/\/spielleute.de\/es\/wp-json\/wp\/v2\/product_cat?post=6940"},{"taxonomy":"product_tag","embeddable":true,"href":"https:\/\/spielleute.de\/es\/wp-json\/wp\/v2\/product_tag?post=6940"}],"curies":[{"name":"wp","href":"https:\/\/api.w.org\/{rel}","templated":true}]}}