{"id":6937,"date":"2008-12-02T17:31:51","date_gmt":"2008-12-02T16:31:51","guid":{"rendered":"https:\/\/spielleute.de\/adviento-y-villancicos\/"},"modified":"2008-12-02T17:31:51","modified_gmt":"2008-12-02T16:31:51","slug":"adviento-y-villancicos","status":"publish","type":"product","link":"https:\/\/spielleute.de\/es\/adviento-y-villancicos\/","title":{"rendered":"Adviento y villancicos"},"content":{"rendered":"<p>La colecci\u00f3n de partituras \u00abVillancicos de Adviento y Navidad\u00bb, recopilada por Hermann Rieth, conocido organizador del Sackpfeifertage de Schw\u00e4bisch Hall, comprende 36 villancicos de un periodo de 600 a\u00f1os. Las generaciones anteriores nos legaron melod\u00edas y textos que a menudo iban acompa\u00f1ados de improvisaciones instrumentales. Esta colecci\u00f3n ofrece arreglos de varios compositores, la mayor\u00eda para varias voces y en diferentes disposiciones musicales para una interpretaci\u00f3n viva de las canciones.  <\/p>\n<h3>Centrarse en los instrumentos hist\u00f3ricos<\/h3>\n<p>Las canciones est\u00e1n especialmente adaptadas para instrumentos de viento hist\u00f3ricos como el H\u00fcmmelchen o el Gemsh\u00f6rner, que se caracterizan por un rango limitado y una escala crom\u00e1tica restringida. Estos instrumentos, utilizados a menudo para acompa\u00f1ar a los cantantes, permiten una interpretaci\u00f3n aut\u00e9ntica de las canciones. <\/p>\n<h3>\u00abAdviento y villancicos\u00bb con variedad y profundidad musical<\/h3>\n<p>Desde melod\u00edas conocidas como \u00abEs kommt ein Schiff geladen\u00bb hasta piezas menos conocidas como el \u00abDreik\u00f6nigs-Kanon\u00bb, la colecci\u00f3n ofrece una amplia gama de canciones. Piezas hist\u00f3ricas como \u00abNo hay rosa\u00bb, del siglo XV, se alternan con composiciones m\u00e1s modernas, haciendo de esta colecci\u00f3n una aut\u00e9ntica experiencia auditiva. <\/p>\n<h3>Notaci\u00f3n adaptable y puntuaci\u00f3n flexible<\/h3>\n<p>La notaci\u00f3n de esta colecci\u00f3n de \u00abVillancicos de Adviento y Navidad\u00bb sigue las fuentes hist\u00f3ricas, lo que da como resultado una notaci\u00f3n vers\u00e1til y adaptable. Las piezas est\u00e1n dispuestas de tal forma que casi siempre pueden interpretarse acompa\u00f1adas de un H\u00fcmmelchen. Las notas de notaci\u00f3n son meras sugerencias y pueden modificarse como se desee para permitir versiones a capella o interpretaciones puramente instrumentales.  <\/p>\n<h3>La historia de la Navidad contada a trav\u00e9s de la m\u00fasica<\/h3>\n<p>Las canciones de \u00abAdviento y villancicos\u00bb siguen el curso de la historia de la Navidad, desde la Anunciaci\u00f3n hasta Mar\u00eda y los Reyes Magos. Cada canci\u00f3n contribuye a dar vida a la historia a trav\u00e9s de su composici\u00f3n musical y l\u00edrica. <\/p>\n<h3>Prep\u00e1rate para la Navidad<\/h3>\n<p>\u00abAdviento y villancicos\u00bb no es s\u00f3lo un recurso para m\u00fasicos y conjuntos, sino que tambi\u00e9n ofrece a todo amante de la m\u00fasica la oportunidad de sumergirse en el mundo de la m\u00fasica tradicional navide\u00f1a. Ya sea como acompa\u00f1amiento en un peque\u00f1o c\u00edrculo o como parte de un concierto festivo, estas canciones enriquecen cualquier actuaci\u00f3n musical. <\/p>\n<h3>Tu invitaci\u00f3n a una fiesta musical<\/h3>\n<p>Con los \u00abVillancicos de Adviento y Navidad\u00bb no s\u00f3lo adquieres una colecci\u00f3n de piezas musicales de gran valor hist\u00f3rico, sino tambi\u00e9n una invitaci\u00f3n a redescubrir musicalmente la \u00e9poca navide\u00f1a. Esta edici\u00f3n es ideal para cualquiera que desee ampliar sus horizontes musicales y sumergirse en la historia y la tradici\u00f3n de la m\u00fasica navide\u00f1a. Consigue ya tu ejemplar y enriquece tu repertorio musical con canciones navide\u00f1as \u00fanicas y vers\u00e1tiles.  <\/p>\n","protected":false},"excerpt":{"rendered":"<p>Colecci\u00f3n de partituras con 36 movimientos de canciones para cantantes y silbadores<\/p>\n","protected":false},"featured_media":6938,"comment_status":"closed","ping_status":"closed","template":"","meta":[],"product_brand":[],"product_cat":[1027],"product_tag":[1092,1083,1095,1084,1256],"class_list":{"0":"post-6937","1":"product","2":"type-product","3":"status-publish","4":"has-post-thumbnail","6":"product_cat-partituras","7":"product_tag-musica-antigua","8":"product_tag-partituras-de-huemmelchen-y-dudey","9":"product_tag-partituras-de-musica-de-la-edad-media","10":"product_tag-partituras-para-gaita","11":"product_tag-villancicos","12":"pa_b035_a01_b037-hermann-rieth-es","14":"first","15":"instock","16":"taxable","17":"shipping-taxable","18":"purchasable","19":"product-type-simple"},"_links":{"self":[{"href":"https:\/\/spielleute.de\/es\/wp-json\/wp\/v2\/product\/6937","targetHints":{"allow":["GET"]}}],"collection":[{"href":"https:\/\/spielleute.de\/es\/wp-json\/wp\/v2\/product"}],"about":[{"href":"https:\/\/spielleute.de\/es\/wp-json\/wp\/v2\/types\/product"}],"replies":[{"embeddable":true,"href":"https:\/\/spielleute.de\/es\/wp-json\/wp\/v2\/comments?post=6937"}],"wp:featuredmedia":[{"embeddable":true,"href":"https:\/\/spielleute.de\/es\/wp-json\/wp\/v2\/media\/6938"}],"wp:attachment":[{"href":"https:\/\/spielleute.de\/es\/wp-json\/wp\/v2\/media?parent=6937"}],"wp:term":[{"taxonomy":"product_brand","embeddable":true,"href":"https:\/\/spielleute.de\/es\/wp-json\/wp\/v2\/product_brand?post=6937"},{"taxonomy":"product_cat","embeddable":true,"href":"https:\/\/spielleute.de\/es\/wp-json\/wp\/v2\/product_cat?post=6937"},{"taxonomy":"product_tag","embeddable":true,"href":"https:\/\/spielleute.de\/es\/wp-json\/wp\/v2\/product_tag?post=6937"}],"curies":[{"name":"wp","href":"https:\/\/api.w.org\/{rel}","templated":true}]}}