{"id":6928,"date":"2010-06-11T17:31:12","date_gmt":"2010-06-11T15:31:12","guid":{"rendered":"https:\/\/spielleute.de\/moderno-trad-volumen-2\/"},"modified":"2010-06-11T17:31:12","modified_gmt":"2010-06-11T15:31:12","slug":"moderno-trad-volumen-2","status":"publish","type":"product","link":"https:\/\/spielleute.de\/es\/moderno-trad-volumen-2\/","title":{"rendered":"moderno\/trad. &#8211; Volumen 2"},"content":{"rendered":"<p>Descubre la fascinaci\u00f3n de las nuevas melod\u00edas de danza folcl\u00f3rica con \u00abmodern\/trad. &#8211; Volumen 2\u00bb, una colecci\u00f3n de valses y polcas reci\u00e9n compuestos por Johannes Mayr y Christoph Pelgen. Este segundo volumen contin\u00faa la tradici\u00f3n de m\u00fasica de danza innovadora y combina formas de danza cl\u00e1sica con composiciones modernas.  <\/p>\n<p>Perfecto para los entusiastas de la m\u00fasica que quieren ampliar su repertorio y brillar en los festivales de danza. Sum\u00e9rgete en el mundo de la m\u00fasica de baile popular alemana contempor\u00e1nea y experimenta la m\u00fasica que mueve piernas y corazones. Schottisch, vals, mazurca, polka son s\u00f3lo algunas de las danzas en pareja m\u00e1s populares que est\u00e1n muy extendidas en muchas partes de Europa y para las que publicamos nuevas melod\u00edas en \u00abmodern\/trad\u00bb. &#8211; Volumen 2&#8243; publicamos nuevas melod\u00edas.   <\/p>\n<h3>Experimenta la diversidad musical<\/h3>\n<p>S\u00f3lo mediante el cambio y la renovaci\u00f3n constantes puede un festival de danza (o bal folk) seguir siendo tan bueno como antes. Desde el renacimiento del folk de las \u00faltimas d\u00e9cadas, la m\u00fasica de baile ha evolucionado creativamente no s\u00f3lo en Francia, Irlanda y Escandinavia. Tambi\u00e9n en los pa\u00edses de habla alemana existe desde hace algunos a\u00f1os una colorida escena de m\u00fasica y danza, inspirada en la m\u00fasica tradicional de nuestros pa\u00edses vecinos e igualmente enraizada en nuestro propio pasado musical.  <\/p>\n<h3>La tradici\u00f3n se une a la innovaci\u00f3n<\/h3>\n<p>Las piezas de danza de nueva composici\u00f3n de \u00abmodern\/trad. &#8211; Band 2\u00bb son piezas de danza de nueva composici\u00f3n con una visi\u00f3n m\u00e1s all\u00e1 del horizonte y, por tanto, est\u00e1n en la mejor tradici\u00f3n, \u00a1son \u00abnueva m\u00fasica de danza folcl\u00f3rica alemana\u00bb en el mejor sentido! Y la m\u00fasica de baile debe ponerte en movimiento, no debe ser excesivamente cerebral, debe sonar ligera y sin embargo no banal. Por eso, al seleccionar las melod\u00edas, nos hemos centrado sobre todo en que se puedan tocar bien y en la diversi\u00f3n de hacer m\u00fasica juntos.   <\/p>\n<h3>Descubre nuevas composiciones<\/h3>\n<p>Johannes Mayr y Christoph Pelgen han recopilado \u00abmodern\/trad. &#8211; Volumen 2\u00bb a partir de numerosas contribuciones. Una vez m\u00e1s encontrar\u00e1s valses y polcas hermosos y emocionantes (y, por supuesto, s\u00f3lo de nueva composici\u00f3n). Estas melod\u00edas -aproximadamente 47 valses y 28 polcas- tambi\u00e9n fueron compuestas por m\u00fasicos conocidos y respetados en la escena.   <\/p>\n<h3>Concepto probado, melod\u00edas frescas<\/h3>\n<p>Se ha mantenido el concepto probado y comprobado del primer volumen. Las danzas son aptas para todos los instrumentos musicales habituales y, una vez m\u00e1s, se ha procurado que, en la mayor\u00eda de los casos, puedan tocarse con instrumentos de bord\u00f3n, como la gaita o la zanfona (en afinaci\u00f3n Sol\/C), en cuanto a tonalidad y registro. <\/p>\n<h3>M\u00fasica para llevar<\/h3>\n<p>El libro \u00abmodern\/trad. &#8211; Banda 2\u00bb viene con un excelente CD de acompa\u00f1amiento, grabado por el D\u00fao Cassard, en el que se pueden tocar todas las melod\u00edas. <\/p>\n<h3>La m\u00fasica conecta<\/h3>\n<p>Con el presente \u00abmoderno\/trad. &#8211; Volumen 2\u00bb, ya est\u00e1n completos los \u00abCuatro Grandes\u00bb, los bailes que no deben faltar en ning\u00fan Bal Folk: Schottisch, Mazurka (ver Volumen 1), Vals y Polka. Al recopilar las melod\u00edas, una vez m\u00e1s nos sorprendi\u00f3 ver cu\u00e1ntos m\u00fasicos siguen dedic\u00e1ndose a la m\u00fasica de baile folcl\u00f3rica tradicional hoy en d\u00eda y est\u00e1n poniendo sus propias ideas \u00abmodernas\u00bb en las composiciones.  <\/p>\n<h3>Comunidad musical mundial<\/h3>\n<p>Nuestros compositores proceden de Alemania y Austria, de los mares del Norte y B\u00e1ltico, de las monta\u00f1as tirolesas, del Danubio, del Palatinado y del Alb Suabo&#8230;, son estudiantes, profesores, m\u00e9dicos, artesanos, abogados&#8230;, son j\u00f3venes y viejos y, en cierto modo, todos muy diferentes. Pero cuando se re\u00fanen, no hacen falta grandes palabras, la edad y el origen son irrelevantes, dejan que sus instrumentos hablen. <\/p>\n<h3>Lenguaje musical internacional<\/h3>\n<p>Y cuanto m\u00e1s tiempo te dediques a la m\u00fasica de baile tradicional, mayor ser\u00e1 el repertorio que tengas en com\u00fan con los dem\u00e1s. Esto tambi\u00e9n funciona a nivel internacional, a pesar de todas las barreras ling\u00fc\u00edsticas. \u00bfQui\u00e9n no ha experimentado la alegr\u00eda de tocar un vals o un schottisch en un festival en el coraz\u00f3n de Auvernia junto a bailarines franceses, espa\u00f1oles, suecos, italianos y h\u00fangaros? Se oye una melod\u00eda familiar en el lugar donde estabais sentados hablando, coges tu instrumento y te unes a ella. \u00a1Esto es comunicaci\u00f3n no verbal al m\u00e1s alto nivel!    <\/p>\n<h3>Enriquece tu experiencia musical<\/h3>\n<p>Consigue \u00abmodern\/trad. &#8211; Volumen 2\u00bb y experimenta c\u00f3mo las nuevas melod\u00edas pueden enriquecer tus eventos de baile y m\u00fasica. Estas composiciones cuidadosamente seleccionadas y grabadas profesionalmente est\u00e1n esperando a que las descubras y las toques t\u00fa. Aprovecha la oportunidad de formar parte de una tradici\u00f3n musical viva y haz tu pedido ahora.   <\/p>\n","protected":false},"excerpt":{"rendered":"<p>Nuevas Melod\u00edas de Baile &#8211; Volumen II: Vals y Polca &#8211; por Johannes Mayr y Christoph Pelgen<\/p>\n","protected":false},"featured_media":6929,"comment_status":"closed","ping_status":"closed","template":"","meta":[],"product_brand":[],"product_cat":[1027],"product_tag":[1086,1038,1093,1098,1084,1099],"class_list":{"0":"post-6928","1":"product","2":"type-product","3":"status-publish","4":"has-post-thumbnail","6":"product_cat-partituras","7":"product_tag-musica-drone","8":"product_tag-musica-tradicional","9":"product_tag-partituras-para-acordeon-diatonico","10":"product_tag-partituras-para-bal-folk","11":"product_tag-partituras-para-gaita","12":"product_tag-partituras-para-zanfona","13":"pa_b035_a01_b037-christoph-pelgen-es","14":"pa_b035_a01_b037-johannes-mayr-es","16":"first","17":"instock","18":"taxable","19":"shipping-taxable","20":"purchasable","21":"product-type-simple"},"_links":{"self":[{"href":"https:\/\/spielleute.de\/es\/wp-json\/wp\/v2\/product\/6928","targetHints":{"allow":["GET"]}}],"collection":[{"href":"https:\/\/spielleute.de\/es\/wp-json\/wp\/v2\/product"}],"about":[{"href":"https:\/\/spielleute.de\/es\/wp-json\/wp\/v2\/types\/product"}],"replies":[{"embeddable":true,"href":"https:\/\/spielleute.de\/es\/wp-json\/wp\/v2\/comments?post=6928"}],"wp:featuredmedia":[{"embeddable":true,"href":"https:\/\/spielleute.de\/es\/wp-json\/wp\/v2\/media\/6929"}],"wp:attachment":[{"href":"https:\/\/spielleute.de\/es\/wp-json\/wp\/v2\/media?parent=6928"}],"wp:term":[{"taxonomy":"product_brand","embeddable":true,"href":"https:\/\/spielleute.de\/es\/wp-json\/wp\/v2\/product_brand?post=6928"},{"taxonomy":"product_cat","embeddable":true,"href":"https:\/\/spielleute.de\/es\/wp-json\/wp\/v2\/product_cat?post=6928"},{"taxonomy":"product_tag","embeddable":true,"href":"https:\/\/spielleute.de\/es\/wp-json\/wp\/v2\/product_tag?post=6928"}],"curies":[{"name":"wp","href":"https:\/\/api.w.org\/{rel}","templated":true}]}}