{"id":6924,"date":"1996-10-02T17:31:12","date_gmt":"1996-10-02T15:31:12","guid":{"rendered":"https:\/\/spielleute.de\/cancionero-de-georg-forster-volumen-1\/"},"modified":"1996-10-02T17:31:12","modified_gmt":"1996-10-02T15:31:12","slug":"cancionero-de-georg-forster-volumen-1","status":"publish","type":"product","link":"https:\/\/spielleute.de\/es\/cancionero-de-georg-forster-volumen-1\/","title":{"rendered":"Cancionero de Georg Forster &#8211; Volumen 1"},"content":{"rendered":"<p>\u00abGeorg Forster Liederbuch &#8211; Volumen 1\u00bb te adentra en el mundo musical de principios del siglo XVI. Georg Forster, m\u00e9dico de profesi\u00f3n y al mismo tiempo apasionado mel\u00f3mano, libretista, compositor y editor, dej\u00f3 sus colecciones de canciones de tenor y populares como documento perdurable de la cultura musical burguesa. <\/p>\n<h3>Diversidad de notas y melod\u00edas<\/h3>\n<p>La base de esta edici\u00f3n es \u00abDes andern theyls &#8230; Teutscher Liedlein &#8230;\u00bb de la cuarta edici\u00f3n, Nuremberg, 1565. Para un uso moderno, se han combinado en una sola partitura los cuadernos para \u00abDiscantus\u00bb, \u00abAltus\u00bb, \u00abTenor\u00bb y \u00abBassus\u00bb. En \u00abGeorg Forster Liederbuch &#8211; Band 1\u00bb encontrar\u00e1s una gran variedad de canciones: desde canciones de juerga y caza hasta canciones er\u00f3ticas y de amor. Descubre canciones como \u00abEs sout ein Meiskin\u00bb, \u00abSant Martin\u00bb y muchas m\u00e1s.   <\/p>\n<h3>Interpretaciones musicales<\/h3>\n<p>La notaci\u00f3n del \u00abGeorg Forster Liederbuch &#8211; Band 1\u00bb permite tanto interpretaciones puramente vocales como instrumentales. Aunque Forster no hace hincapi\u00e9 expl\u00edcitamente en el uso de instrumentos en esta edici\u00f3n, flautas, cr\u00f3talos, cornamusas, dulzainas, pomeranias y chirim\u00edas, la\u00fades, guitarras y violas enriquecen la interpretaci\u00f3n y permiten una experiencia musical aut\u00e9ntica. La posibilidad de cantar estas obras hist\u00f3ricas, as\u00ed como de tocarlas con instrumentos de \u00e9poca, hace que cada pieza resulte especialmente atractiva.  <\/p>\n<h3>Viaje visual a trav\u00e9s de la historia<\/h3>\n<p>Las obras musicales van acompa\u00f1adas de las ilustraciones de Martina Sirtl, que se basan estrechamente en modelos hist\u00f3ricos. Estas interpretaciones visuales profundizan tu comprensi\u00f3n de la \u00e9poca y enriquecen tu interpretaci\u00f3n musical. <\/p>\n<h3>Tu llave al pasado musical<\/h3>\n<p>El \u00abGeorg Forster Liederbuch &#8211; Volumen 1\u00bb es algo m\u00e1s que una colecci\u00f3n de partituras. Es una puerta de entrada a la tradici\u00f3n y la cultura musicales del siglo XVI. Con sus partituras cuidadosamente editadas y sus diversas piezas, este libro ofrece tanto a solistas como a conjuntos numerosas posibilidades de interpretaci\u00f3n musical. Las ilustraciones hist\u00f3ricas complementarias convierten cada interpretaci\u00f3n en una experiencia profunda. Aprovecha la oportunidad de explorar el fascinante mundo de la m\u00fasica renacentista en todas sus facetas. \u00a1Consigue ya tu ejemplar y vive la historia de la m\u00fasica en primera persona!     <\/p>\n","protected":false},"excerpt":{"rendered":"<p>78 danzas y 45 canciones, editado por el Dr. Heinz Nickel<\/p>\n","protected":false},"featured_media":6926,"comment_status":"closed","ping_status":"closed","template":"","meta":[],"product_brand":[],"product_cat":[1027],"product_tag":[1092,1093,1158],"class_list":{"0":"post-6924","1":"product","2":"type-product","3":"status-publish","4":"has-post-thumbnail","6":"product_cat-partituras","7":"product_tag-musica-antigua","8":"product_tag-partituras-para-acordeon-diatonico","9":"product_tag-renacimiento","10":"pa_b035_a01_b037-heinz-niquel","12":"first","13":"outofstock","14":"taxable","15":"shipping-taxable","16":"purchasable","17":"product-type-simple"},"_links":{"self":[{"href":"https:\/\/spielleute.de\/es\/wp-json\/wp\/v2\/product\/6924","targetHints":{"allow":["GET"]}}],"collection":[{"href":"https:\/\/spielleute.de\/es\/wp-json\/wp\/v2\/product"}],"about":[{"href":"https:\/\/spielleute.de\/es\/wp-json\/wp\/v2\/types\/product"}],"replies":[{"embeddable":true,"href":"https:\/\/spielleute.de\/es\/wp-json\/wp\/v2\/comments?post=6924"}],"wp:featuredmedia":[{"embeddable":true,"href":"https:\/\/spielleute.de\/es\/wp-json\/wp\/v2\/media\/6926"}],"wp:attachment":[{"href":"https:\/\/spielleute.de\/es\/wp-json\/wp\/v2\/media?parent=6924"}],"wp:term":[{"taxonomy":"product_brand","embeddable":true,"href":"https:\/\/spielleute.de\/es\/wp-json\/wp\/v2\/product_brand?post=6924"},{"taxonomy":"product_cat","embeddable":true,"href":"https:\/\/spielleute.de\/es\/wp-json\/wp\/v2\/product_cat?post=6924"},{"taxonomy":"product_tag","embeddable":true,"href":"https:\/\/spielleute.de\/es\/wp-json\/wp\/v2\/product_tag?post=6924"}],"curies":[{"name":"wp","href":"https:\/\/api.w.org\/{rel}","templated":true}]}}