{"id":6911,"date":"2003-06-02T17:31:12","date_gmt":"2003-06-02T15:31:12","guid":{"rendered":"https:\/\/spielleute.de\/el-reino-de-los-juglares\/"},"modified":"2003-06-02T17:31:12","modified_gmt":"2003-06-02T15:31:12","slug":"el-reino-de-los-juglares","status":"publish","type":"product","link":"https:\/\/spielleute.de\/es\/el-reino-de-los-juglares\/","title":{"rendered":"El reino de los juglares"},"content":{"rendered":"<p>Descubre el fascinante mundo de \u00abEl reino de los juglares\u00bb, una obra exhaustiva que arroja luz sobre la organizaci\u00f3n y la vida de los juglares alsacianos entre la Baja Edad Media y la Revoluci\u00f3n Francesa. Escrito por Hartwig B\u00fcsemeyer, este libro adentra al lector en la historia cultural y social de este singular grupo profesional. <\/p>\n<h3>Sum\u00e9rgete en el reino de los juglares<\/h3>\n<p>\u00abLos juglares y los harapos crecen en el mismo tronco\u00bb, dice un proverbio contempor\u00e1neo. Los juglares de la Edad Media eran ambas cosas: animadores bienvenidos y populares y marginados sociales cuyo estilo de vida la gente sol\u00eda ver con disgusto. Su movilidad y su inestable vida itinerante contrastaban fuertemente con un mundo bien ordenado, caracterizado por el sedentarismo, la jerarqu\u00eda de los estamentos y las obligaciones gremiales.  <\/p>\n<h3>Fundar y proteger una hermandad \u00fanica<\/h3>\n<p>En el siglo XIV, los juglares alsacianos se unieron en una gran asociaci\u00f3n profesional regional. El reino de los juglares estaba bajo la protecci\u00f3n del poderoso se\u00f1or de Rappoltstein, al que los juglares deb\u00edan pagar impuestos y que, a cambio, se compromet\u00eda a velar por sus intereses y protegerlos de ataques externos. Para reconciliarse con la Iglesia, eligieron a Mar\u00eda como patrona y se reun\u00edan en su honor todos los a\u00f1os el D\u00eda de los Gaiteros.  <\/p>\n<h3>El papel del rey gaitero<\/h3>\n<p>A la cabeza del reino estaba el rey gaitero: su tarea consist\u00eda en mantener el orden entre los variopintos m\u00fasicos y velar por el cumplimiento de las normas del gremio. Tambi\u00e9n era el soberano supremo de la corte de los gaiteros, una jurisdicci\u00f3n independiente de la que los juglares se sent\u00edan especialmente orgullosos. <\/p>\n<h3>Profundidad hist\u00f3rica y amplio p\u00fablico<\/h3>\n<p>En \u00abEl reino de los juglares\u00bb, Hartwig B\u00fcsemeyer presenta la historia de la cofrad\u00eda de juglares alsacianos a lo largo de toda su historia, desde finales del siglo XIV hasta la Revoluci\u00f3n Francesa. Su trabajo se centr\u00f3 en la investigaci\u00f3n de la vida a peque\u00f1a escala y la cultura cotidiana de los juglares. Con la ayuda de fuentes in\u00e9ditas de los archivos de Colmar y Estrasburgo, el autor pudo describir con gran detalle las razones que llevaron a la lenta decadencia y disoluci\u00f3n de la cofrad\u00eda.  <\/p>\n<h3>Un tesoro cient\u00edfico y una historia viva<\/h3>\n<p>El libro \u00abEl reino de los juglares\u00bb no est\u00e1 dirigido a especialistas, sino que tambi\u00e9n debe ser comprensible para quienes no tengan conocimientos especializados. Sin embargo, este requisito hac\u00eda inevitable una introducci\u00f3n al tema, ya que sin una explicaci\u00f3n detallada de la posici\u00f3n jur\u00eddica y social de los juglares medievales, dif\u00edcilmente podr\u00edan hacerse plausibles las diversas posibilidades de promoci\u00f3n profesional y social de cada uno de los miembros de este grupo ocupacional. Por ello, el autor ha querido evitar una presentaci\u00f3n aislada de los juglares en su entorno vital y laboral, y ha intentado deliberadamente integrarlos en la historia de Alsacia. Las numerosas ilustraciones pretenden subrayar lo dicho en el texto.   <\/p>\n<h3>Conoce la historia de los juglares<\/h3>\n<p>\u00abEl reino de los juglares\u00bb, de Hartwig B\u00fcsemeyer, ofrece un relato exhaustivo y profundo de los juglares alsacianos y su extraordinario modo de vida. La combinaci\u00f3n de una investigaci\u00f3n meticulosa y una narraci\u00f3n animada crea una obra hist\u00f3ricamente informada y ampliamente accesible. Experimenta el fascinante mundo de los artistas medievales, su papel social y los retos a los que se enfrentaban. Este libro es imprescindible para cualquier persona interesada en la historia y la m\u00fasica. No pierdas la oportunidad de conocer a fondo una \u00e9poca casi olvidada.    <\/p>\n","protected":false},"excerpt":{"rendered":"<p>Organizaci\u00f3n y condiciones de vida de los juglares alsacianos entre la Baja Edad Media y la Revoluci\u00f3n Francesa por Hartwig B\u00fcsemeier<\/p>\n","protected":false},"featured_media":6912,"comment_status":"closed","ping_status":"closed","template":"","meta":[],"product_brand":[],"product_cat":[1166],"product_tag":[1112,1092],"class_list":{"0":"post-6911","1":"product","2":"type-product","3":"status-publish","4":"has-post-thumbnail","6":"product_cat-novelas","7":"product_tag-juglares","8":"product_tag-musica-antigua","9":"pa_b035_a01_b037-hartwig-busemeyer-es","11":"first","12":"instock","13":"taxable","14":"shipping-taxable","15":"purchasable","16":"product-type-simple"},"_links":{"self":[{"href":"https:\/\/spielleute.de\/es\/wp-json\/wp\/v2\/product\/6911","targetHints":{"allow":["GET"]}}],"collection":[{"href":"https:\/\/spielleute.de\/es\/wp-json\/wp\/v2\/product"}],"about":[{"href":"https:\/\/spielleute.de\/es\/wp-json\/wp\/v2\/types\/product"}],"replies":[{"embeddable":true,"href":"https:\/\/spielleute.de\/es\/wp-json\/wp\/v2\/comments?post=6911"}],"wp:featuredmedia":[{"embeddable":true,"href":"https:\/\/spielleute.de\/es\/wp-json\/wp\/v2\/media\/6912"}],"wp:attachment":[{"href":"https:\/\/spielleute.de\/es\/wp-json\/wp\/v2\/media?parent=6911"}],"wp:term":[{"taxonomy":"product_brand","embeddable":true,"href":"https:\/\/spielleute.de\/es\/wp-json\/wp\/v2\/product_brand?post=6911"},{"taxonomy":"product_cat","embeddable":true,"href":"https:\/\/spielleute.de\/es\/wp-json\/wp\/v2\/product_cat?post=6911"},{"taxonomy":"product_tag","embeddable":true,"href":"https:\/\/spielleute.de\/es\/wp-json\/wp\/v2\/product_tag?post=6911"}],"curies":[{"name":"wp","href":"https:\/\/api.w.org\/{rel}","templated":true}]}}