{"id":6905,"date":"2007-01-02T17:31:12","date_gmt":"2007-01-02T16:31:12","guid":{"rendered":"https:\/\/spielleute.de\/manual-de-macege-para-gaita-escocesa\/"},"modified":"2007-01-02T17:31:12","modified_gmt":"2007-01-02T16:31:12","slug":"manual-de-macege-para-gaita-escocesa","status":"publish","type":"product","link":"https:\/\/spielleute.de\/es\/manual-de-macege-para-gaita-escocesa\/","title":{"rendered":"Manual de MacEge para gaita escocesa"},"content":{"rendered":"<p>Por primera vez, \u00abMacEge&#8217;s Scottish Bagpipe Handbook\u00bb ofrece una gu\u00eda completa sobre el manejo, cuidado, t\u00e9cnica y mantenimiento de la Gran Gaita de las Highlands. Con sus muchos a\u00f1os de experiencia, Reinhold Ege proporciona ayuda y consejos a todos los gaiteros y les ofrece una ayuda sistem\u00e1tica y clara, pr\u00e1ctica y f\u00e1cil de entender, para el manejo de sus gaitas. <\/p>\n<h3>La pieza central de la m\u00fasica escocesa<\/h3>\n<p>La Gran Gaita de las Highlands (GHB) es un instrumento musical perfecto, desarrollado a lo largo de siglos, que a pesar de su apariencia arcaica puede mostrar sensibilidades divinas y caprichosas. Toda buena gaita representa el arte de los antiguos artesanos escoceses, cuyo empe\u00f1o y orgullo era y es crear s\u00f3lo lo mejor. <\/p>\n<h3>Instrucciones y t\u00e9cnicas de cuidado importantes<\/h3>\n<p>El segundo cap\u00edtulo del \u00abManual de MacEge para la gaita escocesa\u00bb explica y compara los accesorios y recambios disponibles en la actualidad, como el sif\u00f3n de agua, el protector de leng\u00fceta, la oca, la funda, etc., y da consejos sobre posibles y \u00fatiles mejoras para la gaita.<\/p>\n<h3>Ca\u00f1as: selecci\u00f3n, montaje y cuidados<\/h3>\n<p>El 3er cap\u00edtulo del \u00abManual de la gaita escocesa de MacEge\u00bb trata intensamente el tema m\u00e1s importante del gaitero, las ca\u00f1as: Hoy en d\u00eda se utilizan ca\u00f1as de construcci\u00f3n tradicional y moderna en el puntero y los bordones de las gaitas, que difieren entre s\u00ed en caracter\u00edsticas esenciales.<\/p>\n<h3>Aprender a tocar la flauta<\/h3>\n<p>El cuarto cap\u00edtulo est\u00e1 escrito especialmente para los principiantes que poseen su primera pipa y ahora quieren aprender a tocar: \u00abAprender a tocar la pipa\u00bb. Explica c\u00f3mo utilizar la pipa correctamente y muestra pasos \u00fatiles para el aprendizaje. <\/p>\n<h3>Trabajos de mantenimiento y reparaci\u00f3n<\/h3>\n<p>El cap\u00edtulo sobre trabajos de mantenimiento y reparaci\u00f3n de \u00abMacEge&#8217;s Scottish Bagpipe Handbook\u00bb contiene instrucciones sobre los trabajos de cuidado y mantenimiento m\u00e1s frecuentes:<\/p>\n<ul>\n<li>Encuadernaci\u00f3n de bolsos de cuero y canmore<\/li>\n<li>Bolsas de sellado<\/li>\n<li>Mantenimiento y cuidado de drones y cerbatanas<\/li>\n<li>Mantenimiento y renovaci\u00f3n de bobinados<\/li>\n<li>Un poco de teor\u00eda de nudos<\/li>\n<li>Fijaci\u00f3n de soportes<\/li>\n<li>Engrasar las tuber\u00edas<\/li>\n<\/ul>\n<h3>\u00bfPor qu\u00e9 \u00abMacEge&#8217;s Scottish Bagpipe Handbook\u00bb?<\/h3>\n<p>Es innegable que la gaita escocesa es uno de esos instrumentos musicales que requieren un gran mantenimiento y cuidado por parte de sus propietarios. Tras treinta a\u00f1os tratando con las gaitas y muchos a\u00f1os de experiencia como constructor de instrumentos, estoy muy familiarizado con este problema. Mi objetivo es proporcionar a los principiantes y a los avanzados los conocimientos necesarios para quitar el miedo al oficio y conseguir aquello a lo que todos aspiramos: ser gaiteros.  <\/p>\n<h3>Ayuda a la decisi\u00f3n para el Piper<\/h3>\n<p>No obstante, te aconsejo que pruebes mis m\u00e9todos en un minuto tranquilo y compares los resultados. Y entonces podr\u00e1s decidir. Frank Pain, a quien yo (y otros) debo mucho, escribi\u00f3 una vez que hab\u00eda explicado a muchas personas en su vida exactamente c\u00f3mo deber\u00edan haberlo hecho bien. As\u00ed que no te desanimes, \u00a1haz tus propias experiencias!   <\/p>\n<h3>Toma las riendas de tu juego<\/h3>\n<p>\u00abMacEge&#8217;s Scottish Bagpipe Handbook\u00bb es tu compa\u00f1ero indispensable si quieres asegurarte de que tu instrumento est\u00e9 siempre en plena forma y tu forma de tocar mejore constantemente. Desde el mantenimiento adecuado hasta el aprendizaje de nuevas t\u00e9cnicas de interpretaci\u00f3n, este manual tiene todo lo que necesitas para dominar tus habilidades musicales con la Gran Gaita de las Highlands. C\u00f3gelo y experimenta c\u00f3mo puedes enriquecer tu pasi\u00f3n por la gaita con conocimientos s\u00f3lidos y m\u00e9todos probados.  <\/p>\n","protected":false},"excerpt":{"rendered":"<p>Manual y gu\u00eda de la Gran Gaita de las Highlands<\/p>\n","protected":false},"featured_media":6906,"comment_status":"closed","ping_status":"closed","template":"","meta":[],"product_brand":[],"product_cat":[1106],"product_tag":[1176,1038],"class_list":{"0":"post-6905","1":"product","2":"type-product","3":"status-publish","4":"has-post-thumbnail","6":"product_cat-no-ficcion","7":"product_tag-aprende-a-tocar-la-gran-gaita-de-las-highlands","8":"product_tag-musica-tradicional","9":"pa_b035_a01_b037-reinhold-ege-es","11":"first","12":"outofstock","13":"taxable","14":"shipping-taxable","15":"purchasable","16":"product-type-simple"},"_links":{"self":[{"href":"https:\/\/spielleute.de\/es\/wp-json\/wp\/v2\/product\/6905","targetHints":{"allow":["GET"]}}],"collection":[{"href":"https:\/\/spielleute.de\/es\/wp-json\/wp\/v2\/product"}],"about":[{"href":"https:\/\/spielleute.de\/es\/wp-json\/wp\/v2\/types\/product"}],"replies":[{"embeddable":true,"href":"https:\/\/spielleute.de\/es\/wp-json\/wp\/v2\/comments?post=6905"}],"wp:featuredmedia":[{"embeddable":true,"href":"https:\/\/spielleute.de\/es\/wp-json\/wp\/v2\/media\/6906"}],"wp:attachment":[{"href":"https:\/\/spielleute.de\/es\/wp-json\/wp\/v2\/media?parent=6905"}],"wp:term":[{"taxonomy":"product_brand","embeddable":true,"href":"https:\/\/spielleute.de\/es\/wp-json\/wp\/v2\/product_brand?post=6905"},{"taxonomy":"product_cat","embeddable":true,"href":"https:\/\/spielleute.de\/es\/wp-json\/wp\/v2\/product_cat?post=6905"},{"taxonomy":"product_tag","embeddable":true,"href":"https:\/\/spielleute.de\/es\/wp-json\/wp\/v2\/product_tag?post=6905"}],"curies":[{"name":"wp","href":"https:\/\/api.w.org\/{rel}","templated":true}]}}