{"id":6014,"date":"2011-04-04T15:02:32","date_gmt":"2011-04-04T13:02:32","guid":{"rendered":"https:\/\/spielleute.de\/jouer-de-la-cornemuse\/"},"modified":"2011-04-04T15:02:32","modified_gmt":"2011-04-04T13:02:32","slug":"jouer-de-la-cornemuse","status":"publish","type":"product","link":"https:\/\/spielleute.de\/es\/jouer-de-la-cornemuse\/","title":{"rendered":"Jouer de la Cornemuse"},"content":{"rendered":"<p>\u00abJouer de la Cornemuse\u00bb no es s\u00f3lo un libro de texto para la gaita francesa: es un hito en el mundo de la m\u00fasica para gaita. Escrito por Bernard Boulanger, virtuoso y apasionado profesor, ofrece una introducci\u00f3n completa al mundo de la digitaci\u00f3n semicerrada. Con un CD de acompa\u00f1amiento, te sumergir\u00e1s en el arte franc\u00e9s de la gaita, enriquecido por las d\u00e9cadas de experiencia de Boulanger.  <\/p>\n<h3>Un libro de texto urgentemente necesario<\/h3>\n<p>La escena de la gaita llevaba mucho tiempo esperando un libro de texto completo que cubriera las t\u00e9cnicas especializadas y la gama musical de la popular gaita francesa. Este instrumento, conocido por su amplio registro y cromatismo, ofrece a los m\u00fasicos infinitas posibilidades expresivas: una herramienta indispensable, sobre todo en la escena de la danza. <\/p>\n<h3>Bernard Boulanger: Un profesor apasionado<\/h3>\n<p>Bernard Boulanger, el autor, es mucho m\u00e1s que un m\u00fasico. Es un pedagogo con alma y coraz\u00f3n que ya ha producido innumerables talentos en su escuela de m\u00fasica La Piposa. Sus experiencias personales, combinadas con una profunda pasi\u00f3n por la m\u00fasica, hacen de este libro una herramienta de aprendizaje inigualable.  <\/p>\n<h3>M\u00e1s de 20 a\u00f1os de experiencia en forma de libro<\/h3>\n<p>Boulanger ha trabajado durante m\u00e1s de dos d\u00e9cadas para canalizar sus conocimientos y t\u00e9cnicas en el libro \u00abJouer de la Cornemuse\u00bb. El resultado es una gu\u00eda detallada y sistem\u00e1tica para aprender a tocar la gaita, desde los fundamentos hasta las t\u00e9cnicas avanzadas. El CD que lo acompa\u00f1a, con 99 pistas de pr\u00e1ctica, refuerza la experiencia de aprendizaje con ejemplos pr\u00e1cticos de audio.  <\/p>\n<h3>Aprender con un sistema<\/h3>\n<p>\u00abJouer de la Cornemuse\u00bb se divide en dos partes: La primera se centra en los fundamentos, mientras que la segunda parte trata de las t\u00e9cnicas avanzadas de ornamentaci\u00f3n y de la realizaci\u00f3n de conocidos ornamentos escoceses. Su estructura l\u00f3gica lo hace adecuado tanto para el autoaprendizaje como para la ense\u00f1anza. <\/p>\n<h3>La experiencia se une a la innovaci\u00f3n<\/h3>\n<p>Las gaitas de digitaci\u00f3n semicerrada gozan de gran popularidad en Europa desde hace m\u00e1s de 50 a\u00f1os. Su construcci\u00f3n \u00fanica permite una gama crom\u00e1tica y un sonido armonioso que armoniza perfectamente con otros instrumentos. El libro \u00abJouer de la Cornemuse\u00bb es, por tanto, una gu\u00eda indispensable para cualquier m\u00fasico que quiera aprender este arte.  <\/p>\n<h3>Un homenaje a la diversidad musical<\/h3>\n<p>Bernard Boulanger no s\u00f3lo comparte su amplia experiencia, sino tambi\u00e9n su pasi\u00f3n por la danza y la m\u00fasica. El libro es una invitaci\u00f3n a descubrir y experimentar la alegr\u00eda de hacer m\u00fasica juntos m\u00e1s all\u00e1 de los aspectos t\u00e9cnicos. <\/p>\n<h3>Tu clave para dominar la gaita<\/h3>\n<p>\u00abJouer de la Cornemuse\u00bb es mucho m\u00e1s que un libro de texto: es un puente hacia horizontes musicales por descubrir. Con la experiencia de Bernard Boulanger y los amplios conocimientos que contiene este libro, tienes todo lo que necesitas para dominar el arte de la gaita francesa. Desde las t\u00e9cnicas b\u00e1sicas hasta la interpretaci\u00f3n avanzada, este libro te guiar\u00e1 en cada paso de tu viaje musical. Consigue tu ejemplar ahora y empieza a explorar el fascinante mundo de la m\u00fasica de gaita.   <\/p>\n","protected":false},"excerpt":{"rendered":"<p>Libro de texto para gaita francesa con digitaci\u00f3n semicerrada en franc\u00e9s (con CD de acompa\u00f1amiento) por Bernard Boulanger<\/p>\n","protected":false},"featured_media":6015,"comment_status":"open","ping_status":"closed","template":"","meta":[],"product_brand":[],"product_cat":[1131],"product_tag":[1177,1279,1094,1085,1038],"class_list":{"0":"post-6014","1":"product","2":"type-product","3":"status-publish","4":"has-post-thumbnail","6":"product_cat-libro-de-texto","7":"product_tag-aprende-a-tocar-la-gaita","8":"product_tag-aprende-a-tocar-la-gaita-francesa","9":"product_tag-bourree-es","10":"product_tag-musica-bretona","11":"product_tag-musica-tradicional","12":"pa_b035_a01_b037-bernard-boulanger-es","14":"first","15":"outofstock","16":"taxable","17":"shipping-taxable","18":"purchasable","19":"product-type-simple"},"_links":{"self":[{"href":"https:\/\/spielleute.de\/es\/wp-json\/wp\/v2\/product\/6014","targetHints":{"allow":["GET"]}}],"collection":[{"href":"https:\/\/spielleute.de\/es\/wp-json\/wp\/v2\/product"}],"about":[{"href":"https:\/\/spielleute.de\/es\/wp-json\/wp\/v2\/types\/product"}],"replies":[{"embeddable":true,"href":"https:\/\/spielleute.de\/es\/wp-json\/wp\/v2\/comments?post=6014"}],"wp:featuredmedia":[{"embeddable":true,"href":"https:\/\/spielleute.de\/es\/wp-json\/wp\/v2\/media\/6015"}],"wp:attachment":[{"href":"https:\/\/spielleute.de\/es\/wp-json\/wp\/v2\/media?parent=6014"}],"wp:term":[{"taxonomy":"product_brand","embeddable":true,"href":"https:\/\/spielleute.de\/es\/wp-json\/wp\/v2\/product_brand?post=6014"},{"taxonomy":"product_cat","embeddable":true,"href":"https:\/\/spielleute.de\/es\/wp-json\/wp\/v2\/product_cat?post=6014"},{"taxonomy":"product_tag","embeddable":true,"href":"https:\/\/spielleute.de\/es\/wp-json\/wp\/v2\/product_tag?post=6014"}],"curies":[{"name":"wp","href":"https:\/\/api.w.org\/{rel}","templated":true}]}}