{"id":6011,"date":"2006-11-10T17:33:26","date_gmt":"2006-11-10T16:33:26","guid":{"rendered":"https:\/\/spielleute.de\/introduccion-a-la-musica-medieval\/"},"modified":"2006-11-10T17:33:26","modified_gmt":"2006-11-10T16:33:26","slug":"introduccion-a-la-musica-medieval","status":"publish","type":"product","link":"https:\/\/spielleute.de\/es\/introduccion-a-la-musica-medieval\/","title":{"rendered":"Introducci\u00f3n a la m\u00fasica medieval"},"content":{"rendered":"<p>\u00abIntroducci\u00f3n a la M\u00fasica Medieval\u00bb: este libro es el resultado de los muchos a\u00f1os de experiencia de los autores y de su profunda pasi\u00f3n por la m\u00fasica medieval. Te ofrece una visi\u00f3n completa de la m\u00fasica de la Edad Media y una amplia selecci\u00f3n de ejemplos de partituras f\u00e1ciles de tocar, procedentes de una gran variedad de culturas y regiones. <\/p>\n<h3>Conocimiento experto de primera mano<\/h3>\n<p>Nos complace presentar una exhaustiva introducci\u00f3n a la m\u00fasica medieval, escrita por expertos que experimentan y ense\u00f1an esta m\u00fasica en la pr\u00e1ctica. La obra combina a la perfecci\u00f3n profundos conocimientos hist\u00f3ricos con t\u00e9cnicas y enfoques aplicables. <\/p>\n<h3>Comprender los fundamentos y el contexto<\/h3>\n<p>Este libro te proporciona informaci\u00f3n clara y accesible sobre los aspectos fundamentales de la m\u00fasica medieval y su contexto hist\u00f3rico. Explora la evoluci\u00f3n de la m\u00fasica monof\u00f3nica a la polif\u00f3nica, desde el canto gregoriano hasta las complejas estructuras del Ars Nova. <\/p>\n<h3>Influencia e intercambio<\/h3>\n<p>Se dedica un cap\u00edtulo especial a la importante influencia de la m\u00fasica \u00e1rabe y se muestra c\u00f3mo configur\u00f3 el paisaje musical europeo de la Edad Media. Descubre c\u00f3mo este intercambio cultural influy\u00f3 en el desarrollo de la m\u00fasica y profundiz\u00f3 en la comprensi\u00f3n de la pr\u00e1ctica interpretativa hist\u00f3rica. <\/p>\n<h3>Amplio repertorio y consejos pr\u00e1cticos<\/h3>\n<p>El libro no s\u00f3lo ofrece una extensa lista de piezas musicales desde Hildegard von Bingen hasta Carmina Burana, sino tambi\u00e9n consejos pr\u00e1cticos sobre la pr\u00e1ctica de la interpretaci\u00f3n hist\u00f3rica. Sirve como valiosa obra de consulta para cuestiones sobre la m\u00fasica de este periodo y ayuda a los m\u00fasicos a organizar sus interpretaciones con autenticidad. <\/p>\n<h3>Por qu\u00e9 este libro es un enriquecimiento<\/h3>\n<p>Esta \u00abIntroducci\u00f3n a la M\u00fasica Medieval\u00bb es una herramienta esencial para cualquiera que desee estudiar en profundidad este periodo musical. El libro no es s\u00f3lo una fuente de inspiraci\u00f3n, sino tambi\u00e9n una gu\u00eda pr\u00e1ctica que te ayudar\u00e1 a ampliar tu repertorio musical y a desarrollar una s\u00f3lida comprensi\u00f3n de las formas art\u00edsticas de la Edad Media. Ampl\u00eda tus conocimientos y habilidades en m\u00fasica medieval adquiriendo esta completa gu\u00eda.  <\/p>\n","protected":false},"excerpt":{"rendered":"<p>Con numerosos ejemplos musicales<\/p>\n","protected":false},"featured_media":6012,"comment_status":"closed","ping_status":"closed","template":"","meta":[],"product_brand":[],"product_cat":[1106],"product_tag":[1300,1092],"class_list":{"0":"post-6011","1":"product","2":"type-product","3":"status-publish","4":"has-post-thumbnail","6":"product_cat-no-ficcion","7":"product_tag-edad-media","8":"product_tag-musica-antigua","9":"pa_b035_a01_b037-marco-ambrosini-es","10":"pa_b035_a01_b037-michael-posch-es","12":"first","13":"outofstock","14":"taxable","15":"shipping-taxable","16":"purchasable","17":"product-type-simple"},"_links":{"self":[{"href":"https:\/\/spielleute.de\/es\/wp-json\/wp\/v2\/product\/6011","targetHints":{"allow":["GET"]}}],"collection":[{"href":"https:\/\/spielleute.de\/es\/wp-json\/wp\/v2\/product"}],"about":[{"href":"https:\/\/spielleute.de\/es\/wp-json\/wp\/v2\/types\/product"}],"replies":[{"embeddable":true,"href":"https:\/\/spielleute.de\/es\/wp-json\/wp\/v2\/comments?post=6011"}],"wp:featuredmedia":[{"embeddable":true,"href":"https:\/\/spielleute.de\/es\/wp-json\/wp\/v2\/media\/6012"}],"wp:attachment":[{"href":"https:\/\/spielleute.de\/es\/wp-json\/wp\/v2\/media?parent=6011"}],"wp:term":[{"taxonomy":"product_brand","embeddable":true,"href":"https:\/\/spielleute.de\/es\/wp-json\/wp\/v2\/product_brand?post=6011"},{"taxonomy":"product_cat","embeddable":true,"href":"https:\/\/spielleute.de\/es\/wp-json\/wp\/v2\/product_cat?post=6011"},{"taxonomy":"product_tag","embeddable":true,"href":"https:\/\/spielleute.de\/es\/wp-json\/wp\/v2\/product_tag?post=6011"}],"curies":[{"name":"wp","href":"https:\/\/api.w.org\/{rel}","templated":true}]}}