{"id":5912,"date":"2011-03-03T17:32:50","date_gmt":"2011-03-03T16:32:50","guid":{"rendered":"https:\/\/spielleute.de\/danzas-renacentistas-de-la-orquesografia-segun-thoinot-arbeau\/"},"modified":"2011-03-03T17:32:50","modified_gmt":"2011-03-03T16:32:50","slug":"danzas-renacentistas-de-la-orquesografia-segun-thoinot-arbeau","status":"publish","type":"product","link":"https:\/\/spielleute.de\/es\/danzas-renacentistas-de-la-orquesografia-segun-thoinot-arbeau\/","title":{"rendered":"Danzas renacentistas de la orquesograf\u00eda seg\u00fan Thoinot Arbeau"},"content":{"rendered":"<p>\u00bfTe has preguntado alguna vez c\u00f3mo se bailaba en el Renacimiento? El libro \u00abDanzas renacentistas de la Orch\u00e9sographie seg\u00fan Thoinot Arbeau\u00bb, editado por Hinrich Langeloh, te dar\u00e1 una visi\u00f3n fascinante del mundo de las danzas renacentistas francesas. Thoinot Arbeau compil\u00f3 en 1589 una colecci\u00f3n de 35 danzas, originarias del pueblo y adaptadas por \u00e9l a la sociedad aristocr\u00e1tica. Muchas de estas danzas siguen siendo muy populares en Francia hoy en d\u00eda. Con el CD del \u00abKatharco Early Music Consort\u00bb, que acompa\u00f1a al libro, no s\u00f3lo podr\u00e1s leer, sino tambi\u00e9n o\u00edr y sentir c\u00f3mo cobran vida estas danzas hist\u00f3ricas.    <\/p>\n<h3>Tu entrada en el Renacimiento<\/h3>\n<p>Hinrich Langeloh te lo pone f\u00e1cil para que te sumerjas en los fascinantes bailes de sal\u00f3n del Renacimiento. Con su lenguaje claro y comprensible, te gu\u00eda a trav\u00e9s de diez bailes de pareja y veinte branles en \u00abBailes del Renacimiento\u00bb, con el apoyo de explicaciones detalladas, muchas ilustraciones y un extenso ap\u00e9ndice de partituras. Tanto si eres nuevo en el mundo de las danzas hist\u00f3ricas como si ya eres un entendido, este libro te inspirar\u00e1.  <\/p>\n<h3>Por qu\u00e9 estas danzas son tan especiales<\/h3>\n<p>En su pr\u00f3logo, Langeloh subraya lo importante que es redescubrir nuestras propias ra\u00edces y culturas hist\u00f3ricas. La \u00abOrch\u00e9sographie\u00bb de 1589 no s\u00f3lo ofrece instrucciones de danza, sino tambi\u00e9n una visi\u00f3n de los aspectos sociales y culturales de la \u00e9poca, lo que convierte a las danzas en una pieza viva de la historia. <\/p>\n<h3>Qu\u00e9 puedes esperar<\/h3>\n<p>El libro \u00abDanzas del Renacimiento\u00bb se divide en dos partes principales: Danzas en Pareja y Branles. Cada parte comienza con una introducci\u00f3n, seguida de descripciones detalladas e ilustraciones. Un extenso ap\u00e9ndice con partituras de todas las melod\u00edas de los CD y una bibliograf\u00eda hacen del libro una herramienta completa para los aficionados a las danzas.  <\/p>\n<h3>Lo m\u00e1s destacado del libro<\/h3>\n<ul>\n<li>Comprensible para todos: lenguaje claro que tambi\u00e9n es accesible para los no expertos.<\/li>\n<li>Profundizaci\u00f3n: Informaci\u00f3n detallada sobre el origen y el significado de las danzas.<\/li>\n<li>Apoyo visual: Numerosas ilustraciones que aclaran los pasos y las posturas.<\/li>\n<li>Acompa\u00f1amiento musical: Un completo ap\u00e9ndice de partituras en el CD.<\/li>\n<li>Otros recursos: Una bibliograf\u00eda detallada para quienes deseen profundizar en el tema.<\/li>\n<\/ul>\n<h3>\u00bfA qui\u00e9n va dirigido \u00abDanzas del Renacimiento\u00bb?<\/h3>\n<p>Ya sean aficionados a la danza, historiadores, profesores de m\u00fasica y danza o simples curiosos, este libro es una invitaci\u00f3n a todos los interesados en la rica cultura del Renacimiento y sus formas de expresi\u00f3n en la danza.<\/p>\n<h3>Tu puerta al Renacimiento<\/h3>\n<p>Con \u00abDanzas renacentistas de la Orch\u00e9sographie seg\u00fan Thoinot Arbeau\u00bb obtendr\u00e1s algo m\u00e1s que un simple libro de texto. Recibir\u00e1s una clave para las vivas y variadas danzas del Renacimiento, una mezcla perfecta de teor\u00eda y pr\u00e1ctica que te sumergir\u00e1 profundamente en las danzas hist\u00f3ricas. \u00a1Prep\u00e1rate para descubrir el pasado y experimentar c\u00f3mo te hace bailar!  <\/p>\n","protected":false},"excerpt":{"rendered":"<p>Libro de texto de danza con CD &#8211; editado para uso en danza por Hinrich Langeloh<\/p>\n","protected":false},"featured_media":5913,"comment_status":"closed","ping_status":"closed","template":"","meta":[],"product_brand":[],"product_cat":[1131],"product_tag":[1092,1158],"class_list":{"0":"post-5912","1":"product","2":"type-product","3":"status-publish","4":"has-post-thumbnail","6":"product_cat-libro-de-texto","7":"product_tag-musica-antigua","8":"product_tag-renacimiento","9":"pa_b035_a01_b037-hinrich-langeloh-es","11":"first","12":"instock","13":"taxable","14":"shipping-taxable","15":"purchasable","16":"product-type-simple"},"_links":{"self":[{"href":"https:\/\/spielleute.de\/es\/wp-json\/wp\/v2\/product\/5912","targetHints":{"allow":["GET"]}}],"collection":[{"href":"https:\/\/spielleute.de\/es\/wp-json\/wp\/v2\/product"}],"about":[{"href":"https:\/\/spielleute.de\/es\/wp-json\/wp\/v2\/types\/product"}],"replies":[{"embeddable":true,"href":"https:\/\/spielleute.de\/es\/wp-json\/wp\/v2\/comments?post=5912"}],"wp:featuredmedia":[{"embeddable":true,"href":"https:\/\/spielleute.de\/es\/wp-json\/wp\/v2\/media\/5913"}],"wp:attachment":[{"href":"https:\/\/spielleute.de\/es\/wp-json\/wp\/v2\/media?parent=5912"}],"wp:term":[{"taxonomy":"product_brand","embeddable":true,"href":"https:\/\/spielleute.de\/es\/wp-json\/wp\/v2\/product_brand?post=5912"},{"taxonomy":"product_cat","embeddable":true,"href":"https:\/\/spielleute.de\/es\/wp-json\/wp\/v2\/product_cat?post=5912"},{"taxonomy":"product_tag","embeddable":true,"href":"https:\/\/spielleute.de\/es\/wp-json\/wp\/v2\/product_tag?post=5912"}],"curies":[{"name":"wp","href":"https:\/\/api.w.org\/{rel}","templated":true}]}}