{"id":5909,"date":"2003-05-04T17:31:51","date_gmt":"2003-05-04T15:31:51","guid":{"rendered":"https:\/\/spielleute.de\/tocar-la-gaita-2\/"},"modified":"2003-05-04T17:31:51","modified_gmt":"2003-05-04T15:31:51","slug":"tocar-la-gaita-2","status":"publish","type":"product","link":"https:\/\/spielleute.de\/es\/tocar-la-gaita-2\/","title":{"rendered":"Tocar la gaita"},"content":{"rendered":"<p>Este libro de texto, una colaboraci\u00f3n con la Sociedad Inglesa de Gaitas, es un compa\u00f1ero indispensable para cualquiera que desee aprender la digitaci\u00f3n francesa semicerrada en la gaita. \u00abTocar la gaita\u00bb se ha escrito en ingl\u00e9s. <\/p>\n<h3>Desplegando el espectro musical<\/h3>\n<p>Gracias a la amplia gama y capacidad crom\u00e1tica de estas gaitas, \u00abTocar la gaita\u00bb abre un amplio espectro musical. Estos instrumentos, muy extendidos en muchas partes de Europa, son especialmente omnipresentes en la escena de las danzas folcl\u00f3ricas. Su flexibilidad musical permite interpretar m\u00fasica que va desde sonidos medievales hasta melod\u00edas de danzas tradicionales europeas y nuevas composiciones.  <\/p>\n<h3>Plan de estudios sistem\u00e1tico: De principiante a experto<\/h3>\n<p>El libro comienza con una clara introducci\u00f3n a las t\u00e9cnicas b\u00e1sicas de interpretaci\u00f3n. Un gran n\u00famero de ejercicios en \u00abTocar la gaita\u00bb ofrecen a los estudiantes amplias oportunidades de practicar lo que han aprendido. Las melod\u00edas seleccionadas son adecuadas al nivel de dificultad del momento y est\u00e1n pensadas para ayudar a los m\u00fasicos a construir un repertorio personalizado.  <\/p>\n<h3>Bernard Boulanger: Un maestro comparte su experiencia<\/h3>\n<p>Bernard Boulanger, virtuoso y pedagogo, ha elaborado este libro de texto para transmitir sus conocimientos. Con m\u00e1s de 20 a\u00f1os de experiencia en su escuela de m\u00fasica \u00abLa Piposa\u00bb, ha influido notablemente en la m\u00fasica francesa para gaita. En la segunda parte del libro de texto \u00abTocar la gaita\u00bb, Boulanger va m\u00e1s all\u00e1 de las t\u00e9cnicas tradicionales de ornamentaci\u00f3n y explica c\u00f3mo se pueden reproducir las famosas notas de gracia escocesas en este tipo de gaita.  <\/p>\n<h3>Diversas oportunidades de aprendizaje para todos<\/h3>\n<p>El libro de texto es ideal tanto para el autoestudio como para su uso en escuelas de m\u00fasica y clases regulares. Desarrollado en estrecha colaboraci\u00f3n con m\u00fasicos experimentados, profesores de m\u00fasica y constructores de instrumentos, el m\u00e9todo de ense\u00f1anza de \u00abTocar la gaita\u00bb ha demostrado su eficacia en la pr\u00e1ctica. <\/p>\n<h3>Descubre el mundo de la gaita francesa<\/h3>\n<p>Sum\u00e9rgete en el mundo de la gaita francesa y desarrolla tu potencial musical. Con cada lecci\u00f3n y el CD que la acompa\u00f1a, dominar\u00e1s los sutiles matices de la interpretaci\u00f3n y profundizar\u00e1s en tu comprensi\u00f3n musical. <\/p>\n<h3>Ahora te toca a ti<\/h3>\n<p>Comienza tu camino hacia la maestr\u00eda con este libro de instrucciones, disponible en ingl\u00e9s, alem\u00e1n y franc\u00e9s, y d\u00e9jate guiar por la experiencia de Bernard Boulanger. Todo gaitero ambicioso encontrar\u00e1 en \u00abTocar la gaita\u00bb un compa\u00f1ero indispensable. <\/p>\n","protected":false},"excerpt":{"rendered":"<p>M\u00e9todo de Bernard Boulanger<\/p>\n","protected":false},"featured_media":5910,"comment_status":"closed","ping_status":"closed","template":"","meta":[],"product_brand":[],"product_cat":[1131],"product_tag":[1177,1279,1094,1038],"class_list":{"0":"post-5909","1":"product","2":"type-product","3":"status-publish","4":"has-post-thumbnail","6":"product_cat-libro-de-texto","7":"product_tag-aprende-a-tocar-la-gaita","8":"product_tag-aprende-a-tocar-la-gaita-francesa","9":"product_tag-bourree-es","10":"product_tag-musica-tradicional","11":"pa_b035_a01_b037-bernard-boulanger-es","13":"first","14":"instock","15":"taxable","16":"shipping-taxable","17":"purchasable","18":"product-type-simple"},"_links":{"self":[{"href":"https:\/\/spielleute.de\/es\/wp-json\/wp\/v2\/product\/5909","targetHints":{"allow":["GET"]}}],"collection":[{"href":"https:\/\/spielleute.de\/es\/wp-json\/wp\/v2\/product"}],"about":[{"href":"https:\/\/spielleute.de\/es\/wp-json\/wp\/v2\/types\/product"}],"replies":[{"embeddable":true,"href":"https:\/\/spielleute.de\/es\/wp-json\/wp\/v2\/comments?post=5909"}],"wp:featuredmedia":[{"embeddable":true,"href":"https:\/\/spielleute.de\/es\/wp-json\/wp\/v2\/media\/5910"}],"wp:attachment":[{"href":"https:\/\/spielleute.de\/es\/wp-json\/wp\/v2\/media?parent=5909"}],"wp:term":[{"taxonomy":"product_brand","embeddable":true,"href":"https:\/\/spielleute.de\/es\/wp-json\/wp\/v2\/product_brand?post=5909"},{"taxonomy":"product_cat","embeddable":true,"href":"https:\/\/spielleute.de\/es\/wp-json\/wp\/v2\/product_cat?post=5909"},{"taxonomy":"product_tag","embeddable":true,"href":"https:\/\/spielleute.de\/es\/wp-json\/wp\/v2\/product_tag?post=5909"}],"curies":[{"name":"wp","href":"https:\/\/api.w.org\/{rel}","templated":true}]}}