{"id":5906,"date":"2011-04-04T17:32:50","date_gmt":"2011-04-04T15:32:50","guid":{"rendered":"https:\/\/spielleute.de\/tocar-la-gaita\/"},"modified":"2011-04-04T17:32:50","modified_gmt":"2011-04-04T15:32:50","slug":"tocar-la-gaita","status":"publish","type":"product","link":"https:\/\/spielleute.de\/es\/tocar-la-gaita\/","title":{"rendered":"Tocar la gaita"},"content":{"rendered":"<p>Este libro de texto para gaita con digitaci\u00f3n francesa semicerrada convierte la interpretaci\u00f3n de la gaita en un arte tangible. La escena gaitera ha esperado mucho tiempo una obra tan completa que gozar\u00e1 del favor de toda Europa. Con su t\u00edpica digitaci\u00f3n francesa, estas gaitas se encuentran entre las m\u00e1s populares de su clase, en una categor\u00eda propia junto a las famosas gaitas Highland.  <\/p>\n<h3>Desplegando el espectro musical<\/h3>\n<p>El libro de texto \u00abTocar la gaita\u00bb abre las puertas a un espectro musical que va mucho m\u00e1s all\u00e1 del de las gaitas convencionales. Gracias a la amplia gama y al cromatismo de estos instrumentos, abren a los m\u00fasicos posibilidades expresivas inimaginables. Hoy en d\u00eda, es imposible imaginar la escena del folk y la danza sin ellas.  <\/p>\n<h3>Bernard Boulanger: Un virtuoso comparte sus conocimientos<\/h3>\n<p>Bernard Boulanger, reconocido maestro de su oficio, comparte sus amplios conocimientos en este libro. Lleva m\u00e1s de 20 a\u00f1os ense\u00f1ando a alumnos del norte de Francia y ha influido notablemente en el panorama gaitero franc\u00e9s con su escuela de m\u00fasica \u00abLa Piposa\u00bb. Boulanger ha pasado m\u00e1s de 12 a\u00f1os trabajando en el libro did\u00e1ctico \u00abTocar la gaita\u00bb para transmitir la variedad de t\u00e9cnicas de interpretaci\u00f3n y ornamentaci\u00f3n de forma sistem\u00e1tica y comprensible.  <\/p>\n<h3>El plan de estudios: De principiante a experto<\/h3>\n<p>En la primera parte del libro se explican detalladamente todas las t\u00e9cnicas b\u00e1sicas de interpretaci\u00f3n. Un gran n\u00famero de ejercicios permite poner en pr\u00e1ctica lo aprendido. Las melod\u00edas seleccionadas en \u00abTocar la gaita\u00bb conducen gradualmente al m\u00fasico a una comprensi\u00f3n musical m\u00e1s profunda.  <\/p>\n<h3>Bernard Boulanger: Una personalidad influyente<\/h3>\n<p>El talento de Bernard Boulanger para mantener el tempo y al mismo tiempo dirigir al grupo con un solo ojo es impresionante. Su conexi\u00f3n con la danza, su pasi\u00f3n y dedicaci\u00f3n al arte de la gaita se palpan en cada nota. Desarroll\u00f3 y perfeccion\u00f3 este m\u00e9todo de ense\u00f1anza a lo largo de casi 15 a\u00f1os, puesto a prueba por cientos de alumnos en su centro de formaci\u00f3n La Piposa.  <\/p>\n<h3>Una gu\u00eda completa para todos los alumnos<\/h3>\n<p>Desde los fundamentos hasta las t\u00e9cnicas avanzadas, este libro es adecuado tanto para autodidactas como de apoyo en las clases. La estrecha colaboraci\u00f3n con m\u00fasicos, profesores y constructores de instrumentos experimentados garantiza un m\u00e9todo de ense\u00f1anza probado en la pr\u00e1ctica. <\/p>\n<h3>Descubre el mundo de la gaita francesa<\/h3>\n<p>Libera tu potencial musical y sum\u00e9rgete en el mundo de la gaita francesa. Con este libro a tu lado, cada lecci\u00f3n enriquecer\u00e1 tu viaje musical. El CD de acompa\u00f1amiento incluido profundiza en lo aprendido y te acerca a los sutiles matices de la interpretaci\u00f3n.  <\/p>\n<h3>  \u00abTocar la gaita\u00bb &#8211; Ahora te toca a ti<\/h3>\n<p>Todo gaitero ambicioso encontrar\u00e1 en este libro de instrucciones un compa\u00f1ero indispensable en el camino hacia la maestr\u00eda. Tanto si est\u00e1s empezando a tocar la gaita como si quieres llevar tus habilidades a un nuevo nivel, este libro te dotar\u00e1 de las herramientas necesarias para una profunda realizaci\u00f3n musical. Inicia ahora tu camino hacia la maestr\u00eda y d\u00e9jate guiar por la experiencia de Bernard Boulanger.  <\/p>\n","protected":false},"excerpt":{"rendered":"<p>Libro de texto para gaita con digitaci\u00f3n francesa semicerrada<\/p>\n","protected":false},"featured_media":5907,"comment_status":"closed","ping_status":"closed","template":"","meta":[],"product_brand":[],"product_cat":[1131],"product_tag":[1177,1279,1094,1085,1038],"class_list":{"0":"post-5906","1":"product","2":"type-product","3":"status-publish","4":"has-post-thumbnail","6":"product_cat-libro-de-texto","7":"product_tag-aprende-a-tocar-la-gaita","8":"product_tag-aprende-a-tocar-la-gaita-francesa","9":"product_tag-bourree-es","10":"product_tag-musica-bretona","11":"product_tag-musica-tradicional","12":"pa_b035_a01_b037-bernard-boulanger-es","14":"first","15":"instock","16":"taxable","17":"shipping-taxable","18":"purchasable","19":"product-type-simple"},"_links":{"self":[{"href":"https:\/\/spielleute.de\/es\/wp-json\/wp\/v2\/product\/5906","targetHints":{"allow":["GET"]}}],"collection":[{"href":"https:\/\/spielleute.de\/es\/wp-json\/wp\/v2\/product"}],"about":[{"href":"https:\/\/spielleute.de\/es\/wp-json\/wp\/v2\/types\/product"}],"replies":[{"embeddable":true,"href":"https:\/\/spielleute.de\/es\/wp-json\/wp\/v2\/comments?post=5906"}],"wp:featuredmedia":[{"embeddable":true,"href":"https:\/\/spielleute.de\/es\/wp-json\/wp\/v2\/media\/5907"}],"wp:attachment":[{"href":"https:\/\/spielleute.de\/es\/wp-json\/wp\/v2\/media?parent=5906"}],"wp:term":[{"taxonomy":"product_brand","embeddable":true,"href":"https:\/\/spielleute.de\/es\/wp-json\/wp\/v2\/product_brand?post=5906"},{"taxonomy":"product_cat","embeddable":true,"href":"https:\/\/spielleute.de\/es\/wp-json\/wp\/v2\/product_cat?post=5906"},{"taxonomy":"product_tag","embeddable":true,"href":"https:\/\/spielleute.de\/es\/wp-json\/wp\/v2\/product_tag?post=5906"}],"curies":[{"name":"wp","href":"https:\/\/api.w.org\/{rel}","templated":true}]}}