{"id":5903,"date":"2004-11-02T17:31:12","date_gmt":"2004-11-02T16:31:12","guid":{"rendered":"https:\/\/spielleute.de\/vamos-caballero-es-tac\/"},"modified":"2025-04-30T16:25:02","modified_gmt":"2025-04-30T14:25:02","slug":"vamos-caballero-es-tac","status":"publish","type":"product","link":"https:\/\/spielleute.de\/es\/vamos-caballero-es-tac\/","title":{"rendered":"Vamos, caballero, \u00a1es tac!"},"content":{"rendered":"<p>\u00abNu wol uf, ritter, ez ist tac!\u00bb te adentra en el fascinante mundo de von Wissenlo, un misterioso juglar cuya obra est\u00e1 inmortalizada en el famoso manuscrito Manessische Lieder. Von Wissenlo, cuyo nombre se remonta al top\u00f3nimo Wiesloch, sigue siendo un enigma en la poes\u00eda medieval. No hay rastros de su vida, s\u00f3lo las apasionadas obras de un maestro del antiminnesong que tematiza el amor secreto y prohibido.  <\/p>\n<h3>Historias de amor prohibido<\/h3>\n<p>En cuanto la idea del alto minnesong se extendi\u00f3 de Francia a las cortes alemanas, surgi\u00f3 un movimiento contrario. Un g\u00e9nero especialmente popular de esta \u00abcontracanci\u00f3n\u00bb fue el \u00abTagelied\u00bb. Se centra en el amor realizado pero en peligro, una constelaci\u00f3n que proporciona el marco para una multitud de posibles remates y giros. El amor representado en las canciones encarna el concepto de \u00eare, la reputaci\u00f3n en la sociedad cortesana, que peligra por la amenaza de ser descubierto al amanecer.   <\/p>\n<h3>El n\u00facleo de la colecci\u00f3n \u00abNu wol uf, ritter, ez ist tac!\u00bb<\/h3>\n<p>Las canciones musicadas muestran aqu\u00ed al vigilante como una figura clave que advierte a los amantes de la inminencia de la luz del d\u00eda. Esta situaci\u00f3n dram\u00e1tica cobra vida en el di\u00e1logo entre la dama y el vigilante, mientras que el caballero, sorprendentemente, permanece a menudo en un segundo plano. Las canciones no s\u00f3lo ofrecen una visi\u00f3n de las convenciones cortesanas, sino tambi\u00e9n del mundo emocional de los implicados, caracterizado por el dolor de la separaci\u00f3n y la pena.  <\/p>\n<h3>Revitalizaci\u00f3n mediante melod\u00edas<\/h3>\n<p>Como las melod\u00edas originales se han perdido, Marc Lewon y Albrecht Haaf compusieron para \u00abNu wol uf, ritter, ez ist tac!\u00bb nuevas melod\u00edas basadas en melod\u00edas hist\u00f3ricas. Estas composiciones contempor\u00e1neas dan nueva vida a los textos medievales y permiten una interpretaci\u00f3n musical aut\u00e9ntica que combina la comprensi\u00f3n medieval de la poes\u00eda con la interpretaci\u00f3n musical moderna. <\/p>\n<h3>Tu acceso a la m\u00fasica medieval<\/h3>\n<p>En \u00abNu wol uf, ritter, ez ist tac!\u00bb encontrar\u00e1s una mezcla de textos cuidadosamente investigados y melod\u00edas sensitivamente reci\u00e9n compuestas, que juntos crean una experiencia musical \u00fanica. Los textos proceden de la edici\u00f3n cr\u00edtica de Carl von Kraus y ofrecen una fuente fiable para el estudio y la interpretaci\u00f3n. Las grabaciones del conjunto \u00abFreiburger Spielleyt\u00bb enriquecen la experiencia y permiten disfrutar de estas obras poco escuchadas en todo su esplendor.  <\/p>\n<h3>Descubre \u00abNu wol uf, ritter, ez ist tac!\u00bb<\/h3>\n<p>Este producto es imprescindible para todo amante de la m\u00fasica y la cultura medievales. Las nuevas composiciones de las canciones hist\u00f3ricas construyen un puente que te permite experimentar las profundidades emocionales y culturales de la minnesong medieval. D\u00e9jate encantar por la autenticidad y la expresi\u00f3n art\u00edstica de esta edici\u00f3n \u00fanica y a\u00f1\u00e1dela hoy mismo a tu colecci\u00f3n. Tu apoyo no s\u00f3lo ayuda a preservar la memoria de un maestro olvidado, sino tambi\u00e9n a mantener vivo el patrimonio cultural del minnesong medieval.   <\/p>\n","protected":false},"excerpt":{"rendered":"<p>Canciones del d\u00eda de Von Wissenlo con melod\u00edas de Marc Lewon y Albrecht Haaf<\/p>\n","protected":false},"featured_media":5904,"comment_status":"closed","ping_status":"closed","template":"","meta":[],"product_brand":[],"product_cat":[1027],"product_tag":[1092,1267,1095],"class_list":{"0":"post-5903","1":"product","2":"type-product","3":"status-publish","4":"has-post-thumbnail","6":"product_cat-partituras","7":"product_tag-musica-antigua","8":"product_tag-partituras-de-minnesang","9":"product_tag-partituras-de-musica-de-la-edad-media","10":"pa_b035_a01_b037-marc-lewon-es","12":"first","13":"instock","14":"taxable","15":"shipping-taxable","16":"purchasable","17":"product-type-simple"},"_links":{"self":[{"href":"https:\/\/spielleute.de\/es\/wp-json\/wp\/v2\/product\/5903","targetHints":{"allow":["GET"]}}],"collection":[{"href":"https:\/\/spielleute.de\/es\/wp-json\/wp\/v2\/product"}],"about":[{"href":"https:\/\/spielleute.de\/es\/wp-json\/wp\/v2\/types\/product"}],"replies":[{"embeddable":true,"href":"https:\/\/spielleute.de\/es\/wp-json\/wp\/v2\/comments?post=5903"}],"wp:featuredmedia":[{"embeddable":true,"href":"https:\/\/spielleute.de\/es\/wp-json\/wp\/v2\/media\/5904"}],"wp:attachment":[{"href":"https:\/\/spielleute.de\/es\/wp-json\/wp\/v2\/media?parent=5903"}],"wp:term":[{"taxonomy":"product_brand","embeddable":true,"href":"https:\/\/spielleute.de\/es\/wp-json\/wp\/v2\/product_brand?post=5903"},{"taxonomy":"product_cat","embeddable":true,"href":"https:\/\/spielleute.de\/es\/wp-json\/wp\/v2\/product_cat?post=5903"},{"taxonomy":"product_tag","embeddable":true,"href":"https:\/\/spielleute.de\/es\/wp-json\/wp\/v2\/product_tag?post=5903"}],"curies":[{"name":"wp","href":"https:\/\/api.w.org\/{rel}","templated":true}]}}