{"id":5898,"date":"2006-09-25T17:31:51","date_gmt":"2006-09-25T15:31:51","guid":{"rendered":"https:\/\/spielleute.de\/gaitas-en-bohemia-moravia-y-silesia\/"},"modified":"2006-09-25T17:31:51","modified_gmt":"2006-09-25T15:31:51","slug":"gaitas-en-bohemia-moravia-y-silesia","status":"publish","type":"product","link":"https:\/\/spielleute.de\/es\/gaitas-en-bohemia-moravia-y-silesia\/","title":{"rendered":"Gaitas en Bohemia, Moravia y Silesia"},"content":{"rendered":"<p>\u00abGaitas en Bohemia, Moravia y Silesia\u00bb &#8211; Esta figura de bronce de un gaitero del siglo XVI frente a la residencia de verano de la reina Ana en Praga refleja la longevidad y la cultura de la gaita bock. Descubre las impresionantes variaciones de la gaita bock a trav\u00e9s de los conocimientos de Pavel C\u00edp y Rudolf F. Klapka. <\/p>\n<h3>C\u00f3mo un hobby se convirti\u00f3 en una pasi\u00f3n<\/h3>\n<p>De la afici\u00f3n por la m\u00fasica y del encuentro con un libro agotado surgi\u00f3 la idea de esta obra. Una colaboraci\u00f3n alimentada tanto por encuentros cara a cara como por la comunicaci\u00f3n digital dio como resultado esta colecci\u00f3n completa y detallada. <\/p>\n<h3>Libro con ventajas pr\u00e1cticas<\/h3>\n<p>En lugar de un tratado convencional, este libro \u00abGaitas en Bohemia, Moravia y Silesia\u00bb ofrece conocimientos pr\u00e1cticos. En 224 p\u00e1ginas dise\u00f1adas con cari\u00f1o, aprender\u00e1s sobre el caballete: su historia, los m\u00e9todos de construcci\u00f3n y el arte de fabricar ca\u00f1as, complementado con instrucciones de construcci\u00f3n y una escuela de juego. <\/p>\n<h3>Cultura y artesan\u00eda combinadas<\/h3>\n<p>Un cap\u00edtulo sobre \u00abLa gaita en Bohemia, Moravia y Silesia\u00bb arroja luz sobre la importancia literaria de la gaita. El CD que acompa\u00f1a al libro lo complementa perfectamente con ejemplos musicales y planos de construcci\u00f3n para imprimir, ideal para mel\u00f3manos y expertos. <\/p>\n<h3>Aprende el arte de hacer gaitas<\/h3>\n<p>El libro te gu\u00eda a trav\u00e9s del proceso de fabricaci\u00f3n de una gaita con instrucciones detalladas. Desde la selecci\u00f3n de materiales hasta la terminaci\u00f3n de cada pieza, cada paso se explica detalladamente para que puedas aplicar las t\u00e9cnicas t\u00fa mismo. <\/p>\n<h3>M\u00fasica que conecta e inspira<\/h3>\n<p>El CD no s\u00f3lo contiene melod\u00edas tradicionales, sino tambi\u00e9n planos de construcci\u00f3n completos para dos tipos de gaitas, lo que convierte al libro en una herramienta indispensable para cualquiera que desee estudiar la gaita en profundidad.<\/p>\n<h3>Tu entrada en el mundo de la gaita<\/h3>\n<p>\u00abGaitas en Bohemia, Moravia y Silesia\u00bb te ofrece amplios conocimientos, desde la historia hasta la realizaci\u00f3n pr\u00e1ctica. Con su combinaci\u00f3n de textos informativos y herramientas pr\u00e1cticas, este libro es esencial para cualquier persona interesada en construir y tocar la gaita. No pierdas la oportunidad de ampliar tus conocimientos e implicarte activamente en la fabricaci\u00f3n y el uso de este instrumento tradicional. Consigue tu ejemplar ahora y comienza un cap\u00edtulo fascinante de la historia de la m\u00fasica.   <\/p>\n","protected":false},"excerpt":{"rendered":"<p>Introducci\u00f3n a la historia, distribuci\u00f3n e instrucciones para el automontaje, as\u00ed como una breve escuela de juego<\/p>\n","protected":false},"featured_media":5901,"comment_status":"closed","ping_status":"closed","template":"","meta":[],"product_brand":[],"product_cat":[1106],"product_tag":[1177,1266,1038],"class_list":{"0":"post-5898","1":"product","2":"type-product","3":"status-publish","4":"has-post-thumbnail","6":"product_cat-no-ficcion","7":"product_tag-aprende-a-tocar-la-gaita","8":"product_tag-literatura-para-la-fabricacion-de-instrumentos","9":"product_tag-musica-tradicional","10":"pa_b035_a01_b037-pavel-cip-es","11":"pa_b035_a01_b037-rudolf-f-klapka-es","13":"first","14":"outofstock","15":"taxable","16":"shipping-taxable","17":"purchasable","18":"product-type-simple"},"_links":{"self":[{"href":"https:\/\/spielleute.de\/es\/wp-json\/wp\/v2\/product\/5898","targetHints":{"allow":["GET"]}}],"collection":[{"href":"https:\/\/spielleute.de\/es\/wp-json\/wp\/v2\/product"}],"about":[{"href":"https:\/\/spielleute.de\/es\/wp-json\/wp\/v2\/types\/product"}],"replies":[{"embeddable":true,"href":"https:\/\/spielleute.de\/es\/wp-json\/wp\/v2\/comments?post=5898"}],"wp:featuredmedia":[{"embeddable":true,"href":"https:\/\/spielleute.de\/es\/wp-json\/wp\/v2\/media\/5901"}],"wp:attachment":[{"href":"https:\/\/spielleute.de\/es\/wp-json\/wp\/v2\/media?parent=5898"}],"wp:term":[{"taxonomy":"product_brand","embeddable":true,"href":"https:\/\/spielleute.de\/es\/wp-json\/wp\/v2\/product_brand?post=5898"},{"taxonomy":"product_cat","embeddable":true,"href":"https:\/\/spielleute.de\/es\/wp-json\/wp\/v2\/product_cat?post=5898"},{"taxonomy":"product_tag","embeddable":true,"href":"https:\/\/spielleute.de\/es\/wp-json\/wp\/v2\/product_tag?post=5898"}],"curies":[{"name":"wp","href":"https:\/\/api.w.org\/{rel}","templated":true}]}}