{"id":5885,"date":"2008-12-02T17:31:12","date_gmt":"2008-12-02T16:31:12","guid":{"rendered":"https:\/\/spielleute.de\/construir-un-organillo\/"},"modified":"2025-04-30T16:25:14","modified_gmt":"2025-04-30T14:25:14","slug":"construir-un-organillo","status":"publish","type":"product","link":"https:\/\/spielleute.de\/es\/construir-un-organillo\/","title":{"rendered":"Construir un organillo"},"content":{"rendered":"<p>Helmut Gotschy descubri\u00f3 la zanfona en 1976 con un m\u00fasico ambulante en Friburgo y desde entonces decidi\u00f3 dedicar su vida y su profesi\u00f3n a este instrumento. Desde entonces, no s\u00f3lo se ha dedicado a la zanfona, sino que tambi\u00e9n ha estudiado su fabricaci\u00f3n y su evoluci\u00f3n hist\u00f3rica, t\u00e9cnica y musical. En 1997, el Museo T\u00e9cnico de Viena encarg\u00f3 a Helmut Gotschy la construcci\u00f3n de una r\u00e9plica de una zanfona francesa de Lasnier y la documentaci\u00f3n detallada de la fabricaci\u00f3n de este instrumento. Esta descripci\u00f3n de la construcci\u00f3n hace accesible la complicada producci\u00f3n de un instrumento tan complejo a un amplio c\u00edrculo de interesados. Los interesantes detalles t\u00e9cnicos de \u00abConstruir una zanfona\u00bb ayudar\u00e1n a los m\u00fasicos a comprender mejor su instrumento y su funcionamiento.    <\/p>\n<h3>La evoluci\u00f3n de la zanfona a lo largo de los siglos<\/h3>\n<p>Desde la Edad Media hasta principios del siglo XX, la zanfona pas\u00f3 por numerosas etapas de desarrollo en Europa. Desde dise\u00f1os sencillos hasta mecanismos m\u00e1s complejos y sofisticados, el instrumento ha evolucionado constantemente. Hacia 1960, la zanfona experiment\u00f3 un renacimiento caracterizado por la variedad de estilos musicales y festivales. La modernizaci\u00f3n desde la d\u00e9cada de 1980 ha contribuido a que la zanfona recupere un lugar firme en la escena musical.   <\/p>\n<h3>Construir un organillo: estructura t\u00e9cnica y materiales<\/h3>\n<p>El plan y la funci\u00f3n de la zanfona son complejos. El cuerpo, el armaz\u00f3n, los refuerzos, la tapa y los filetes son s\u00f3lo algunos de los componentes que hay que fabricar con precisi\u00f3n. Cada paso, desde el lijado y el remojado hasta el barnizado y el pulido, es crucial para la calidad del instrumento final. El montaje de las piezas m\u00f3viles, como la rueda, el eje y la manivela, tambi\u00e9n requiere pericia y artesan\u00eda.   <\/p>\n<h3>Listo para jugar: Los toques finales<\/h3>\n<p>La colocaci\u00f3n de las clavijas, el ajuste de las llaves y el encordado son pasos cruciales para que el instrumento est\u00e9 listo para tocar. Cada uno de estos pasos contribuye a que la zanfona desarrolle su sonido caracter\u00edstico y a que los m\u00fasicos saquen el m\u00e1ximo partido de su instrumento. <\/p>\n<h3>Informaci\u00f3n valiosa sobre la construcci\u00f3n de un organillo<\/h3>\n<p>La visi\u00f3n exhaustiva de la construcci\u00f3n de una zanfona, las descripciones detalladas de los procesos artesanales y la importancia hist\u00f3rica de este instrumento hacen de este libro una herramienta indispensable para cualquiera que quiera tomarse en serio la zanfona. No es s\u00f3lo una gu\u00eda para fabricar el instrumento, sino tambi\u00e9n una apreciaci\u00f3n del arte y la historia de la zanfona. Consigue tu ejemplar de \u00abConstruir una zanfona\u00bb y profundiza en el conocimiento de este fascinante instrumento, respaldado por la experiencia de un reconocido maestro en la materia.  <\/p>\n","protected":false},"excerpt":{"rendered":"<p>Documentaci\u00f3n de la fabricaci\u00f3n artesanal de una zanfona la\u00fad francesa<\/p>\n","protected":false},"featured_media":5888,"comment_status":"closed","ping_status":"closed","template":"","meta":[],"product_brand":[],"product_cat":[1106],"product_tag":[1132,1266,1038],"class_list":{"0":"post-5885","1":"product","2":"type-product","3":"status-publish","4":"has-post-thumbnail","6":"product_cat-no-ficcion","7":"product_tag-aprende-a-tocar-la-zanfona","8":"product_tag-literatura-para-la-fabricacion-de-instrumentos","9":"product_tag-musica-tradicional","10":"pa_b035_a01_b037-helmut-gotschy-es","12":"first","13":"outofstock","14":"taxable","15":"shipping-taxable","16":"purchasable","17":"product-type-simple"},"_links":{"self":[{"href":"https:\/\/spielleute.de\/es\/wp-json\/wp\/v2\/product\/5885","targetHints":{"allow":["GET"]}}],"collection":[{"href":"https:\/\/spielleute.de\/es\/wp-json\/wp\/v2\/product"}],"about":[{"href":"https:\/\/spielleute.de\/es\/wp-json\/wp\/v2\/types\/product"}],"replies":[{"embeddable":true,"href":"https:\/\/spielleute.de\/es\/wp-json\/wp\/v2\/comments?post=5885"}],"wp:featuredmedia":[{"embeddable":true,"href":"https:\/\/spielleute.de\/es\/wp-json\/wp\/v2\/media\/5888"}],"wp:attachment":[{"href":"https:\/\/spielleute.de\/es\/wp-json\/wp\/v2\/media?parent=5885"}],"wp:term":[{"taxonomy":"product_brand","embeddable":true,"href":"https:\/\/spielleute.de\/es\/wp-json\/wp\/v2\/product_brand?post=5885"},{"taxonomy":"product_cat","embeddable":true,"href":"https:\/\/spielleute.de\/es\/wp-json\/wp\/v2\/product_cat?post=5885"},{"taxonomy":"product_tag","embeddable":true,"href":"https:\/\/spielleute.de\/es\/wp-json\/wp\/v2\/product_tag?post=5885"}],"curies":[{"name":"wp","href":"https:\/\/api.w.org\/{rel}","templated":true}]}}