{"id":5884,"date":"2008-04-02T17:31:12","date_gmt":"2008-04-02T15:31:12","guid":{"rendered":"https:\/\/spielleute.de\/quiero-saber-de-wibes-gvete\/"},"modified":"2025-04-30T16:25:16","modified_gmt":"2025-04-30T14:25:16","slug":"quiero-saber-de-wibes-gvete","status":"publish","type":"product","link":"https:\/\/spielleute.de\/es\/quiero-saber-de-wibes-gvete\/","title":{"rendered":"Quiero saber de wibes gvete"},"content":{"rendered":"<p>Descubre el fascinante mundo del juglar Von Obernburg con \u00abIch will wol von wibes gvete\u00bb. Esta obra presenta siete canciones medievales, h\u00e1bilmente musicadas por Frank S. Wunderlich, y te da acceso a una \u00e9poca en la que la poes\u00eda y la m\u00fasica se fusionaban de un modo \u00fanico. Disfruta de la profunda emotividad y la ingeniosa estructura de estas composiciones hist\u00f3ricas, que te llevar\u00e1n directamente al coraz\u00f3n de la canci\u00f3n medieval.  <\/p>\n<h3>\u00abIch will wol von wibes gvete\u00bb: Introducci\u00f3n al Minnesang<\/h3>\n<p>El minnesong es parte integrante de la imagen popular de la Edad Media. El arte monof\u00f3nico del minnesong ocupa un lugar destacado en la m\u00fasica de la \u00e9poca y, en gran medida, s\u00f3lo ha sobrevivido como poes\u00eda legible. <\/p>\n<h3>La fascinaci\u00f3n de la m\u00fasica hist\u00f3rica<\/h3>\n<p>En gran medida, el Minnesang s\u00f3lo ha sobrevivido en forma de poes\u00eda legible, sobre todo en los grandes manuscritos colectivos, como el Gran Manuscrito de la Canci\u00f3n de Heidelberg, el Codex Manesse, recopilado en Z\u00farich en la primera mitad del siglo XIV.<\/p>\n<h3>Misticismo y anonimato de los Von Obernburg<\/h3>\n<p>Apenas se sabe nada sobre los detalles biogr\u00e1ficos de la mayor\u00eda de los juglares. Von Obernbvrg comparte este destino con muchos de sus compa\u00f1eros poetas. Su peque\u00f1a obra, que comprende un total de 20 versos repartidos en siete canciones, s\u00f3lo ha sobrevivido en el Gran Manuscrito de Canciones de Heidelberg, el C\u00f3dice Manesse.  <\/p>\n<h3>Los or\u00edgenes de un juglar desconocido<\/h3>\n<p>La procedencia del juglar es incierta. Hay varias especulaciones sobre sus or\u00edgenes. Es concebible la ciudad de Obernburg en el Bajo Meno b\u00e1varo, al sur de Aschaffenburg, as\u00ed como Obernburg en Gudensberg, en el norte de Hesse. Otra posibilidad es incluirlo entre los minnesingers suizos y vincularlo a la ciudad de Oberburg, en el cant\u00f3n de Berna.   <\/p>\n<h3>La realizaci\u00f3n musical de las canciones juglarescas<\/h3>\n<p>Las melod\u00edas (sabias) de \u00abIch will wol von wibes gvete\u00bb est\u00e1n todas escritas en los llamados modos eclesi\u00e1sticos de uso com\u00fan en la Edad Media. Para un acompa\u00f1amiento instrumental adecuado, las configuraciones van acompa\u00f1adas de marcas de armon\u00eda como ayuda para una armonizaci\u00f3n cuidadosa. <\/p>\n<h3>Reproducci\u00f3n aut\u00e9ntica del texto y notaci\u00f3n musical<\/h3>\n<p>Los textos (wort) est\u00e1n tomados de: Die gro\u00dfe Heidelberger Liederhandschrift in getreuen Textabdruck, ed. de Friedrich Pfaff, 2\u00aa verb. y ed. erg. de Hellmut Salowsky, Heidelberg 1995. En cuanto a algunas correcciones del texto, sigo la edici\u00f3n del texto editada por Carl von Kraus: Deutsche Liederdichter des 13. Jahrhunderts.      <\/p>\n<h3>Sum\u00e9rgete en el mundo de la m\u00fasica hist\u00f3rica<\/h3>\n<p>Con \u00abIch will wol von wibes gvete\u00bb no s\u00f3lo adquieres un trozo de historia de la m\u00fasica, sino tambi\u00e9n una obra bien fundamentada que impresiona por su meticulosa investigaci\u00f3n y su fiel reproducci\u00f3n. Este producto te invita a explorar y experimentar las profundas ra\u00edces culturales y la diversidad art\u00edstica de Minnesang. <\/p>\n","protected":false},"excerpt":{"rendered":"<p>Siete canciones del juglar von Obernburg con melod\u00edas de Frank S. Wunderlich<\/p>\n","protected":false},"featured_media":5887,"comment_status":"closed","ping_status":"closed","template":"","meta":[],"product_brand":[],"product_cat":[1027],"product_tag":[1092,1267,1095],"class_list":{"0":"post-5884","1":"product","2":"type-product","3":"status-publish","4":"has-post-thumbnail","6":"product_cat-partituras","7":"product_tag-musica-antigua","8":"product_tag-partituras-de-minnesang","9":"product_tag-partituras-de-musica-de-la-edad-media","10":"pa_b035_a01_b037-frank-s-wunderlich-es","12":"first","13":"instock","14":"taxable","15":"shipping-taxable","16":"purchasable","17":"product-type-simple"},"_links":{"self":[{"href":"https:\/\/spielleute.de\/es\/wp-json\/wp\/v2\/product\/5884","targetHints":{"allow":["GET"]}}],"collection":[{"href":"https:\/\/spielleute.de\/es\/wp-json\/wp\/v2\/product"}],"about":[{"href":"https:\/\/spielleute.de\/es\/wp-json\/wp\/v2\/types\/product"}],"replies":[{"embeddable":true,"href":"https:\/\/spielleute.de\/es\/wp-json\/wp\/v2\/comments?post=5884"}],"wp:featuredmedia":[{"embeddable":true,"href":"https:\/\/spielleute.de\/es\/wp-json\/wp\/v2\/media\/5887"}],"wp:attachment":[{"href":"https:\/\/spielleute.de\/es\/wp-json\/wp\/v2\/media?parent=5884"}],"wp:term":[{"taxonomy":"product_brand","embeddable":true,"href":"https:\/\/spielleute.de\/es\/wp-json\/wp\/v2\/product_brand?post=5884"},{"taxonomy":"product_cat","embeddable":true,"href":"https:\/\/spielleute.de\/es\/wp-json\/wp\/v2\/product_cat?post=5884"},{"taxonomy":"product_tag","embeddable":true,"href":"https:\/\/spielleute.de\/es\/wp-json\/wp\/v2\/product_tag?post=5884"}],"curies":[{"name":"wp","href":"https:\/\/api.w.org\/{rel}","templated":true}]}}