{"id":5879,"date":"2016-07-05T17:33:26","date_gmt":"2016-07-05T15:33:26","guid":{"rendered":"https:\/\/spielleute.de\/melodias-pelgen-vol-2\/"},"modified":"2016-07-05T17:33:26","modified_gmt":"2016-07-05T15:33:26","slug":"melodias-pelgen-vol-2","status":"publish","type":"product","link":"https:\/\/spielleute.de\/es\/melodias-pelgen-vol-2\/","title":{"rendered":"Melod\u00edas Pelgen &#8211; Vol. 2"},"content":{"rendered":"<p>Cualquiera que le haya escuchado alguna vez en un Bal Folk o en un concierto sabe que Christoph Pelgen ha marcado la pauta de la m\u00fasica (de baile) grandiosa y entusiasta, la interpretaci\u00f3n virtuosa y los arreglos n\u00edtidos como ning\u00fan otro en los \u00faltimos a\u00f1os. Muchas de sus melod\u00edas de composici\u00f3n propia se han convertido en aut\u00e9nticos \u00e9xitos, y como popular animador de cursos siempre inspira y motiva a sus participantes con partituras frescas e interesantes. El nuevo \u00abPelgen Tunes &#8211; Vol. 2\u00bb contiene 81 melod\u00edas a menudo polif\u00f3nicas que incluyen todo lo que se puede tocar con instrumentos (de bord\u00f3n). Con ideas musicales de toda Europa hasta los Balcanes y el B\u00f3sforo. \u00a1Una colecci\u00f3n de partituras para todos los que disfrutan con la buena m\u00fasica drone y el desarrollo de la m\u00fasica tradicional! <\/p>\n<h3>La evoluci\u00f3n de la m\u00fasica drone<\/h3>\n<p>Christoph Pelgen, maestro de la m\u00fasica tradicional, te invita una vez m\u00e1s a redescubrir los l\u00edmites de la m\u00fasica drone con \u00abPelgen Tunes &#8211; Vol. 2\u00bb. Sus inconfundibles composiciones, que se resumen en esta colecci\u00f3n, abren una puerta a nuevos horizontes musicales.  <\/p>\n<h3>Una obra llena de inspiraci\u00f3n y creatividad<\/h3>\n<p>Cada melod\u00eda de este volumen es un homenaje a la rica diversidad de las tradiciones musicales europeas, desde los profundos bosques de los Balcanes hasta las animadas orillas del B\u00f3sforo. Christoph Pelgen demuestra una vez m\u00e1s que la m\u00fasica es un lenguaje universal que no conoce fronteras. <\/p>\n<h3>Para m\u00fasicos de todos los niveles<\/h3>\n<p>Tanto si eres un principiante como un m\u00fasico experimentado, \u00abMelod\u00edas Pelgen &#8211; Vol. 2\u00bb te ofrece una mezcla \u00fanica de desaf\u00edo y diversi\u00f3n. Con 81 melod\u00edas a menudo polif\u00f3nicas, Christoph Pelgen te invita a encontrar y desarrollar tu propia voz musical.  <\/p>\n<h3>Comparte, juega, inspira<\/h3>\n<p>La pasi\u00f3n de Christoph Pelgen por la m\u00fasica y su deseo de compartirla con los dem\u00e1s impregnan cada p\u00e1gina de este volumen. Es una llamada a todos los m\u00fasicos para que se inspiren en la m\u00fasica tradicional y forjen sus propios caminos musicales. Descubre \u00abPelgen Tunes &#8211; Vol. 2\u00bb y d\u00e9jate llevar por la fascinaci\u00f3n de la m\u00fasica drone. Christoph Pelgen te abre la puerta a un mundo lleno de aventuras musicales y melod\u00edas por descubrir. Sum\u00e9rgete en el rico patrimonio musical de Europa y forma parte de una tradici\u00f3n viva que crece y se desarrolla constantemente. <\/p>\n","protected":false},"excerpt":{"rendered":"<p>para gaita, zanfona, viol\u00edn, flauta, etc. &#8211; con acordes<\/p>\n","protected":false},"featured_media":5880,"comment_status":"closed","ping_status":"closed","template":"","meta":[],"product_brand":[],"product_cat":[1027],"product_tag":[1094,1086,1093,1098,1084,1099],"class_list":{"0":"post-5879","1":"product","2":"type-product","3":"status-publish","4":"has-post-thumbnail","6":"product_cat-partituras","7":"product_tag-bourree-es","8":"product_tag-musica-drone","9":"product_tag-partituras-para-acordeon-diatonico","10":"product_tag-partituras-para-bal-folk","11":"product_tag-partituras-para-gaita","12":"product_tag-partituras-para-zanfona","13":"pa_b035_a01_b037-christoph-pelgen-es","15":"first","16":"instock","17":"featured","18":"taxable","19":"shipping-taxable","20":"purchasable","21":"product-type-simple"},"_links":{"self":[{"href":"https:\/\/spielleute.de\/es\/wp-json\/wp\/v2\/product\/5879","targetHints":{"allow":["GET"]}}],"collection":[{"href":"https:\/\/spielleute.de\/es\/wp-json\/wp\/v2\/product"}],"about":[{"href":"https:\/\/spielleute.de\/es\/wp-json\/wp\/v2\/types\/product"}],"replies":[{"embeddable":true,"href":"https:\/\/spielleute.de\/es\/wp-json\/wp\/v2\/comments?post=5879"}],"wp:featuredmedia":[{"embeddable":true,"href":"https:\/\/spielleute.de\/es\/wp-json\/wp\/v2\/media\/5880"}],"wp:attachment":[{"href":"https:\/\/spielleute.de\/es\/wp-json\/wp\/v2\/media?parent=5879"}],"wp:term":[{"taxonomy":"product_brand","embeddable":true,"href":"https:\/\/spielleute.de\/es\/wp-json\/wp\/v2\/product_brand?post=5879"},{"taxonomy":"product_cat","embeddable":true,"href":"https:\/\/spielleute.de\/es\/wp-json\/wp\/v2\/product_cat?post=5879"},{"taxonomy":"product_tag","embeddable":true,"href":"https:\/\/spielleute.de\/es\/wp-json\/wp\/v2\/product_tag?post=5879"}],"curies":[{"name":"wp","href":"https:\/\/api.w.org\/{rel}","templated":true}]}}