{"id":5874,"date":"2015-02-20T17:32:50","date_gmt":"2015-02-20T16:32:50","guid":{"rendered":"https:\/\/spielleute.de\/moderno-trad-volumen-1\/"},"modified":"2015-02-20T17:32:50","modified_gmt":"2015-02-20T16:32:50","slug":"moderno-trad-volumen-1","status":"publish","type":"product","link":"https:\/\/spielleute.de\/es\/moderno-trad-volumen-1\/","title":{"rendered":"moderno\/trad. &#8211; Volumen 1"},"content":{"rendered":"<p>Con \u00abmodern\/trad. &#8211; El \u00abVolumen 1\u00bb marca el comienzo de una serie que marcar\u00e1 tendencia en la escena de los bailes folcl\u00f3ricos. Schottisch, Vals, Mazurka, Polka son s\u00f3lo algunos de los bailes de pareja m\u00e1s comunes y extendidos en gran parte de Europa. S\u00f3lo mediante el cambio y la renovaci\u00f3n constantes una fiesta de baile (o bal folk) sigue siendo tan buena como antes. La m\u00fasica de baile ha evolucionado creativamente desde el renacimiento del folk de las \u00faltimas d\u00e9cadas, y no s\u00f3lo en Francia, Irlanda o Escandinavia. Desde hace algunos a\u00f1os, en los pa\u00edses de habla alemana tambi\u00e9n existe una colorida escena de m\u00fasica y danza que se inspira en la m\u00fasica tradicional de nuestros pa\u00edses vecinos y est\u00e1 igualmente enraizada en nuestro propio pasado musical. Estas piezas de danza de nueva composici\u00f3n en \u00abmoderno\/trad. &#8211; Banda 1\u00bb con una mirada m\u00e1s all\u00e1 del horizonte se inscriben, por tanto, en la mejor tradici\u00f3n de la \u00abnueva m\u00fasica folcl\u00f3rica de baile alemana\u00bb. La m\u00fasica de baile debe ponerte en movimiento, no debe ser excesivamente cerebral, debe sonar ligera y sin embargo no banal. Por eso, en la selecci\u00f3n se ha hecho hincapi\u00e9 en la facilidad de tocar y en la diversi\u00f3n de hacer m\u00fasica juntos. Todas las melod\u00edas de \u00abmoderno\/trad. &#8211; Banda 1\u00bb llevan acordes de acompa\u00f1amiento, algunas est\u00e1n preparadas para varias voces y son adecuadas para los instrumentos habituales. En cuanto a la tonalidad y el registro, en la mayor\u00eda de los casos se ha tenido cuidado de que tambi\u00e9n puedan ser interpretadas por instrumentos de bord\u00f3n como la gaita o la zanfona (en afinaci\u00f3n sol-c). El libro \u00abModern\/trad. &#8211; Banda 1\u00bb incluye un excelente CD de acompa\u00f1amiento, grabado por el D\u00fao Cassard, en el que se pueden tocar todas las melod\u00edas.  <\/p>\n","protected":false},"excerpt":{"rendered":"<p>Nuevas melod\u00edas de baile \/ Schottisch y Mazurka<\/p>\n","protected":false},"featured_media":5877,"comment_status":"closed","ping_status":"closed","template":"","meta":[],"product_brand":[],"product_cat":[1027],"product_tag":[1085,1086,1038,1093,1098,1084,1099],"class_list":{"0":"post-5874","1":"product","2":"type-product","3":"status-publish","4":"has-post-thumbnail","6":"product_cat-partituras","7":"product_tag-musica-bretona","8":"product_tag-musica-drone","9":"product_tag-musica-tradicional","10":"product_tag-partituras-para-acordeon-diatonico","11":"product_tag-partituras-para-bal-folk","12":"product_tag-partituras-para-gaita","13":"product_tag-partituras-para-zanfona","14":"pa_b035_a01_b037-christoph-pelgen-es","15":"pa_b035_a01_b037-johannes-mayr-es","17":"first","18":"outofstock","19":"taxable","20":"shipping-taxable","21":"purchasable","22":"product-type-simple"},"_links":{"self":[{"href":"https:\/\/spielleute.de\/es\/wp-json\/wp\/v2\/product\/5874","targetHints":{"allow":["GET"]}}],"collection":[{"href":"https:\/\/spielleute.de\/es\/wp-json\/wp\/v2\/product"}],"about":[{"href":"https:\/\/spielleute.de\/es\/wp-json\/wp\/v2\/types\/product"}],"replies":[{"embeddable":true,"href":"https:\/\/spielleute.de\/es\/wp-json\/wp\/v2\/comments?post=5874"}],"wp:featuredmedia":[{"embeddable":true,"href":"https:\/\/spielleute.de\/es\/wp-json\/wp\/v2\/media\/5877"}],"wp:attachment":[{"href":"https:\/\/spielleute.de\/es\/wp-json\/wp\/v2\/media?parent=5874"}],"wp:term":[{"taxonomy":"product_brand","embeddable":true,"href":"https:\/\/spielleute.de\/es\/wp-json\/wp\/v2\/product_brand?post=5874"},{"taxonomy":"product_cat","embeddable":true,"href":"https:\/\/spielleute.de\/es\/wp-json\/wp\/v2\/product_cat?post=5874"},{"taxonomy":"product_tag","embeddable":true,"href":"https:\/\/spielleute.de\/es\/wp-json\/wp\/v2\/product_tag?post=5874"}],"curies":[{"name":"wp","href":"https:\/\/api.w.org\/{rel}","templated":true}]}}