{"id":5873,"date":"2015-10-23T17:32:50","date_gmt":"2015-10-23T15:32:50","guid":{"rendered":"https:\/\/spielleute.de\/villancicos\/"},"modified":"2015-10-23T17:32:50","modified_gmt":"2015-10-23T15:32:50","slug":"villancicos","status":"publish","type":"product","link":"https:\/\/spielleute.de\/es\/villancicos\/","title":{"rendered":"Villancicos"},"content":{"rendered":"<p>\u00abVillancicos\u00bb, cuidadosamente recopilado por Hermann Rieth e ilustrado por Georg Bildstein, te abre un mundo de m\u00fasica navide\u00f1a de Inglaterra. Esta colecci\u00f3n est\u00e1 dirigida a todos los entusiastas de los instrumentos tradicionales, como carillones, dudeys, pero tambi\u00e9n flautas dulces y muchos otros. Nacida del entusiasmo por el canto de villancicos de Adviento, esta obra ofrece una selecci\u00f3n de melod\u00edas especialmente adaptadas a la gama de instrumentos tradicionales.  <\/p>\n<h3>El significado de los villancicos<\/h3>\n<p>Los villancicos son parte integrante del folclore brit\u00e1nico y encarnan una tradici\u00f3n que hunde sus ra\u00edces, en parte, en la \u00e9poca precristiana. Simbolizan el v\u00ednculo vivo entre las costumbres hist\u00f3ricas y la Navidad actual. Esta colecci\u00f3n te lleva en un viaje musical a trav\u00e9s de la historia de la Navidad, complementado con algunas de las tradiciones continentales que siguen vivas en Europa hoy en d\u00eda.  <\/p>\n<h3>Encuentros inspiradores con la m\u00fasica<\/h3>\n<p>Hermann Rieth, \u00e9l mismo un apasionado de la gaita y el gemshorn, se inspir\u00f3 en el ambiente de Adviento del canto de villancicos. Las melod\u00edas, que suenan dentro de una gama sencilla, han sido h\u00e1bilmente arregladas por \u00e9l para cantar y hacer m\u00fasica juntos en \u00abVillancicos\u00bb. Esta adaptaci\u00f3n hace que las piezas sean ideales para que las escuelas e instituciones educativas fomenten la alegr\u00eda de hacer m\u00fasica.  <\/p>\n<h3>Variedad de instrumentos<\/h3>\n<p>La colecci\u00f3n \u00abVillancicos\u00bb abarca una amplia gama de instrumentos. Ya sea para H\u00fcmmelchen, Gemshorns, flautas dulces, Cornamusas o Krummhorns, cada notaci\u00f3n comienza con una indicaci\u00f3n de la afinaci\u00f3n \u00f3ptima. Esto garantiza una adaptaci\u00f3n flexible a distintos tipos de instrumentos y afinaciones, desde soprano en Do a contralto en Fa y tenor en Do, y permite una amplia participaci\u00f3n musical.  <\/p>\n<h3>Perspectivas de la historia de Navidad<\/h3>\n<p>La mayor\u00eda de las canciones narran la conocida historia de Navidad tal y como se ha transmitido en los Evangelios. Estas canciones dan vida a la historia de una forma que ha sido apreciada en muchas partes de Europa durante generaciones. Desde \u00abEl Ni\u00f1o en el Pesebre\u00bb y \u00abSanta Navidad en el Viviente\u00bb hasta costumbres tradicionales como \u00abWassailing\u00bb y \u00abMorris Dancing\u00bb, esta colecci\u00f3n te invita a explorar la variedad y profundidad de la \u00e9poca navide\u00f1a.  <\/p>\n<h3>Tradici\u00f3n y renovaci\u00f3n<\/h3>\n<p>Adem\u00e1s de las canciones, el libro ofrece descripciones de diversas costumbres de las Islas Brit\u00e1nicas, desde el \u00abWassailing\u00bb hasta los \u00abMummers Plays\u00bb. Estas descripciones no s\u00f3lo proporcionan un contexto cultural, sino tambi\u00e9n sugerencias sobre c\u00f3mo pueden integrarse y celebrarse las antiguas tradiciones en los tiempos modernos. El reto de rastrear caminos hist\u00f3ricos conduce a una apasionante exploraci\u00f3n de los or\u00edgenes y el desarrollo de las costumbres navide\u00f1as.  <\/p>\n<h3>Canciones que conectan<\/h3>\n<p>Con t\u00edtulos como \u00abTe deseamos una feliz Navidad\u00bb, \u00abNaci\u00f3 Cristo\u00bb y \u00abLos doce d\u00edas de Navidad\u00bb, \u00abVillancicos\u00bb ofrece una amplia selecci\u00f3n de canciones que te invitan a celebrarlo juntos. Cada villancico es una oportunidad para compartir la alegr\u00eda y el compa\u00f1erismo de la \u00e9poca navide\u00f1a. <\/p>\n<h3>Los sonidos de la Navidad: vivir juntos las tradiciones y los instrumentos<\/h3>\n<p>Esta colecci\u00f3n de villancicos permite que los instrumentos tradicionales ocupen el centro del escenario y exploren juntos la m\u00fasica festiva de la \u00e9poca navide\u00f1a. Crea una oportunidad especial para experimentar la alegr\u00eda de hacer m\u00fasica con carillones, gaitas, flautas dulces y otros instrumentos. Aprovechemos la oportunidad de crear juntos el esp\u00edritu navide\u00f1o a trav\u00e9s de la variedad de instrumentos.  <\/p>\n","protected":false},"excerpt":{"rendered":"<p>para cantar y tocar compilado por Hermann Rieth con ilustraciones de Georg Bildstein<\/p>\n","protected":false},"featured_media":5875,"comment_status":"closed","ping_status":"closed","template":"","meta":[],"product_brand":[],"product_cat":[1027],"product_tag":[1083,1084,1256],"class_list":{"0":"post-5873","1":"product","2":"type-product","3":"status-publish","4":"has-post-thumbnail","6":"product_cat-partituras","7":"product_tag-partituras-de-huemmelchen-y-dudey","8":"product_tag-partituras-para-gaita","9":"product_tag-villancicos","10":"pa_b035_a01_b037-hermann-rieth-es","12":"first","13":"instock","14":"taxable","15":"shipping-taxable","16":"purchasable","17":"product-type-simple"},"_links":{"self":[{"href":"https:\/\/spielleute.de\/es\/wp-json\/wp\/v2\/product\/5873","targetHints":{"allow":["GET"]}}],"collection":[{"href":"https:\/\/spielleute.de\/es\/wp-json\/wp\/v2\/product"}],"about":[{"href":"https:\/\/spielleute.de\/es\/wp-json\/wp\/v2\/types\/product"}],"replies":[{"embeddable":true,"href":"https:\/\/spielleute.de\/es\/wp-json\/wp\/v2\/comments?post=5873"}],"wp:featuredmedia":[{"embeddable":true,"href":"https:\/\/spielleute.de\/es\/wp-json\/wp\/v2\/media\/5875"}],"wp:attachment":[{"href":"https:\/\/spielleute.de\/es\/wp-json\/wp\/v2\/media?parent=5873"}],"wp:term":[{"taxonomy":"product_brand","embeddable":true,"href":"https:\/\/spielleute.de\/es\/wp-json\/wp\/v2\/product_brand?post=5873"},{"taxonomy":"product_cat","embeddable":true,"href":"https:\/\/spielleute.de\/es\/wp-json\/wp\/v2\/product_cat?post=5873"},{"taxonomy":"product_tag","embeddable":true,"href":"https:\/\/spielleute.de\/es\/wp-json\/wp\/v2\/product_tag?post=5873"}],"curies":[{"name":"wp","href":"https:\/\/api.w.org\/{rel}","templated":true}]}}