{"id":5867,"date":"2013-10-02T17:31:51","date_gmt":"2013-10-02T15:31:51","guid":{"rendered":"https:\/\/spielleute.de\/tocar-la-nyckelharpa\/"},"modified":"2013-10-02T17:31:51","modified_gmt":"2013-10-02T15:31:51","slug":"tocar-la-nyckelharpa","status":"publish","type":"product","link":"https:\/\/spielleute.de\/es\/tocar-la-nyckelharpa\/","title":{"rendered":"Tocar la nyckelharpa"},"content":{"rendered":"<p>Descubre el fascinante instrumento de cuerda sueco nyckelharpa con el libro de instrucciones \u00abTocar la nyckelharpa\u00bb de Jule Bauer.<\/p>\n<h3>La nyckelharpa: una panor\u00e1mica hist\u00f3rica<\/h3>\n<p>La nyckelharpa es un instrumento musical fascinante. Se redescubri\u00f3 por primera vez en Suecia en la d\u00e9cada de 1960, se difundi\u00f3 r\u00e1pidamente y pas\u00f3 de ser un instrumento de m\u00fasica folcl\u00f3rica casi desconocido en este pa\u00eds a un instrumento de cuerda reconocido internacionalmente en muchos \u00e1mbitos musicales diferentes en la actualidad. <\/p>\n<h3>\u00bfPor qu\u00e9 aprender la nyckelharpa?<\/h3>\n<p>Su sonido \u00fanico y expresivo es inspirador, despierta la curiosidad y despierta en muchas personas el deseo de aprender a tocar este instrumento. Durante mucho tiempo, s\u00f3lo hubo unos pocos programas de ense\u00f1anza o cursos de interpretaci\u00f3n fuera de Suecia. Este nuevo libro de texto \u00abTocar la Nyckelharpa\u00bb, de Jule Bauer, pretende poner remedio a esta situaci\u00f3n.  <\/p>\n<h3>Jule Bauer: Se presenta una experta<\/h3>\n<p>La autora mantiene una estrecha relaci\u00f3n con la nyckelharpa desde hace mucho tiempo y fue la primera graduada de la \u00abEuropean Nyckelharpa Training\u00bb. Desde 2003 ha ense\u00f1ado canto y nyckelharpa en diversos cursos de m\u00fasica antigua y m\u00fasicas del mundo, y desde 2009 es profesora de nyckelharpa en la Akademie BURG F\u00dcRSTENECK (D), en la Scuola di Musica Popolare di Forlimpopoli (I) y desde 2012 en el Conservatoire intercommunal de musique des deux vall\u00e9es de Milly la For\u00eat (F). <\/p>\n<h3>El libro de texto: Gu\u00eda completa<\/h3>\n<p>El bien pensado concepto pedag\u00f3gico de este libro de texto, que ya ha sido probado en la pr\u00e1ctica, garantiza la mejor orientaci\u00f3n que puedas desear cuando empieces a explorar la nyckelharpa. Ense\u00f1a todos los fundamentos esenciales para tocar y conocer la nyckelharpa, como la historia y la construcci\u00f3n de la nyckelharpa, la estructura del instrumento, la sujeci\u00f3n del instrumento, la sujeci\u00f3n del arco, la afinaci\u00f3n e importantes fundamentos musicales. <\/p>\n<h3>De lo b\u00e1sico a la maestr\u00eda<\/h3>\n<p>Se te gu\u00eda sistem\u00e1ticamente desde el primer golpe de arco hasta el arte de tocar en las distintas tonalidades y estilos. En el ap\u00e9ndice, el autor trata importantes aspectos fisiol\u00f3gicos que deben tenerse en cuenta al practicar y hacer m\u00fasica. <\/p>\n<h3>Un rico repertorio<\/h3>\n<p>Las m\u00e1s de 50 melod\u00edas incluidas proporcionan un repertorio emocionante y variado que se adapta cuidadosamente al progreso del aprendizaje. Numerosos ejercicios te ayudan a trabajar a lo largo de los 22 cap\u00edtulos. Muchas ilustraciones aclaran el contenido del aprendizaje o muestran hechos interesantes del mundo de la nyckelharpa.  <\/p>\n<h3>Para principiantes y usuarios avanzados<\/h3>\n<p>Todas las melod\u00edas y ejercicios del libro de texto \u00abTocar la nyckelharpa\u00bb est\u00e1n dise\u00f1ados para nyckelharpa crom\u00e1tica con tres filas de teclas y est\u00e1n anotados tanto para la afinaci\u00f3n continental (quinta-quinto-quinto) como para la afinaci\u00f3n tradicional sueca (sexta-cuarta-quinta). Con pr\u00f3logo de Per-Ulf Allmo. El libro \u00abTocar la nyckelharpa\u00bb est\u00e1 escrito biling\u00fce en alem\u00e1n e ingl\u00e9s.<\/p>\n","protected":false},"excerpt":{"rendered":"<p>Libro de texto de Jule Bauer en alem\u00e1n e ingl\u00e9s<\/p>\n","protected":false},"featured_media":5868,"comment_status":"closed","ping_status":"closed","template":"","meta":[],"product_brand":[],"product_cat":[1131],"product_tag":[1107],"class_list":{"0":"post-5867","1":"product","2":"type-product","3":"status-publish","4":"has-post-thumbnail","6":"product_cat-libro-de-texto","7":"product_tag-aprende-a-tocar-la-nyckelharpa","8":"pa_b035_a01_b037-jule-bauer-es","10":"first","11":"instock","12":"featured","13":"taxable","14":"shipping-taxable","15":"purchasable","16":"product-type-simple"},"_links":{"self":[{"href":"https:\/\/spielleute.de\/es\/wp-json\/wp\/v2\/product\/5867","targetHints":{"allow":["GET"]}}],"collection":[{"href":"https:\/\/spielleute.de\/es\/wp-json\/wp\/v2\/product"}],"about":[{"href":"https:\/\/spielleute.de\/es\/wp-json\/wp\/v2\/types\/product"}],"replies":[{"embeddable":true,"href":"https:\/\/spielleute.de\/es\/wp-json\/wp\/v2\/comments?post=5867"}],"wp:featuredmedia":[{"embeddable":true,"href":"https:\/\/spielleute.de\/es\/wp-json\/wp\/v2\/media\/5868"}],"wp:attachment":[{"href":"https:\/\/spielleute.de\/es\/wp-json\/wp\/v2\/media?parent=5867"}],"wp:term":[{"taxonomy":"product_brand","embeddable":true,"href":"https:\/\/spielleute.de\/es\/wp-json\/wp\/v2\/product_brand?post=5867"},{"taxonomy":"product_cat","embeddable":true,"href":"https:\/\/spielleute.de\/es\/wp-json\/wp\/v2\/product_cat?post=5867"},{"taxonomy":"product_tag","embeddable":true,"href":"https:\/\/spielleute.de\/es\/wp-json\/wp\/v2\/product_tag?post=5867"}],"curies":[{"name":"wp","href":"https:\/\/api.w.org\/{rel}","templated":true}]}}