{"id":5864,"date":"2013-03-06T17:33:26","date_gmt":"2013-03-06T16:33:26","guid":{"rendered":"https:\/\/spielleute.de\/el-oso-bailarin-volumen-1\/"},"modified":"2013-03-06T17:33:26","modified_gmt":"2013-03-06T16:33:26","slug":"el-oso-bailarin-volumen-1","status":"publish","type":"product","link":"https:\/\/spielleute.de\/es\/el-oso-bailarin-volumen-1\/","title":{"rendered":"El Oso Bailar\u00edn &#8211; Volumen 1"},"content":{"rendered":"<p>\u00abDer Tanzb\u00e4r &#8211; Band 1\u00bb presenta 27 danzas en grupo y en pareja de Europa Central y Occidental que han enriquecido la escena de la danza durante a\u00f1os. Este libro evita deliberadamente la presentaci\u00f3n de las diferencias regionales para facilitar la iniciaci\u00f3n de los principiantes en la danza. Gracias a la selecci\u00f3n de danzas f\u00e1ciles de entender y a la clasificaci\u00f3n en niveles de dificultad, todo el mundo encontrar\u00e1 r\u00e1pidamente la danza adecuada, ideal para su uso en escuelas, grupos juveniles y de mayores.  <\/p>\n<h3>Una brisa de historia de la danza<\/h3>\n<p>Desde hace a\u00f1os, nosotros, el grupo SPIELLEUT, hemos observado un creciente entusiasmo por las danzas folcl\u00f3ricas mucho m\u00e1s all\u00e1 de los c\u00edrculos de danza organizados. Nuestro repertorio, que abarca desde el Schottisch hasta las polcas y otras formas de danza, se ha ido ampliando constantemente a trav\u00e9s de encuentros con m\u00fasicos nacionales y extranjeros. Nuestro objetivo es ofrecer danzas divertidas y f\u00e1ciles de aprender.  <\/p>\n<h3>Estructura clara para un aprendizaje l\u00fadico<\/h3>\n<p>Los bailes se dividen en bailes en grupo y en pareja, empezando por los bailes en c\u00edrculo, en callej\u00f3n y en fila, que son especialmente divertidos debido al frecuente cambio de pareja. Siguen los bailes de pareja, que suelen ser un poco m\u00e1s desafiantes. Las instrucciones de los bailes se apoyan en un lenguaje sencillo y en dibujos explicativos, lo que hace que aprender los pasos sea un juego de ni\u00f1os.  <\/p>\n<h3>M\u00fasica que conmueve<\/h3>\n<p>Las danzas de \u00abDer Tanzb\u00e4r &#8211; Band 1\u00bb van acompa\u00f1adas de una selecci\u00f3n especial de m\u00fasica grabada por SPIELLEUT junto con los grupos BORDUN y KAIKAI. Estos CDs contienen m\u00fasica que se ajusta perfectamente a las descripciones de las danzas y ofrecen variaciones adicionales en las melod\u00edas, que puedes encontrar en el ap\u00e9ndice de partituras. <\/p>\n<h3>Comprender el mundo de la danza<\/h3>\n<p>Una detallada clave de baile en \u00abDer Tanzb\u00e4r &#8211; Band 1\u00bb explica t\u00e9rminos y secuencias de movimiento, mientras que el ap\u00e9ndice musical ilumina el aspecto musical. La combinaci\u00f3n de instrucciones pr\u00e1cticas y fundamentos te\u00f3ricos facilita la iniciaci\u00f3n a cualquier danza. <\/p>\n<h3>Por qu\u00e9 \u00abEl Oso Bailar\u00edn &#8211; Volumen 1\u00bb deber\u00eda ser tu pr\u00f3ximo paso<\/h3>\n<p>Tanto si ya tienes experiencia en danzas folcl\u00f3ricas como si est\u00e1s empezando, este libro te ofrece un acceso f\u00e1cil y divertido a una amplia gama de danzas. Los CD que lo acompa\u00f1an te permiten no s\u00f3lo o\u00edr la m\u00fasica, sino sentirla y practicar los pasos al ritmo de las melod\u00edas. <\/p>\n<h3>Tu danza, tu historia<\/h3>\n<p>Con \u00abDer Tanzb\u00e4r &#8211; Band 1\u00bb no s\u00f3lo obtienes un libro de texto, sino la llave de una comunidad conectada a trav\u00e9s de la alegr\u00eda, la m\u00fasica y la danza. Es una forma de experimentar las tradiciones, hacer nuevos amigos y crear momentos inolvidables. <\/p>\n<h3>Da el primer paso<\/h3>\n<p>Aprovecha la oportunidad de encender o profundizar tu pasi\u00f3n por la danza. \u00abEl Oso Bailar\u00edn &#8211; Volumen 1\u00bb est\u00e1 esperando a que lo descubras. Sum\u00e9rgete en el mundo de las danzas folcl\u00f3ricas, con facilidad, alegr\u00eda y ritmo en la sangre. \u00a1Haz tu pedido ahora y hagamos temblar juntos la pista de baile!   <\/p>\n","protected":false},"excerpt":{"rendered":"<p>27 danzas folcl\u00f3ricas para participar &#8211; libro de instrucciones de danza con 2 CD de audio<\/p>\n","protected":false},"featured_media":5865,"comment_status":"closed","ping_status":"closed","template":"","meta":[],"product_brand":[],"product_cat":[1106],"product_tag":[1173,1086,1038,1098,1099],"class_list":{"0":"post-5864","1":"product","2":"type-product","3":"status-publish","4":"has-post-thumbnail","6":"product_cat-no-ficcion","7":"product_tag-danza-folclorica","8":"product_tag-musica-drone","9":"product_tag-musica-tradicional","10":"product_tag-partituras-para-bal-folk","11":"product_tag-partituras-para-zanfona","12":"pa_b035_a01_b037-elke-rogge-es","13":"pa_b035_a01_b037-gert-dannemann-es","15":"first","16":"outofstock","17":"taxable","18":"shipping-taxable","19":"purchasable","20":"product-type-simple"},"_links":{"self":[{"href":"https:\/\/spielleute.de\/es\/wp-json\/wp\/v2\/product\/5864","targetHints":{"allow":["GET"]}}],"collection":[{"href":"https:\/\/spielleute.de\/es\/wp-json\/wp\/v2\/product"}],"about":[{"href":"https:\/\/spielleute.de\/es\/wp-json\/wp\/v2\/types\/product"}],"replies":[{"embeddable":true,"href":"https:\/\/spielleute.de\/es\/wp-json\/wp\/v2\/comments?post=5864"}],"wp:featuredmedia":[{"embeddable":true,"href":"https:\/\/spielleute.de\/es\/wp-json\/wp\/v2\/media\/5865"}],"wp:attachment":[{"href":"https:\/\/spielleute.de\/es\/wp-json\/wp\/v2\/media?parent=5864"}],"wp:term":[{"taxonomy":"product_brand","embeddable":true,"href":"https:\/\/spielleute.de\/es\/wp-json\/wp\/v2\/product_brand?post=5864"},{"taxonomy":"product_cat","embeddable":true,"href":"https:\/\/spielleute.de\/es\/wp-json\/wp\/v2\/product_cat?post=5864"},{"taxonomy":"product_tag","embeddable":true,"href":"https:\/\/spielleute.de\/es\/wp-json\/wp\/v2\/product_tag?post=5864"}],"curies":[{"name":"wp","href":"https:\/\/api.w.org\/{rel}","templated":true}]}}