{"id":5861,"date":"2012-12-10T17:33:26","date_gmt":"2012-12-10T16:33:26","guid":{"rendered":"https:\/\/spielleute.de\/la-gaita\/"},"modified":"2012-12-10T17:33:26","modified_gmt":"2012-12-10T16:33:26","slug":"la-gaita","status":"publish","type":"product","link":"https:\/\/spielleute.de\/es\/la-gaita\/","title":{"rendered":"La gaita"},"content":{"rendered":"<p>Este fascinante libro ilustrado \u00abLa gaita\u00bb ilustra la historia de la gaita. En 184 p\u00e1ginas impresas en cuatricrom\u00eda, el Dr. Fritz Schneider publica una selecci\u00f3n de fascinantes im\u00e1genes procedentes de su extensa colecci\u00f3n iconogr\u00e1fica. Durante medio siglo, ha recopilado incansablemente todas las ilustraciones disponibles relacionadas con este instrumento zumb\u00f3n.  <\/p>\n<h4>El significado cultural de la gaita<\/h4>\n<p>La gaita, tambi\u00e9n conocida como gaita, estuvo anta\u00f1o muy extendida entre todos los pueblos europeos, as\u00ed como en el norte de \u00c1frica y Oriente. A lo largo de la historia, ha sido repetidamente representada por artistas y artesanos en una gran variedad de t\u00e9cnicas, como dibujos, pinturas, esculturas y esculturas. Se pueden encontrar representaciones como im\u00e1genes veneradas religiosamente, as\u00ed como caricaturas pol\u00edticas, representaciones de g\u00e9nero o como decoraci\u00f3n de objetos cotidianos.  <\/p>\n<h4>Retos de la investigaci\u00f3n<\/h4>\n<p>Cuando se investiga la historia de un instrumento musical, lo primero que intenta un estudioso es utilizar instrumentos originales que hayan sobrevivido. Con la gaita, sin embargo, este m\u00e9todo tropieza con m\u00e1s dificultades que con la mayor\u00eda de los dem\u00e1s instrumentos. La parte caracter\u00edstica de estos instrumentos, es decir, la bolsa, suele ser de cuero o de piel curtida rudimentaria de animal. Ambos materiales son muy sensibles a la humedad, que les llega constantemente con el aliento del int\u00e9rprete. Por otra parte, la bolsa tambi\u00e9n puede secarse si el instrumento no se toca durante mucho tiempo. En ambos casos, la bolsa se destruye. Lo que queda son los tubos, que a menudo ya no se reconocen como partes de una gaita. \u00c9sta es probablemente la raz\u00f3n por la que los ejemplos hist\u00f3ricos de gaita son tan raros.       <\/p>\n<h4>La importancia de las fuentes iconogr\u00e1ficas<\/h4>\n<p>Por tanto, quien investiga la historia de la gaita depende de otras fuentes. A menudo se pueden encontrar pruebas escritas en la literatura, cr\u00f3nicas de viajes, actas judiciales y otros documentos, pero son raras las descripciones exactas del instrumento. Sin embargo, con la ayuda de la iconograf\u00eda, la interpretaci\u00f3n del contenido pict\u00f3rico, es posible hacer afirmaciones sobre el desarrollo hist\u00f3rico y la distribuci\u00f3n del instrumento.  <\/p>\n<h4>Variedad de gaitas mostradas<\/h4>\n<p>Al seleccionar las 83 im\u00e1genes de \u00abDie Sackpfeife\u00bb, el autor tuvo cuidado de incluir las gaitas del mayor n\u00famero posible de pueblos. El libro contiene fuentes pict\u00f3ricas de todas las \u00e9pocas de los \u00faltimos mil a\u00f1os. <\/p>\n<h4>La explicaci\u00f3n exhaustiva de las ilustraciones<\/h4>\n<p>Las ilustraciones de \u00abDie Sackpfeife\u00bb, algunas de las cuales ocupan p\u00e1ginas enteras, se explican y comentan detalladamente en cuatro idiomas (alem\u00e1n \/ ingl\u00e9s \/ franc\u00e9s \/ gallego). El autor no s\u00f3lo entra en detalles sobre el instrumento representado, sino que tambi\u00e9n proporciona informaci\u00f3n fascinante sobre el trasfondo hist\u00f3rico, t\u00e9cnico, regional y social. <\/p>\n","protected":false},"excerpt":{"rendered":"<p>Im\u00e1genes de la historia de un instrumento popular europeo<\/p>\n","protected":false},"featured_media":5862,"comment_status":"closed","ping_status":"closed","template":"","meta":[],"product_brand":[],"product_cat":[1106],"product_tag":[1251],"class_list":{"0":"post-5861","1":"product","2":"type-product","3":"status-publish","4":"has-post-thumbnail","6":"product_cat-no-ficcion","7":"product_tag-gaita","8":"pa_b035_a01_b037-fritz-schneider-es","10":"first","11":"instock","12":"taxable","13":"shipping-taxable","14":"purchasable","15":"product-type-simple"},"_links":{"self":[{"href":"https:\/\/spielleute.de\/es\/wp-json\/wp\/v2\/product\/5861","targetHints":{"allow":["GET"]}}],"collection":[{"href":"https:\/\/spielleute.de\/es\/wp-json\/wp\/v2\/product"}],"about":[{"href":"https:\/\/spielleute.de\/es\/wp-json\/wp\/v2\/types\/product"}],"replies":[{"embeddable":true,"href":"https:\/\/spielleute.de\/es\/wp-json\/wp\/v2\/comments?post=5861"}],"wp:featuredmedia":[{"embeddable":true,"href":"https:\/\/spielleute.de\/es\/wp-json\/wp\/v2\/media\/5862"}],"wp:attachment":[{"href":"https:\/\/spielleute.de\/es\/wp-json\/wp\/v2\/media?parent=5861"}],"wp:term":[{"taxonomy":"product_brand","embeddable":true,"href":"https:\/\/spielleute.de\/es\/wp-json\/wp\/v2\/product_brand?post=5861"},{"taxonomy":"product_cat","embeddable":true,"href":"https:\/\/spielleute.de\/es\/wp-json\/wp\/v2\/product_cat?post=5861"},{"taxonomy":"product_tag","embeddable":true,"href":"https:\/\/spielleute.de\/es\/wp-json\/wp\/v2\/product_tag?post=5861"}],"curies":[{"name":"wp","href":"https:\/\/api.w.org\/{rel}","templated":true}]}}