{"id":5852,"date":"2000-10-02T17:32:50","date_gmt":"2000-10-02T15:32:50","guid":{"rendered":"https:\/\/spielleute.de\/polifonia-de-zumbidos-de-obermeier-volumen-3\/"},"modified":"2000-10-02T17:32:50","modified_gmt":"2000-10-02T15:32:50","slug":"polifonia-de-zumbidos-de-obermeier-volumen-3","status":"publish","type":"product","link":"https:\/\/spielleute.de\/es\/polifonia-de-zumbidos-de-obermeier-volumen-3\/","title":{"rendered":"Polifon\u00eda de zumbidos de Obermeier &#8211; Volumen 3"},"content":{"rendered":"<p>Redescubre el mundo de la m\u00fasica drone con el tercer y \u00faltimo volumen de la polifon\u00eda drone de Obermeier. Esta colecci\u00f3n de partituras re\u00fane 35 melod\u00edas tradicionales y de nueva composici\u00f3n especialmente seleccionadas para conjuntos de gaita y zanfona a cuatro o cinco voces. J\u00fcrgen Obermeier presenta una mezcla \u00fanica de m\u00fasica contempor\u00e1nea y tradicional que puede interpretarse tanto con instrumentos de zanfonia tradicionales como con otros instrumentos diversos.  <\/p>\n<h3>Opciones de fundici\u00f3n vers\u00e1tiles<\/h3>\n<p>Las obras presentadas en este volumen est\u00e1n dispuestas de modo que puedan tocarse con gaitas y zanfonas en las afinaciones Sol\/C y Re\/G, pero tambi\u00e9n son adecuadas para una amplia gama de otros instrumentos. La disposici\u00f3n flexible de las tonalidades y las partes hace que esta obra sea accesible no s\u00f3lo para los instrumentos de bord\u00f3n tradicionales, sino tambi\u00e9n para el violonchelo y otros instrumentos graves. Las marcas de armon\u00eda para guitarras y otros instrumentos arm\u00f3nicos ampl\u00edan las posibilidades de expresi\u00f3n musical.  <\/p>\n<h3>Contenido y estructura<\/h3>\n<p>Bordun-Polyphonie &#8211; Volumen 3 de Obermeier ofrece no s\u00f3lo las partituras de 35 melod\u00edas, sino tambi\u00e9n una introducci\u00f3n en cuatro idiomas con valiosos consejos sobre instrumentaci\u00f3n y partitura. Adem\u00e1s, el volumen contiene referencias a las piezas originales, as\u00ed como notas sobre la interpretaci\u00f3n, la instrumentaci\u00f3n y los tonos de los instrumentos. El pr\u00f3logo ofrece una visi\u00f3n de la selecci\u00f3n de piezas, que incluye tanto melod\u00edas tradicionales francesas como composiciones de m\u00fasicos contempor\u00e1neos.  <\/p>\n<h3>Diversidad musical y adaptabilidad<\/h3>\n<p>Desde bourr\u00e9es y gigues hasta mazurcas y valses, este volumen ofrece una rica selecci\u00f3n de melod\u00edas y piezas de baile para mejorar la interpretaci\u00f3n tanto en solitario como en conjunto. Las partes de acompa\u00f1amiento, cuidadosamente elaboradas, permiten la interpretaci\u00f3n polif\u00f3nica y fomentan la combinaci\u00f3n creativa de distintas voces, especialmente cuando se utilizan gaitas. <\/p>\n<h3>Un homenaje a la tradici\u00f3n y a la m\u00fasica contempor\u00e1nea<\/h3>\n<p>Con Bordun-Polyphonie &#8211; Volumen 3, J\u00fcrgen Obermeier no s\u00f3lo honra la rica tradici\u00f3n de la m\u00fasica de zumbidos, sino que tambi\u00e9n da expresi\u00f3n a las obras de compositores contempor\u00e1neos y m\u00fasicos tradicionales. Gracias a la autorizaci\u00f3n de m\u00fasicos tan conocidos como Jean Blanchard y Gilles Chabenat, sus melod\u00edas se presentan bajo una nueva luz. <\/p>\n<h3>Para m\u00fasicos y amantes de la m\u00fasica tradicional<\/h3>\n<p>Polifon\u00eda Bordun de Obermeier &#8211; Volumen 3 es un recurso indispensable para los m\u00fasicos interesados en la diversidad de la m\u00fasica de bordones, as\u00ed como para cualquiera que desee explorar las posibilidades tonales de gaitas, zanfonas y otros instrumentos. Este volumen completa una colecci\u00f3n de inestimable valor tanto para la pr\u00e1ctica interpretativa como para la educaci\u00f3n musical. <\/p>\n","protected":false},"excerpt":{"rendered":"<p>M\u00fasica drone tradicional y nueva para 4 a 5 voces<\/p>\n","protected":false},"featured_media":5855,"comment_status":"closed","ping_status":"closed","template":"","meta":[],"product_brand":[],"product_cat":[1027],"product_tag":[1094,1086,1083,1093,1084,1099],"class_list":{"0":"post-5852","1":"product","2":"type-product","3":"status-publish","4":"has-post-thumbnail","6":"product_cat-partituras","7":"product_tag-bourree-es","8":"product_tag-musica-drone","9":"product_tag-partituras-de-huemmelchen-y-dudey","10":"product_tag-partituras-para-acordeon-diatonico","11":"product_tag-partituras-para-gaita","12":"product_tag-partituras-para-zanfona","13":"pa_b035_a01_b037-juergen-obermeier-es","15":"first","16":"instock","17":"taxable","18":"shipping-taxable","19":"purchasable","20":"product-type-simple"},"_links":{"self":[{"href":"https:\/\/spielleute.de\/es\/wp-json\/wp\/v2\/product\/5852","targetHints":{"allow":["GET"]}}],"collection":[{"href":"https:\/\/spielleute.de\/es\/wp-json\/wp\/v2\/product"}],"about":[{"href":"https:\/\/spielleute.de\/es\/wp-json\/wp\/v2\/types\/product"}],"replies":[{"embeddable":true,"href":"https:\/\/spielleute.de\/es\/wp-json\/wp\/v2\/comments?post=5852"}],"wp:featuredmedia":[{"embeddable":true,"href":"https:\/\/spielleute.de\/es\/wp-json\/wp\/v2\/media\/5855"}],"wp:attachment":[{"href":"https:\/\/spielleute.de\/es\/wp-json\/wp\/v2\/media?parent=5852"}],"wp:term":[{"taxonomy":"product_brand","embeddable":true,"href":"https:\/\/spielleute.de\/es\/wp-json\/wp\/v2\/product_brand?post=5852"},{"taxonomy":"product_cat","embeddable":true,"href":"https:\/\/spielleute.de\/es\/wp-json\/wp\/v2\/product_cat?post=5852"},{"taxonomy":"product_tag","embeddable":true,"href":"https:\/\/spielleute.de\/es\/wp-json\/wp\/v2\/product_tag?post=5852"}],"curies":[{"name":"wp","href":"https:\/\/api.w.org\/{rel}","templated":true}]}}