{"id":5839,"date":"2017-02-28T17:31:51","date_gmt":"2017-02-28T16:31:51","guid":{"rendered":"https:\/\/spielleute.de\/acordeon-diatonico-volumen-2\/"},"modified":"2025-04-30T16:24:17","modified_gmt":"2025-04-30T14:24:17","slug":"acordeon-diatonico-volumen-2","status":"publish","type":"product","link":"https:\/\/spielleute.de\/es\/acordeon-diatonico-volumen-2\/","title":{"rendered":"Acorde\u00f3n diat\u00f3nico &#8211; Volumen 2"},"content":{"rendered":"<p>Descubre la fascinaci\u00f3n de tocar melod\u00edas y ampl\u00eda tu expresi\u00f3n musical con nuestras extensas secciones pr\u00e1cticas y te\u00f3ricas. El libro \u00abAcorde\u00f3n diat\u00f3nico &#8211; Volumen 2\u00bb, especialmente dise\u00f1ado para el acorde\u00f3n diat\u00f3nico, es tu compa\u00f1ero ideal en el camino hacia el dominio de la complejidad y la belleza de 51 melod\u00edas de todo el mundo. <\/p>\n<h3>Experimenta la unidad de la m\u00fasica a trav\u00e9s de la pr\u00e1ctica y la teor\u00eda<\/h3>\n<p>La m\u00fasica es din\u00e1mica, est\u00e9tica, diversa y una expresi\u00f3n de tu personalidad. La melod\u00eda, en particular, est\u00e1 en el centro de tu car\u00e1cter musical, inspira y conmueve. Nuestro libro \u00abAcorde\u00f3n diat\u00f3nico &#8211; Volumen 2\u00bb te gu\u00eda a trav\u00e9s de los distintos aspectos de la melod\u00eda: desde las tonalidades mayores y menores hasta las t\u00e9cnicas de ornamentaci\u00f3n y la improvisaci\u00f3n. Abarca tanto fundamentos te\u00f3ricos como ejercicios pr\u00e1cticos para llevar tu forma de tocar al siguiente nivel.   <\/p>\n<h3>Mant\u00e9n el enfoque probado y disfruta de las nuevas funciones<\/h3>\n<p>Como en el primer volumen, \u00abAcorde\u00f3n diat\u00f3nico &#8211; Volumen 2\u00bb utiliza un sistema de notaci\u00f3n y tablatura f\u00e1cil de entender para facilitar el aprendizaje y la interpretaci\u00f3n. La novedad de esta edici\u00f3n es la encuadernaci\u00f3n Wire-O, que garantiza un f\u00e1cil manejo. El libro tambi\u00e9n incluye un CD de audio en el que est\u00e1n grabadas todas las canciones, melod\u00edas y ejercicios, una ventaja inestimable a la hora de practicar.  <\/p>\n<h3>Profundiza en tu comprensi\u00f3n y pr\u00e1ctica<\/h3>\n<p>Con cap\u00edtulos sobre teor\u00eda, escalas, intervalos, modos y mucho m\u00e1s, \u00abAcorde\u00f3n diat\u00f3nico &#8211; Volumen 2\u00bb proporciona una base profunda en educaci\u00f3n musical. Aprender\u00e1s a hacer que tu repertorio sea personal y \u00fanico mediante la armonizaci\u00f3n, la ornamentaci\u00f3n, la variaci\u00f3n y la creaci\u00f3n de contrapuntos. Desde la escala de Sol mayor hasta la m\u00fasica modal y los tonos especiales: descubre la amplitud y profundidad de la interpretaci\u00f3n del acorde\u00f3n.  <\/p>\n<h3>Da el segundo paso en tu viaje musical<\/h3>\n<p>\u00abAcorde\u00f3n diat\u00f3nico &#8211; Volumen 2\u00bb es el segundo paso de nuestra serie de tres partes dedicada al arte de tocar el acorde\u00f3n. Es perfecto para jugadores avanzados que quieran profundizar en sus habilidades para tocar melod\u00edas. D\u00e9jate inspirar por la variedad de estilos musicales y encuentra tu propia expresi\u00f3n musical.  <\/p>\n<p>Si quieres ampliar tus conocimientos de teor\u00eda musical, mejorar tus habilidades t\u00e9cnicas o simplemente descubrir la belleza de tocar el acorde\u00f3n, este libro es la clave de tu \u00e9xito. \u00a1Desembala tu acorde\u00f3n y comienza hoy mismo tu viaje por el mundo de las melod\u00edas! <\/p>\n","protected":false},"excerpt":{"rendered":"<p>Libro de texto para acorde\u00f3n diat\u00f3nico volumen 2 &#8211; La melod\u00eda &#8211; con CD de acompa\u00f1amiento por Yann Dour<\/p>\n","protected":false},"featured_media":5840,"comment_status":"closed","ping_status":"closed","template":"","meta":[],"product_brand":[],"product_cat":[1131],"product_tag":[1122,1160,1085,1038,1093],"class_list":{"0":"post-5839","1":"product","2":"type-product","3":"status-publish","4":"has-post-thumbnail","6":"product_cat-libro-de-texto","7":"product_tag-a-dro-es","8":"product_tag-aprende-a-tocar-el-acordeon-diatonico","9":"product_tag-musica-bretona","10":"product_tag-musica-tradicional","11":"product_tag-partituras-para-acordeon-diatonico","12":"pa_b035_a01_b037-yann-dour-es","14":"first","15":"outofstock","16":"taxable","17":"shipping-taxable","18":"purchasable","19":"product-type-simple"},"_links":{"self":[{"href":"https:\/\/spielleute.de\/es\/wp-json\/wp\/v2\/product\/5839","targetHints":{"allow":["GET"]}}],"collection":[{"href":"https:\/\/spielleute.de\/es\/wp-json\/wp\/v2\/product"}],"about":[{"href":"https:\/\/spielleute.de\/es\/wp-json\/wp\/v2\/types\/product"}],"replies":[{"embeddable":true,"href":"https:\/\/spielleute.de\/es\/wp-json\/wp\/v2\/comments?post=5839"}],"wp:featuredmedia":[{"embeddable":true,"href":"https:\/\/spielleute.de\/es\/wp-json\/wp\/v2\/media\/5840"}],"wp:attachment":[{"href":"https:\/\/spielleute.de\/es\/wp-json\/wp\/v2\/media?parent=5839"}],"wp:term":[{"taxonomy":"product_brand","embeddable":true,"href":"https:\/\/spielleute.de\/es\/wp-json\/wp\/v2\/product_brand?post=5839"},{"taxonomy":"product_cat","embeddable":true,"href":"https:\/\/spielleute.de\/es\/wp-json\/wp\/v2\/product_cat?post=5839"},{"taxonomy":"product_tag","embeddable":true,"href":"https:\/\/spielleute.de\/es\/wp-json\/wp\/v2\/product_tag?post=5839"}],"curies":[{"name":"wp","href":"https:\/\/api.w.org\/{rel}","templated":true}]}}