{"id":5833,"date":"1988-07-01T17:33:26","date_gmt":"1988-07-01T15:33:26","guid":{"rendered":"https:\/\/spielleute.de\/un-buen-nerrisch-tantz-volumen-1\/"},"modified":"2025-04-17T10:56:13","modified_gmt":"2025-04-17T08:56:13","slug":"un-buen-nerrisch-tantz-volumen-1","status":"publish","type":"product","link":"https:\/\/spielleute.de\/es\/un-buen-nerrisch-tantz-volumen-1\/","title":{"rendered":"Un buen nerrisch Tantz &#8211; Volumen 1"},"content":{"rendered":"<p>Descubre \u00abEin gutter nerrisch Tantz &#8211; Band 1\u00bb, la primera edici\u00f3n de la colecci\u00f3n de tres vol\u00famenes que da continuidad a los populares cuadernos de m\u00fasica \u00abSchnurrpfeiffereyen\u00bb. Esta colecci\u00f3n incluye diversas melod\u00edas de danza de los siglos XIII al XX, recopiladas por Martina Sirtl e inspiradas en conciertos y encuentros en festivales de m\u00fasica nacionales e internacionales. <\/p>\n<h3>Diversidad musical para instrumentos hist\u00f3ricos<\/h3>\n<p>Todas las melod\u00edas de \u00abEin gutter nerrisch Tantz &#8211; Band 1\u00bb se pueden tocar con instrumentos de bord\u00f3n tradicionales, como la gaita, la zanfona y muchos otros. Las melod\u00edas se han recopilado especialmente para los m\u00fasicos que desean ampliar su repertorio y reproducir aut\u00e9nticamente la m\u00fasica hist\u00f3rica. En concreto, el volumen 1 contiene 122 danzas de pareja de los siglos XVIII al XX, organizadas por tipo de danza y anotadas predominantemente en la tonalidad de \u00abdo\u00bb. Las danzas incluyen schottisch, polka, bourr\u00e9e, vals, mazurca, danzas redondas, minu\u00e9 y marcha, ofreciendo una gran variedad de estilos musicales.   <\/p>\n<h3>Fuente de inspiraci\u00f3n y ampliaci\u00f3n del repertorio<\/h3>\n<p>La colecci\u00f3n \u00abEin gutter nerrisch Tantz &#8211; Band 1\u00bb es el resultado de numerosos encuentros en reuniones de m\u00fasicos y grabaciones de grupos de m\u00fasica folk. Ofrece melod\u00edas de baile raras y dif\u00edciles de conseguir, especialmente solicitadas en Alemania y los pa\u00edses vecinos. Como continuaci\u00f3n de las \u00abSchnurrpfeiffereyen\u00bb, este volumen ofrece un recurso indispensable para los m\u00fasicos interesados en tocar m\u00fasica folcl\u00f3rica hist\u00f3rica en r\u00e9plicas de instrumentos hist\u00f3ricos.  <\/p>\n<h3>Historia cultural ilustrada<\/h3>\n<p>Las ilustraciones que contiene este volumen se basan en fotograf\u00edas de m\u00fasicos y constructores de instrumentos del c\u00edrculo de conocidos del autor, as\u00ed como en grabados hist\u00f3ricos y xilograf\u00edas. Este componente visual enriquece la experiencia musical y ayuda a los m\u00fasicos a establecer una conexi\u00f3n con la representaci\u00f3n y ejecuci\u00f3n hist\u00f3ricas de las danzas. <\/p>\n<h3>Ampl\u00eda tu repertorio con melod\u00edas de danzas hist\u00f3ricas<\/h3>\n<p>Hazte con \u00abEin gutter nerrisch Tantz &#8211; Band 1\u00bb y enriquece tu repertorio musical con una amplia selecci\u00f3n de melod\u00edas de danzas hist\u00f3ricas. Este libro de m\u00fasica no es s\u00f3lo una fuente de piezas musicales tradicionales, sino tambi\u00e9n una gu\u00eda para la interpretaci\u00f3n aut\u00e9ntica de la m\u00fasica hist\u00f3rica. Tanto si act\u00faas en festivales de m\u00fasica como si simplemente quieres ampliar tus habilidades y conocimientos de la m\u00fasica hist\u00f3rica, este volumen es una herramienta esencial para cualquier m\u00fasico tradicional.  <\/p>\n","protected":false},"excerpt":{"rendered":"<p>Una selecci\u00f3n bien organizada de 122 danzas<\/p>\n","protected":false},"featured_media":5834,"comment_status":"closed","ping_status":"closed","template":"","meta":[],"product_brand":[],"product_cat":[1027],"product_tag":[1094,1092,1086,1083,1095,1093,1098,1084,1099],"class_list":{"0":"post-5833","1":"product","2":"type-product","3":"status-publish","4":"has-post-thumbnail","6":"product_cat-partituras","7":"product_tag-bourree-es","8":"product_tag-musica-antigua","9":"product_tag-musica-drone","10":"product_tag-partituras-de-huemmelchen-y-dudey","11":"product_tag-partituras-de-musica-de-la-edad-media","12":"product_tag-partituras-para-acordeon-diatonico","13":"product_tag-partituras-para-bal-folk","14":"product_tag-partituras-para-gaita","15":"product_tag-partituras-para-zanfona","16":"pa_b035_a01_b037-martina-sirtl-es","18":"first","19":"instock","20":"taxable","21":"shipping-taxable","22":"purchasable","23":"product-type-simple"},"_links":{"self":[{"href":"https:\/\/spielleute.de\/es\/wp-json\/wp\/v2\/product\/5833","targetHints":{"allow":["GET"]}}],"collection":[{"href":"https:\/\/spielleute.de\/es\/wp-json\/wp\/v2\/product"}],"about":[{"href":"https:\/\/spielleute.de\/es\/wp-json\/wp\/v2\/types\/product"}],"replies":[{"embeddable":true,"href":"https:\/\/spielleute.de\/es\/wp-json\/wp\/v2\/comments?post=5833"}],"wp:featuredmedia":[{"embeddable":true,"href":"https:\/\/spielleute.de\/es\/wp-json\/wp\/v2\/media\/5834"}],"wp:attachment":[{"href":"https:\/\/spielleute.de\/es\/wp-json\/wp\/v2\/media?parent=5833"}],"wp:term":[{"taxonomy":"product_brand","embeddable":true,"href":"https:\/\/spielleute.de\/es\/wp-json\/wp\/v2\/product_brand?post=5833"},{"taxonomy":"product_cat","embeddable":true,"href":"https:\/\/spielleute.de\/es\/wp-json\/wp\/v2\/product_cat?post=5833"},{"taxonomy":"product_tag","embeddable":true,"href":"https:\/\/spielleute.de\/es\/wp-json\/wp\/v2\/product_tag?post=5833"}],"curies":[{"name":"wp","href":"https:\/\/api.w.org\/{rel}","templated":true}]}}