{"id":5830,"date":"1988-07-01T17:33:26","date_gmt":"1988-07-01T15:33:26","guid":{"rendered":"https:\/\/spielleute.de\/un-buen-nerrisch-tantz-volumen-2\/"},"modified":"1988-07-01T17:33:26","modified_gmt":"1988-07-01T15:33:26","slug":"un-buen-nerrisch-tantz-volumen-2","status":"publish","type":"product","link":"https:\/\/spielleute.de\/es\/un-buen-nerrisch-tantz-volumen-2\/","title":{"rendered":"Un buen nerrisch Tantz &#8211; Volumen 2"},"content":{"rendered":"<p>\u00abEin gutter nerrisch Tantz &#8211; Band 2\u00bb contin\u00faa la tradici\u00f3n de \u00abSchnurrpfeiffereyen\u00bb y enriquece el mundo de la m\u00fasica con una variada colecci\u00f3n de melod\u00edas de danzas de distintas \u00e9pocas. Este volumen re\u00fane 133 danzas cuidadosamente seleccionadas, que abarcan desde el siglo XIII hasta el XX, y ofrece una rica paleta de melod\u00edas hist\u00f3ricas que pueden interpretarse con diversos instrumentos. <\/p>\n<h3>Regionalidad y diversidad en la m\u00fasica<\/h3>\n<p>Las melod\u00edas de este volumen se recopilaron en reuniones de m\u00fasicos en Alemania y pa\u00edses vecinos. Abarcan una amplia gama de diferentes estilos de danza, desde formas bien conocidas como la branle, la contredance y la gavotte hasta danzas m\u00e1s especializadas que no pueden clasificarse en los grandes grupos, como el schottisch o la polka. <\/p>\n<h3>Una ventana a la historia de la m\u00fasica<\/h3>\n<p>Una parte de \u00abEin gutter nerrisch Tantz &#8211; Band 2\u00bb presenta danzas especialmente bellas procedentes de colecciones de los siglos XVIII y XIX de Holanda, B\u00e9lgica e Irlanda, mientras que otra parte de las danzas tiene su origen en el Renacimiento. Estas piezas hist\u00f3ricas ofrecen una fascinante visi\u00f3n de la cultura de la danza cortesana y popular del pasado.   <\/p>\n<h3>M\u00fasica que conecta<\/h3>\n<p>La selecci\u00f3n de danzas de \u00abEin gutter nerrisch Tantz &#8211; Band 2\u00bb tiene especialmente en cuenta melod\u00edas dif\u00edciles o imposibles de encontrar en Alemania. La colecci\u00f3n sirve como herramienta pr\u00e1ctica para los m\u00fasicos interesados en la m\u00fasica folcl\u00f3rica hist\u00f3rica y que deseen interpretar el car\u00e1cter original de esta m\u00fasica con r\u00e9plicas de instrumentos hist\u00f3ricos. <\/p>\n<h3>Hacer m\u00fasica juntos<\/h3>\n<p>La notaci\u00f3n de la mayor\u00eda de las danzas en \u00abdo\u00bb y la opci\u00f3n de tocar algunas de ellas en dos partes facilitan la creaci\u00f3n musical conjunta y fomentan la interpretaci\u00f3n en conjunto. Las ilustraciones de este volumen, basadas en grabados hist\u00f3ricos y fotograf\u00edas de m\u00fasicos y constructores de instrumentos, complementan la experiencia musical. <\/p>\n<h3>Tu oportunidad de dar vida a la historia<\/h3>\n<p>Cada danza de esta colecci\u00f3n ha sido cuidadosamente seleccionada para que puedas interpretar la m\u00fasica hist\u00f3rica con autenticidad. \u00abEin gutter nerrisch Tantz &#8211; Band 2\u00bb no es s\u00f3lo un enriquecimiento para tu colecci\u00f3n de partituras, sino tambi\u00e9n una herramienta indispensable para todos aquellos que est\u00e9n interesados en los estilos musicales hist\u00f3ricos y quieran experimentarlos en su originalidad. Este volumen es el complemento perfecto para los m\u00fasicos que deseen ampliar sus conocimientos y participar en diversos acontecimientos musicales.  <\/p>\n<h3>Prep\u00e1rate para jugar a la historia<\/h3>\n<p>Con \u00abEin gutter nerrisch Tantz &#8211; Band 2\u00bb tienes la oportunidad de profundizar en el mundo de la m\u00fasica hist\u00f3rica y ampliar tus habilidades de interpretaci\u00f3n y ejecuci\u00f3n. Este volumen es un tesoro de danzas raras y hermosas que no deber\u00eda faltar en ninguna colecci\u00f3n de m\u00fasica. D\u00e9jate inspirar por la variedad y profundidad hist\u00f3rica de esta colecci\u00f3n y enriquece tu repertorio musical. \u00a1Consigue tu copia ahora y experimenta c\u00f3mo puedes dar vida a la historia a trav\u00e9s de la m\u00fasica!   <\/p>\n","protected":false},"excerpt":{"rendered":"<p>Una selecci\u00f3n bien organizada de 133 danzas<\/p>\n","protected":false},"featured_media":5831,"comment_status":"closed","ping_status":"closed","template":"","meta":[],"product_brand":[],"product_cat":[1027],"product_tag":[1086,1083,1093],"class_list":{"0":"post-5830","1":"product","2":"type-product","3":"status-publish","4":"has-post-thumbnail","6":"product_cat-partituras","7":"product_tag-musica-drone","8":"product_tag-partituras-de-huemmelchen-y-dudey","9":"product_tag-partituras-para-acordeon-diatonico","10":"pa_b035_a01_b037-martina-sirtl-es","12":"first","13":"instock","14":"taxable","15":"shipping-taxable","16":"purchasable","17":"product-type-simple"},"_links":{"self":[{"href":"https:\/\/spielleute.de\/es\/wp-json\/wp\/v2\/product\/5830","targetHints":{"allow":["GET"]}}],"collection":[{"href":"https:\/\/spielleute.de\/es\/wp-json\/wp\/v2\/product"}],"about":[{"href":"https:\/\/spielleute.de\/es\/wp-json\/wp\/v2\/types\/product"}],"replies":[{"embeddable":true,"href":"https:\/\/spielleute.de\/es\/wp-json\/wp\/v2\/comments?post=5830"}],"wp:featuredmedia":[{"embeddable":true,"href":"https:\/\/spielleute.de\/es\/wp-json\/wp\/v2\/media\/5831"}],"wp:attachment":[{"href":"https:\/\/spielleute.de\/es\/wp-json\/wp\/v2\/media?parent=5830"}],"wp:term":[{"taxonomy":"product_brand","embeddable":true,"href":"https:\/\/spielleute.de\/es\/wp-json\/wp\/v2\/product_brand?post=5830"},{"taxonomy":"product_cat","embeddable":true,"href":"https:\/\/spielleute.de\/es\/wp-json\/wp\/v2\/product_cat?post=5830"},{"taxonomy":"product_tag","embeddable":true,"href":"https:\/\/spielleute.de\/es\/wp-json\/wp\/v2\/product_tag?post=5830"}],"curies":[{"name":"wp","href":"https:\/\/api.w.org\/{rel}","templated":true}]}}