{"id":5827,"date":"1990-10-02T17:31:51","date_gmt":"1990-10-02T16:31:51","guid":{"rendered":"https:\/\/spielleute.de\/un-buen-nerrisch-tantz-volumen-3\/"},"modified":"1990-10-02T17:31:51","modified_gmt":"1990-10-02T16:31:51","slug":"un-buen-nerrisch-tantz-volumen-3","status":"publish","type":"product","link":"https:\/\/spielleute.de\/es\/un-buen-nerrisch-tantz-volumen-3\/","title":{"rendered":"Un buen nerrisch Tantz &#8211; Volumen 3"},"content":{"rendered":"<p>Esta colecci\u00f3n de tres vol\u00famenes es la continuaci\u00f3n de la difundida serie de libros de m\u00fasica \u00abSchnurrpfeiffereyen\u00bb. Inspir\u00e1ndose en conciertos y encuentros en festivales nacionales e internacionales, Martina Sirtl ha recopilado un gran n\u00famero de melod\u00edas (de danza) bellas y f\u00e1ciles de tocar que datan de los siglos XIII al XX. Todas las melod\u00edas de \u00abEin gutter nerrisch Tantz &#8211; Band 3\u00bb se pueden tocar con instrumentos de bord\u00f3n como la gaita, la zanfona y muchos otros instrumentos, y ofrecen a los m\u00fasicos una rica ampliaci\u00f3n de su repertorio.  <\/p>\n<h3>Una danza redonda hist\u00f3rica<\/h3>\n<p>\u00abEin gutter nerrisch Tantz &#8211; Band 3\u00bb re\u00fane un total de 73 danzas a dos o cuatro voces de los siglos XIII al XVIII procedentes de Italia, Francia, Alemania, Inglaterra y Holanda. Est\u00e1n organizadas en grupos seg\u00fan el origen de los compositores. S\u00f3lo se incluyen movimientos originales, que se han adaptado a nuestra notaci\u00f3n moderna. Se ha dado preferencia a los compositores que compusieron sus danzas para instrumentos especiales, como zanfona, gaita, cromorno, pommer, chirim\u00eda, c\u00edtara, etc.   <\/p>\n<h3>Diversidad musical en cada nota<\/h3>\n<p>Casi la mitad de las danzas de \u00abEin gutter nerrisch Tantz &#8211; Band 3\u00bb est\u00e1n escritas en do, y aproximadamente una cuarta parte en fa y sol. Italia: Francesco Corteccia, Salomone Rossi, Giovanni Giacomo Gastoldi. Francia: Etienne Dutertre, Claude Gervaise, Jean-Baptiste Loeillet. Alemania: Michael Praetorius, Johann Christoph Pez. Inglaterra: William Brade, Thomas Morley. Pa\u00edses Bajos: Tielman Susato, Jakob Arcadelt, Joannes de Gruijtters.     <\/p>\n<h3>Para los amantes de los sonidos hist\u00f3ricos<\/h3>\n<p>S\u00f3lo se anotan los movimientos originales adaptados a nuestra notaci\u00f3n moderna. Los movimientos a cuatro voces de Michael Praetorius, por ejemplo, son especialmente adecuados en tonalidad y gama para instrumentos de doble leng\u00fceta, como cr\u00f3talos y pomerania. En \u00abEin gutter nerrisch Tantz &#8211; Band 3\u00bb, las composiciones de los maestros franceses del siglo XVIII hacen hincapi\u00e9 en los instrumentos tan populares en Francia durante el periodo rococ\u00f3, como la musette y la vielle (gaita y zanfona).  <\/p>\n<h3>Una obra de arte visual y ac\u00fastica<\/h3>\n<p>Gr\u00e1ficos collage basados en representaciones hist\u00f3ricas y contempor\u00e1neas de la vida de los m\u00fasicos ilustran esta colecci\u00f3n. Experimenta un enriquecimiento visual que va de la mano de los tesoros ac\u00fasticos de esta colecci\u00f3n. <\/p>\n<h3>Por qu\u00e9 deber\u00edas conseguir el volumen 3<\/h3>\n<p>\u00abEin gutter nerrisch Tantz &#8211; Band 3\u00bb es algo m\u00e1s que una colecci\u00f3n de partituras. Es una invitaci\u00f3n a explorar con mayor profundidad el mundo multicapa de la m\u00fasica hist\u00f3rica. Esta edici\u00f3n no s\u00f3lo ofrece un viaje musical a trav\u00e9s de los siglos, sino tambi\u00e9n una cuidada preparaci\u00f3n y presentaci\u00f3n de las piezas, que est\u00e1n especialmente arregladas para instrumentos hist\u00f3ricos como la zanfona y la gaita. Complementada con ingeniosas ilustraciones, cada pieza musical cobra vida y enriquece tu comprensi\u00f3n musical y tu repertorio. Consigue tu ejemplar ahora y experimenta las melod\u00edas hist\u00f3ricas que fascinan e inspiran a m\u00fasicos y mel\u00f3manos por igual.    <\/p>\n","protected":false},"excerpt":{"rendered":"<p>73 danzas polif\u00f3nicas de los siglos XIII al XVIII<\/p>\n","protected":false},"featured_media":5828,"comment_status":"closed","ping_status":"closed","template":"","meta":[],"product_brand":[],"product_cat":[1027],"product_tag":[1086,1038,1083,1093,1084,1099],"class_list":{"0":"post-5827","1":"product","2":"type-product","3":"status-publish","4":"has-post-thumbnail","6":"product_cat-partituras","7":"product_tag-musica-drone","8":"product_tag-musica-tradicional","9":"product_tag-partituras-de-huemmelchen-y-dudey","10":"product_tag-partituras-para-acordeon-diatonico","11":"product_tag-partituras-para-gaita","12":"product_tag-partituras-para-zanfona","13":"pa_b035_a01_b037-martina-sirtl-es","15":"first","16":"instock","17":"taxable","18":"shipping-taxable","19":"purchasable","20":"product-type-simple"},"_links":{"self":[{"href":"https:\/\/spielleute.de\/es\/wp-json\/wp\/v2\/product\/5827","targetHints":{"allow":["GET"]}}],"collection":[{"href":"https:\/\/spielleute.de\/es\/wp-json\/wp\/v2\/product"}],"about":[{"href":"https:\/\/spielleute.de\/es\/wp-json\/wp\/v2\/types\/product"}],"replies":[{"embeddable":true,"href":"https:\/\/spielleute.de\/es\/wp-json\/wp\/v2\/comments?post=5827"}],"wp:featuredmedia":[{"embeddable":true,"href":"https:\/\/spielleute.de\/es\/wp-json\/wp\/v2\/media\/5828"}],"wp:attachment":[{"href":"https:\/\/spielleute.de\/es\/wp-json\/wp\/v2\/media?parent=5827"}],"wp:term":[{"taxonomy":"product_brand","embeddable":true,"href":"https:\/\/spielleute.de\/es\/wp-json\/wp\/v2\/product_brand?post=5827"},{"taxonomy":"product_cat","embeddable":true,"href":"https:\/\/spielleute.de\/es\/wp-json\/wp\/v2\/product_cat?post=5827"},{"taxonomy":"product_tag","embeddable":true,"href":"https:\/\/spielleute.de\/es\/wp-json\/wp\/v2\/product_tag?post=5827"}],"curies":[{"name":"wp","href":"https:\/\/api.w.org\/{rel}","templated":true}]}}